{"id":9097,"date":"2021-08-09T12:08:02","date_gmt":"2021-08-09T10:08:02","guid":{"rendered":"https:\/\/www.fond-mobile-aqualift.com\/gestion-des-cookies\/"},"modified":"2025-05-09T10:24:54","modified_gmt":"2025-05-09T08:24:54","slug":"gestione-dei-cookie","status":"publish","type":"page","link":"https:\/\/www.fond-mobile-aqualift.com\/it\/gestione-dei-cookie\/","title":{"rendered":"Informativa sull&#8217;uso dei cookie"},"content":{"rendered":"<div class=\"wpb-content-wrapper\"><p>[vc_row][vc_column][vc_column_text]Benvenuti sul sito di Aqualift.<br \/>\nLa nostra informativa sull&#8217;uso dei cookie \u00e8 concepita per comunicare all&#8217;Utente il modo con cui utilizziamo i dati di navigazione, o qualsiasi altra informazione correlata all&#8217;accesso e all&#8217;utilizzo dei siti e altri media (banner pubblicitari, email\u2026) partner, direttamente o tramite contenuti pubblicitari presenti su altri siti.<br \/>\nL&#8217;Utente vi trover\u00e0 anche informazioni sui diritti di cui dispone e sul modo di esercitarli.<br \/>\nQueste informazioni sono comunicate conformemente alla regolamentazione in vigore, in particolare la direttiva europea relativa al trattamento dei dati a carattere personale e la protezione della privacy nel settore delle comunicazioni elettroniche (<a href=\"https:\/\/eur-lex.europa.eu\/legal-content\/FR\/ALL\/?uri=celex:32002L0058\">2002\/58\/CE<\/a>), che prevede che la memorizzazione, l&#8217;ottenimento e l&#8217;accesso a informazioni sul terminale dell&#8217;Utente siano permesse a condizione che esso abbia ricevuto un&#8217;informazione sulle finalit\u00e0 del trattamento di queste informazioni conformemente al regolamento generale sulla protezione dei dati (UE) 2016\/679 (<a href=\"https:\/\/www.ovh.com\/fr\/protection-donnees-personnelles\/gdpr.xml\">&#8220;l&#8217;RGPD&#8221;<\/a>), e, fatti salvi i cookie essenziali, che vi abbia acconsentito.<\/p>\n<p>&nbsp;<\/p>\n<ol>\n<li><strong> I vari cookie<\/strong><\/li>\n<\/ol>\n<p>Ai sensi della presente informativa, i termini &#8220;cookie e altri dispositivi di tracciamento&#8221; o &#8220;cookie&#8221; significano l&#8217;insieme dei dispositivi di tracciamento installati o letti in occasione della consultazione del presente sito internet. Questo comprende i cookie http, i cookie &#8220;flash&#8221;, i web tag chiamati anche &#8220;pixel invisibili&#8221; e &#8220;web bug&#8221;, gli script oppure il risultato del calcolo dell&#8217;impronta nel caso del &#8220;fingerprinting&#8221;. La presente informativa si applica indipendentemente dal fatto che i &#8220;cookie&#8221; raccolgano o meno dati di carattere personale.<\/p>\n<p><strong>Cos&#8217;\u00e8 un cookie?<\/strong><\/p>\n<p>Un cookie \u00e8 una sequenza di informazioni di piccole dimensioni, che possono essere trasmesse da alcuni siti tramite il browser dell&#8217;Utente. Questi cookie sono conservati sul terminale dell&#8217;Utente (computer, smartphone, tablet\u2026) quando consulta alcuni siti web. I cookie permettono in particolare di memorizzare e recuperare informazioni relative alle abitudini di navigazione dell&#8217;Utente di un sito o della sua apparecchiatura poi, in funzione di queste informazioni, di riconoscerlo.<\/p>\n<p>I dati ottenuti tramite questi cookie possono riguardare in particolare il numero di pagine visitate, la lingua scelta, la citt\u00e0 in cui si trova l&#8217;indirizzo IP di connessione al sito web, la frequenza e la ricorrenza delle visite, la durata della visita, il browser, l\u2019operatore o il tipo di terminale a partire dal quale \u00e8 effettuata la visita.<\/p>\n<p><strong>Cos&#8217;\u00e8 un web tag?<\/strong><\/p>\n<p>Chiamato anche &#8220;pixel tag&#8221;, &#8220;pixel invisibile&#8221;, &#8220;clear GIF&#8221;, &#8220;web bug&#8221; o anche &#8220;web beacon&#8221;, il web tag \u00e8 una parte di codice autonomo o un&#8217;immagine presente su alcune pagine ai fini del controllo e del monitoraggio del traffico.<\/p>\n<p><strong>Cos&#8217;\u00e8 il calcolo dell&#8217;impronta?<\/strong><\/p>\n<p>Il calcolo dell&#8217;impronta o &#8220;fingerprinting&#8221; permette la creazione di un identificativo unico della macchina che consulta una pagina web, basato su elementi della sua configurazione per scopi di monitoraggio.<\/p>\n<p>&nbsp;<\/p>\n<ol start=\"2\">\n<li><strong>I cookie <\/strong><\/li>\n<\/ol>\n<p>In generale, esistono diverse ragioni per utilizzare i cookie.<\/p>\n<p>(A) Alcuni cookie sono necessari al corretto funzionamento dei siti e permettono all&#8217;Utente di accedervi e di connettersi utilizzando funzionalit\u00e0 essenziali. I &#8220;cookie essenziali&#8221; sono finalizzati esclusivamente a permettere e facilitare la comunicazione per via elettronica.<br \/>\nIndispensabili al funzionamento del servizio di comunicazione on-line che l&#8217;Utente chiede, saranno utilizzati per permettergli di connettersi alla sua sessione utente, visualizzare la pagina richiesta in un formato appropriato al suo schermo oppure per permettere al sito di funzionare in modo ottimale e facilitare la navigazione in modo da:<\/p>\n<ul>\n<li>garantire la qualit\u00e0 e la sicurezza della navigazione sul sito in particolare in occasione del processo di ordine di un prodotto o servizio o misurare il tempo di caricamento dei vari elementi della pagina;<\/li>\n<li>conservare le informazioni inserite negli appositi campi quando l&#8217;Utente cambia pagina;<\/li>\n<li>permettere all&#8217;Utente di restare sullo stesso server host per tutta la durata della sua sessione;<\/li>\n<li>reindirizzare l&#8217;Utente verso il sito della lingua o della filiale corrispondente al paese dal quale sembra connettersi;<\/li>\n<li>gestire i picchi di carico;<\/li>\n<li>tenere conto dell&#8217;accettazione o del rifiuto dell&#8217;Utente riguardo l&#8217;analisi dei dati raccolti sul sito.<\/li>\n<\/ul>\n<p>Conformemente alla regolamentazione precitata, sono utilizzati senza richiedere il consenso dell&#8217;Utente. L&#8217;Utente pu\u00f2 tuttavia bloccarli e\/o eliminarli utilizzando i parametri del proprio browser. Di conseguenza, la sua esperienza utente nonch\u00e9 la sicurezza della sua navigazione possono essere peggiorati. Inoltre alcune pagine e funzionalit\u00e0 possono essere inaccessibili (gestione, carrello, ecc.).<\/p>\n<p>(B) Altri cookie sono necessari per migliorare l&#8217;esperienza di navigazione. I &#8220;cookie di miglioramento&#8221; permettono di:<\/p>\n<ul>\n<li>raccogliere e analizzare informazioni sul comportamento dei visitatori dei nostri siti, per migliorarne il funzionamento (in particolare miglioramento delle prestazioni o della visibilit\u00e0 delle pagine per esempio);<\/li>\n<li>fornire servizi a valore aggiunto destinati a migliorare l&#8217;esperienza utente, quali soluzioni di assistente virtuale (la &#8220;chatbot&#8221;), chat in diretta (la &#8220;livechat&#8221;) o pulsante di chiamata (il &#8220;click-to-call&#8221;);<\/li>\n<li>tutelare i nostri siti rilevando attivit\u00e0 anomale per esempio.<\/li>\n<\/ul>\n<p>Conformemente alla regolamentazione, sono utilizzati con il consenso dell&#8217;Utente.<br \/>\nQuesti cookie non sono indispensabili al funzionamento del sito. Tuttavia, il rifiuto di questi cookie rischia di rendere difficile o difettoso l&#8217;utilizzo dei servizi a valore aggiunto che permettono di migliorare l&#8217;esperienza utente.<\/p>\n<p>(C) Altri cookie sono utilizzati per permettere all&#8217;Utente di ottenere offerte in collegamento con i suoi centri di interesse. I &#8220;cookie pubblicitari e di personalizzazione&#8221; hanno la finalit\u00e0 di proporre all&#8217;Utente contenuti e offerte adatti ai suoi centri di interesse e migliorare la pertinenza dei nostri annunci sui siti dei nostri partner. Disattivando questi cookie, i contenuti e le offerte che proporremo all&#8217;Utente non saranno pi\u00f9 personalizzati in base alle sue preferenze e potranno quindi rivelarsi meno pertinenti. Conformemente alla regolamentazione, anch&#8217;essi sono utilizzati con il consenso dell&#8217;Utente.<\/p>\n<p>Questi cookie non sono indispensabili al funzionamento del sito, ma sono necessari alla fornitura di offerte in relazione ai suoi centri di interesse. Sono utilizzati in particolare per permettergli di ottenere contenuti pi\u00f9 adatti:<\/p>\n<ul>\n<li>ottenendo dati di frequentazione relativi all&#8217;utilizzo del sito visitato;<\/li>\n<li>permettendo il monitoraggio di un clic effettuato fino alle pagine del sito interessato;<\/li>\n<li>migliorando la pertinenza delle campagne digitali;<\/li>\n<li>identificando i visitatori del sito provenienti da una campagna pubblicitaria presente su un sito di terzi.<\/li>\n<\/ul>\n<p>(D) Altri cookie infine permettono di condividere contenuto sui social network e altri siti di terzi (i &#8220;cookie di terzi&#8221;). Questi cookie permettono di accedere e utilizzare dal nostro sito Internet strumenti software e piattaforme (quali social network, soluzioni di streaming video\u2026) proposti da terzi e cos\u00ec migliorare la facilit\u00e0 d&#8217;uso del sito e aiutare la sua promozione tramite le condivisioni di contenuti verso piattaforme di terzi.<\/p>\n<p>In questo caso, i dati relativi ai visitatori del sito, alla loro navigazione o alle loro azioni in relazione al contenuto con cui interagiscono sono accessibili da queste piattaforme di terzi. Questi siti inseriscono vari moduli social e pixel che permettono di accedere ai contenuti delle varie piattaforme che li forniscono. In questo caso, le piattaforme che forniscono questi vari moduli sono considerate responsabili del trattamento ai sensi dell&#8217;RGPD quando determinano le finalit\u00e0 e i mezzi di trattamento conformemente alla loro informativa sulla privacy. Alcune funzionalit\u00e0 del sito si basano su servizi proposti da questi terzi e installano dei cookie. I siti che forniscono questi cookie di terzi, pulsanti applicativi o estensioni possono identificare l&#8217;Utente grazie a questo pulsante anche quando questo non \u00e8 utilizzato durante la consultazione del nostro sito. Conformemente alla regolamentazione, anch&#8217;essi sono utilizzati con il consenso dell&#8217;Utente.<\/p>\n<p>Invitiamo quindi l&#8217;Utente a consultare le informative sulla privacy di questi terzi:<\/p>\n<ul>\n<li><a href=\"https:\/\/www.facebook.com\/policies\/cookies\/\">Facebook<\/a><\/li>\n<li><a href=\"https:\/\/www.linkedin.com\/legal\/cookie-policy\">LinkedIn<\/a><\/li>\n<li><a href=\"https:\/\/help.twitter.com\/fr\/rules-and-policies\/twitter-cookies\">Twitter<\/a><\/li>\n<li><a href=\"https:\/\/www.google.fr\/intl\/fr\/policies\/privacy\/\">YouTube<\/a><\/li>\n<li><u>Google anlytics\u00a0: <\/u><a href=\"https:\/\/support.google.com\/analytics\/answer\/6004245?hl=fr\">https:\/\/support.google.com\/analytics\/answer\/6004245?hl=fr<\/a><\/li>\n<li><u>Google ads\u00a0:<\/u><\/li>\n<li><u>https:\/\/privacy.google.com\/intl\/fr_fr\/businesses\/compliance\/#!?modal_active=none<\/u><\/li>\n<\/ul>\n<p>&nbsp;<\/p>\n<ol start=\"3\">\n<li style=\"list-style-type: none;\">\n<ol start=\"3\">\n<li><strong> Come gestire questi cookie?<\/strong><\/li>\n<\/ol>\n<\/li>\n<\/ol>\n<p>Conformemente al regolamento (UE) 2016\/679 relativo alla protezione delle persone fisiche con riguardo al trattamento dei dati personali e alla libera circolazione di questi dati (&#8220;l&#8217;RGPD&#8221;), il consenso dell&#8217;Utente per quanto riguarda il trattamento dei suoi dati pu\u00f2 essere espresso con l&#8217;utilizzo di appropriate impostazioni di un browser o di un&#8217;altra applicazione.<\/p>\n<ul>\n<li>Piattaforma di impostazione dei cookie<\/li>\n<\/ul>\n<p>Cliccare sulle varie intestazioni delle categorie di questo centro di preferenze per avere maggiori informazioni e modificare le nostre impostazioni predefinite. Tuttavia, il blocco di alcuni tipi di cookie pu\u00f2 avere un&#8217;incidenza sull&#8217;esperienza che l&#8217;Utente pu\u00f2 fare sul sito e sui servizi che possiamo offrirgli. Il suo consenso sar\u00e0 memorizzato per 13 mesi e potr\u00e0 accedervi su semplice richiesta rivolta all&#8217;RPD di Aqualift:<\/p>\n<p>Via posta: AQUALIFT, ZA de Mitry-Compans 13 rue Ernest Mercier 77290 COMPANS<\/p>\n<ul>\n<li>Impostazioni del browser<\/li>\n<\/ul>\n<p>I browser propongono numerose impostazioni che permettono agli Utenti di esprimere scelte in materia di cookie. Indipendentemente dalla loro finalit\u00e0, l&#8217;Utente pu\u00f2 autorizzare, bloccare o eliminare i cookie installati sul suo terminale impostando le opzioni del proprio browser. Per i browser pi\u00f9 comuni, si possono trovare indicazioni ai seguenti link:<\/p>\n<ul>\n<li style=\"list-style-type: none;\">\n<ul>\n<li><a href=\"https:\/\/support.microsoft.com\/fr-fr\/help\/17442\/windows-internet-explorer-delete-manage-cookies\">Internet Explorer<\/a><\/li>\n<li><a href=\"https:\/\/support.apple.com\/fr-fr\/guide\/safari\/sfri11471\/mac\">Safari<\/a><\/li>\n<li><a href=\"https:\/\/support.google.com\/chrome\/answer\/95647?co=GENIE.Platform%3DDesktop&amp;hl=fr\">Chrome<\/a><\/li>\n<li><a href=\"https:\/\/support.mozilla.org\/fr\/kb\/autoriser-bloquer-cookies-preferences-sites?redirectlocale=fr&amp;redirectslug=activer-desactiver-cookies\">Firefox<\/a><\/li>\n<li><u>Edge\u00a0: <\/u><a href=\"https:\/\/support.microsoft.com\/fr-fr\/microsoft-edge\/supprimer-les-cookies-dans-microsoft-edge-63947406-40ac-c3b8-57b9-2a946a29ae09\">Supprimer les cookies dans Microsoft\u00a0Edge<\/a><\/li>\n<li>Opera\u00a0:<a href=\"https:\/\/help.opera.com\/Windows\/10.20\/fr\/cookies.html\">https:\/\/help.opera.com\/Windows\/10.20\/fr\/cookies.html<\/a><\/li>\n<\/ul>\n<\/li>\n<\/ul>\n<p>&nbsp;<\/p>\n<ol start=\"4\">\n<li><strong> Esercitare i propri diritti<\/strong><\/li>\n<\/ol>\n<p>Conformemente alla legislazione relativa alla protezione dei dati personali, l&#8217;Utente gode di un diritto di accesso, rettifica, opposizione, limitazione e cancellazione dei dati personali che lo riguardano. Pu\u00f2 esercitare questo diritto in qualsiasi momento contattando il Responsabile della protezione dai dati (RPD) con lettera firmata accompagnata dalla copia di un documento d&#8217;identit\u00e0 al seguente indirizzo:<br \/>\nVia posta: AQUALIFT, ZA de Mitry-Compans 13 rue Ernest Mercier 77290 COMPANS[\/vc_column_text][\/vc_column][\/vc_row]<\/p>\n<\/div>","protected":false},"excerpt":{"rendered":"<p>[vc_row][vc_column][vc_column_text]Benvenuti sul sito di Aqualift. La nostra informativa sull&#8217;uso dei cookie \u00e8 concepita per comunicare all&#8217;Utente il modo con cui utilizziamo i dati di navigazione, o qualsiasi altra informazione correlata all&#8217;accesso e all&#8217;utilizzo dei siti e altri media (banner pubblicitari, email\u2026) partner, direttamente o tramite contenuti pubblicitari presenti su altri siti. L&#8217;Utente vi trover\u00e0 anche&hellip;<\/p>\n","protected":false},"author":1,"featured_media":0,"parent":0,"menu_order":0,"comment_status":"closed","ping_status":"closed","template":"","meta":{"footnotes":""},"class_list":["post-9097","page","type-page","status-publish","hentry","description-off"],"yoast_head":"<!-- This site is optimized with the Yoast SEO plugin v27.3 - https:\/\/yoast.com\/product\/yoast-seo-wordpress\/ -->\n<title>Informativa sull&#039;uso dei cookie<\/title>\n<meta name=\"description\" content=\"Scopri come il nostro sito utilizza i cookie per migliorare la tua esperienza di navigazione. Consulta l\u2019informativa per gestire le preferenze e saperne di pi\u00f9.\" \/>\n<meta name=\"robots\" content=\"index, follow, max-snippet:-1, max-image-preview:large, max-video-preview:-1\" \/>\n<link rel=\"canonical\" href=\"https:\/\/www.fond-mobile-aqualift.com\/it\/gestione-dei-cookie\/\" \/>\n<meta property=\"og:locale\" content=\"it_IT\" \/>\n<meta property=\"og:type\" content=\"article\" \/>\n<meta property=\"og:title\" content=\"Informativa sull&#039;uso dei cookie\" \/>\n<meta property=\"og:description\" content=\"Scopri come il nostro sito utilizza i cookie per migliorare la tua esperienza di navigazione. Consulta l\u2019informativa per gestire le preferenze e saperne di pi\u00f9.\" \/>\n<meta property=\"og:url\" content=\"https:\/\/www.fond-mobile-aqualift.com\/it\/gestione-dei-cookie\/\" \/>\n<meta property=\"og:site_name\" content=\"Aqualift Industrie\" \/>\n<meta property=\"article:modified_time\" content=\"2025-05-09T08:24:54+00:00\" \/>\n<meta name=\"twitter:card\" content=\"summary_large_image\" \/>\n<meta name=\"twitter:label1\" content=\"Tempo di lettura stimato\" \/>\n\t<meta name=\"twitter:data1\" content=\"8 minuti\" \/>\n<script type=\"application\/ld+json\" class=\"yoast-schema-graph\">{\"@context\":\"https:\\\/\\\/schema.org\",\"@graph\":[{\"@type\":\"WebPage\",\"@id\":\"https:\\\/\\\/www.fond-mobile-aqualift.com\\\/it\\\/gestione-dei-cookie\\\/\",\"url\":\"https:\\\/\\\/www.fond-mobile-aqualift.com\\\/it\\\/gestione-dei-cookie\\\/\",\"name\":\"Informativa sull'uso dei cookie\",\"isPartOf\":{\"@id\":\"https:\\\/\\\/www.fond-mobile-aqualift.com\\\/it\\\/#website\"},\"datePublished\":\"2021-08-09T10:08:02+00:00\",\"dateModified\":\"2025-05-09T08:24:54+00:00\",\"description\":\"Scopri come il nostro sito utilizza i cookie per migliorare la tua esperienza di navigazione. Consulta l\u2019informativa per gestire le preferenze e saperne di pi\u00f9.\",\"breadcrumb\":{\"@id\":\"https:\\\/\\\/www.fond-mobile-aqualift.com\\\/it\\\/gestione-dei-cookie\\\/#breadcrumb\"},\"inLanguage\":\"it-IT\",\"potentialAction\":[{\"@type\":\"ReadAction\",\"target\":[\"https:\\\/\\\/www.fond-mobile-aqualift.com\\\/it\\\/gestione-dei-cookie\\\/\"]}]},{\"@type\":\"BreadcrumbList\",\"@id\":\"https:\\\/\\\/www.fond-mobile-aqualift.com\\\/it\\\/gestione-dei-cookie\\\/#breadcrumb\",\"itemListElement\":[{\"@type\":\"ListItem\",\"position\":1,\"name\":\"Accueil\",\"item\":\"https:\\\/\\\/www.fond-mobile-aqualift.com\\\/it\\\/\"},{\"@type\":\"ListItem\",\"position\":2,\"name\":\"Informativa sull&rsquo;uso dei cookie\"}]},{\"@type\":\"WebSite\",\"@id\":\"https:\\\/\\\/www.fond-mobile-aqualift.com\\\/it\\\/#website\",\"url\":\"https:\\\/\\\/www.fond-mobile-aqualift.com\\\/it\\\/\",\"name\":\"Aqualift Industrie\",\"description\":\"Leader mondiale nelle fondi mobili per piscine\",\"potentialAction\":[{\"@type\":\"SearchAction\",\"target\":{\"@type\":\"EntryPoint\",\"urlTemplate\":\"https:\\\/\\\/www.fond-mobile-aqualift.com\\\/it\\\/?s={search_term_string}\"},\"query-input\":{\"@type\":\"PropertyValueSpecification\",\"valueRequired\":true,\"valueName\":\"search_term_string\"}}],\"inLanguage\":\"it-IT\"}]}<\/script>\n<!-- \/ Yoast SEO plugin. -->","yoast_head_json":{"title":"Informativa sull'uso dei cookie","description":"Scopri come il nostro sito utilizza i cookie per migliorare la tua esperienza di navigazione. Consulta l\u2019informativa per gestire le preferenze e saperne di pi\u00f9.","robots":{"index":"index","follow":"follow","max-snippet":"max-snippet:-1","max-image-preview":"max-image-preview:large","max-video-preview":"max-video-preview:-1"},"canonical":"https:\/\/www.fond-mobile-aqualift.com\/it\/gestione-dei-cookie\/","og_locale":"it_IT","og_type":"article","og_title":"Informativa sull'uso dei cookie","og_description":"Scopri come il nostro sito utilizza i cookie per migliorare la tua esperienza di navigazione. Consulta l\u2019informativa per gestire le preferenze e saperne di pi\u00f9.","og_url":"https:\/\/www.fond-mobile-aqualift.com\/it\/gestione-dei-cookie\/","og_site_name":"Aqualift Industrie","article_modified_time":"2025-05-09T08:24:54+00:00","twitter_card":"summary_large_image","twitter_misc":{"Tempo di lettura stimato":"8 minuti"},"schema":{"@context":"https:\/\/schema.org","@graph":[{"@type":"WebPage","@id":"https:\/\/www.fond-mobile-aqualift.com\/it\/gestione-dei-cookie\/","url":"https:\/\/www.fond-mobile-aqualift.com\/it\/gestione-dei-cookie\/","name":"Informativa sull'uso dei cookie","isPartOf":{"@id":"https:\/\/www.fond-mobile-aqualift.com\/it\/#website"},"datePublished":"2021-08-09T10:08:02+00:00","dateModified":"2025-05-09T08:24:54+00:00","description":"Scopri come il nostro sito utilizza i cookie per migliorare la tua esperienza di navigazione. Consulta l\u2019informativa per gestire le preferenze e saperne di pi\u00f9.","breadcrumb":{"@id":"https:\/\/www.fond-mobile-aqualift.com\/it\/gestione-dei-cookie\/#breadcrumb"},"inLanguage":"it-IT","potentialAction":[{"@type":"ReadAction","target":["https:\/\/www.fond-mobile-aqualift.com\/it\/gestione-dei-cookie\/"]}]},{"@type":"BreadcrumbList","@id":"https:\/\/www.fond-mobile-aqualift.com\/it\/gestione-dei-cookie\/#breadcrumb","itemListElement":[{"@type":"ListItem","position":1,"name":"Accueil","item":"https:\/\/www.fond-mobile-aqualift.com\/it\/"},{"@type":"ListItem","position":2,"name":"Informativa sull&rsquo;uso dei cookie"}]},{"@type":"WebSite","@id":"https:\/\/www.fond-mobile-aqualift.com\/it\/#website","url":"https:\/\/www.fond-mobile-aqualift.com\/it\/","name":"Aqualift Industrie","description":"Leader mondiale nelle fondi mobili per piscine","potentialAction":[{"@type":"SearchAction","target":{"@type":"EntryPoint","urlTemplate":"https:\/\/www.fond-mobile-aqualift.com\/it\/?s={search_term_string}"},"query-input":{"@type":"PropertyValueSpecification","valueRequired":true,"valueName":"search_term_string"}}],"inLanguage":"it-IT"}]}},"_links":{"self":[{"href":"https:\/\/www.fond-mobile-aqualift.com\/it\/wp-json\/wp\/v2\/pages\/9097","targetHints":{"allow":["GET"]}}],"collection":[{"href":"https:\/\/www.fond-mobile-aqualift.com\/it\/wp-json\/wp\/v2\/pages"}],"about":[{"href":"https:\/\/www.fond-mobile-aqualift.com\/it\/wp-json\/wp\/v2\/types\/page"}],"author":[{"embeddable":true,"href":"https:\/\/www.fond-mobile-aqualift.com\/it\/wp-json\/wp\/v2\/users\/1"}],"replies":[{"embeddable":true,"href":"https:\/\/www.fond-mobile-aqualift.com\/it\/wp-json\/wp\/v2\/comments?post=9097"}],"version-history":[{"count":1,"href":"https:\/\/www.fond-mobile-aqualift.com\/it\/wp-json\/wp\/v2\/pages\/9097\/revisions"}],"predecessor-version":[{"id":21537,"href":"https:\/\/www.fond-mobile-aqualift.com\/it\/wp-json\/wp\/v2\/pages\/9097\/revisions\/21537"}],"wp:attachment":[{"href":"https:\/\/www.fond-mobile-aqualift.com\/it\/wp-json\/wp\/v2\/media?parent=9097"}],"curies":[{"name":"wp","href":"https:\/\/api.w.org\/{rel}","templated":true}]}}