{"id":9023,"date":"2020-03-09T14:03:20","date_gmt":"2020-03-09T13:03:20","guid":{"rendered":"https:\/\/www.fond-mobile-aqualift.com\/fonds-mobiles-pro\/fond-mobile-pro-scubalift\/"},"modified":"2022-03-17T12:02:07","modified_gmt":"2022-03-17T11:02:07","slug":"fondo-mobile-pro-scubalift","status":"publish","type":"page","link":"https:\/\/www.fond-mobile-aqualift.com\/it\/fondi-mobili-professionali\/fondo-mobile-pro-scubalift\/","title":{"rendered":"Fondo mobile per corsi di subacquea"},"content":{"rendered":"<div class=\"wpb-content-wrapper\"><p>[vc_row type=&#8221;vc_default&#8221;][vc_column]<div id=\"ultimate-heading-28969f40685c832a\" class=\"uvc-heading ult-adjust-bottom-margin ultimate-heading-28969f40685c832a uvc-2973  uvc-heading-default-font-sizes\" data-hspacer=\"no_spacer\"  data-halign=\"left\" style=\"text-align:left\"><div class=\"uvc-heading-spacer no_spacer\" style=\"top\"><\/div><div class=\"uvc-main-heading ult-responsive\"  data-ultimate-target='.uvc-heading.ultimate-heading-28969f40685c832a h2'  data-responsive-json-new='{\"font-size\":\"\",\"line-height\":\"\"}' ><h2 style=\"--font-weight:theme;margin-bottom:20px;\">Per imparare a fare immersioni in profondit\u00e0<\/h2><\/div><div class=\"uvc-sub-heading ult-responsive\"  data-ultimate-target='.uvc-heading.ultimate-heading-28969f40685c832a .uvc-sub-heading '  data-responsive-json-new='{\"font-size\":\"desktop:18px;\",\"line-height\":\"desktop:24px;\"}'  style=\"font-family:&#039;Roboto&#039;;font-weight:300;color:#00a4de;margin-bottom:35px;\">Durante i corsi di subacquea, le profondit\u00e0 a cui l&#8217;allievo nuota variano in funzione del suo livello di pratica.<\/div><\/div>[vc_column_text]\u00c8 a questa problematica che rispondono i fondi mobili di Aqualift. I fondi mobili per piscine della gamma Scubalift sono progettati per poter scendere <strong>fino a 20 m di profondit\u00e0<\/strong>.<br \/>\nConforme alla <strong>norma CE<\/strong>, questo fondo \u00e8 adatto alle grandi vasche e alle piscine comunali. Questa gamma \u00e8 realizzata esclusivamente per le vasche di forma geometrica (rotonda, quadrata, rettangolare).[\/vc_column_text]<div id=\"ultimate-heading-473569f40685c8473\" class=\"uvc-heading ult-adjust-bottom-margin ultimate-heading-473569f40685c8473 uvc-8295 \" data-hspacer=\"no_spacer\"  data-halign=\"center\" style=\"text-align:center\"><div class=\"uvc-heading-spacer no_spacer\" style=\"top\"><\/div><div class=\"uvc-main-heading ult-responsive\"  data-ultimate-target='.uvc-heading.ultimate-heading-473569f40685c8473 h3'  data-responsive-json-new='{\"font-size\":\"desktop:36px;\",\"line-height\":\"desktop:40px;\"}' ><h3 style=\"font-family:&#039;Encode Sans&#039;;font-weight:300;color:#00a4de;margin-bottom:20px;\">Fate felici tutti i subacquei principianti!<\/h3><\/div><\/div>[\/vc_column][\/vc_row][vc_row bg_type=&#8221;image&#8221; parallax_style=&#8221;vcpb-default&#8221; bg_image_new=&#8221;id^548|url^https:\/\/www.fond-mobile-aqualift.com\/wp-content\/uploads\/2020\/04\/Scubalift_caract_2500x600.jpg|caption^null|alt^Scubalift|title^Scubalift|description^null&#8221; bg_image_repeat=&#8221;no-repeat&#8221; bg_override=&#8221;ex-full&#8221; enable_overlay=&#8221;enable_overlay_value&#8221; overlay_color=&#8221;rgba(10,10,10,0.7)&#8221; seperator_enable=&#8221;seperator_enable_value&#8221; seperator_type=&#8221;tilt_left_seperator&#8221; seperator_svg_height=&#8221;50&#8243; seperator_shape_background=&#8221;#ffffff&#8221; icon_type=&#8221;selector&#8221; icon=&#8221;icomoon-the7-font-the7-arrow-29-1&#8243; icon_size=&#8221;28&#8243; icon_color=&#8221;#666666&#8243; icon_style=&#8221;circle&#8221; icon_color_bg=&#8221;rgba(255,255,255,0.9)&#8221; type=&#8221;vc_default&#8221; css=&#8221;.vc_custom_1586350397321{padding-top: 70px !important;}&#8221;][vc_column css=&#8221;.vc_custom_1582641028632{padding-bottom: 35px !important;}&#8221;]<div id=\"ultimate-heading-361369f40685c8546\" class=\"uvc-heading ult-adjust-bottom-margin ultimate-heading-361369f40685c8546 uvc-4895 \" data-hspacer=\"no_spacer\"  data-halign=\"center\" style=\"text-align:center\"><div class=\"uvc-heading-spacer no_spacer\" style=\"top\"><\/div><div class=\"uvc-main-heading ult-responsive\"  data-ultimate-target='.uvc-heading.ultimate-heading-361369f40685c8546 h2'  data-responsive-json-new='{\"font-size\":\"desktop:30px;\",\"line-height\":\"desktop:34px;\"}' ><h2 style=\"font-family:&#039;Roboto&#039;;font-weight:100;color:#ffffff;margin-bottom:20px;\">Caratteristiche e opzioni del fondo mobile Pro Scubalift!<\/h2><\/div><div class=\"uvc-sub-heading ult-responsive\"  data-ultimate-target='.uvc-heading.ultimate-heading-361369f40685c8546 .uvc-sub-heading '  data-responsive-json-new='{\"font-size\":\"desktop:16px;\",\"line-height\":\"desktop:22px;\"}'  style=\"font-family:&#039;Roboto&#039;;font-weight:300;color:#ffffff;margin-bottom:30px;\">Questa gamma \u00e8 realizzata esclusivamente per le vasche di forma geometrica (rotonda, quadrata, rettangolare).<\/div><\/div>[vc_row_inner equal_height=&#8221;yes&#8221;][vc_column_inner width=&#8221;1\/6&#8243; offset=&#8221;vc_col-xs-6&#8243;][vc_single_image image=&#8221;107&#8243; img_size=&#8221;full&#8221; alignment=&#8221;center&#8221; css_animation=&#8221;fadeInUp&#8221; image_hovers=&#8221;false&#8221; css=&#8221;.vc_custom_1582627061579{margin-bottom: 0px !important;}&#8221;]<div id=\"ultimate-heading-486669f40685c85f2\" class=\"uvc-heading ult-adjust-bottom-margin ultimate-heading-486669f40685c85f2 uvc-9130 \" data-hspacer=\"no_spacer\"  data-halign=\"center\" style=\"text-align:center\"><div class=\"uvc-heading-spacer no_spacer\" style=\"top\"><\/div><div class=\"uvc-main-heading ult-responsive\"  data-ultimate-target='.uvc-heading.ultimate-heading-486669f40685c85f2 h4'  data-responsive-json-new='{\"font-size\":\"desktop:18px;\",\"line-height\":\"desktop:22px;\"}' ><h4 style=\"font-family:&#039;Roboto&#039;;font-weight:300;margin-bottom:15px;\">Dimensioni<\/h4><\/div><div class=\"uvc-sub-heading ult-responsive\"  data-ultimate-target='.uvc-heading.ultimate-heading-486669f40685c85f2 .uvc-sub-heading '  data-responsive-json-new='{\"font-size\":\"desktop:16px;\",\"line-height\":\"desktop:20px;\"}'  style=\"font-family:&#039;Roboto&#039;;font-weight:100;color:#ffffff;margin-bottom:20px;\">Fino a 20 metri di profondit\u00e0<\/div><\/div>[\/vc_column_inner][vc_column_inner width=&#8221;1\/6&#8243; offset=&#8221;vc_col-xs-6&#8243;][vc_single_image image=&#8221;118&#8243; img_size=&#8221;full&#8221; alignment=&#8221;center&#8221; css_animation=&#8221;fadeInUp&#8221; image_hovers=&#8221;false&#8221; css=&#8221;.vc_custom_1582627431483{margin-bottom: 0px !important;}&#8221;]<div id=\"ultimate-heading-485569f40685c86b9\" class=\"uvc-heading ult-adjust-bottom-margin ultimate-heading-485569f40685c86b9 uvc-9452 \" data-hspacer=\"no_spacer\"  data-halign=\"center\" style=\"text-align:center\"><div class=\"uvc-heading-spacer no_spacer\" style=\"top\"><\/div><div class=\"uvc-main-heading ult-responsive\"  data-ultimate-target='.uvc-heading.ultimate-heading-485569f40685c86b9 h4'  data-responsive-json-new='{\"font-size\":\"desktop:18px;\",\"line-height\":\"desktop:22px;\"}' ><h4 style=\"font-family:&#039;Roboto&#039;;font-weight:300;margin-bottom:15px;\">Forme<\/h4><\/div><div class=\"uvc-sub-heading ult-responsive\"  data-ultimate-target='.uvc-heading.ultimate-heading-485569f40685c86b9 .uvc-sub-heading '  data-responsive-json-new='{\"font-size\":\"desktop:16px;\",\"line-height\":\"desktop:20px;\"}'  style=\"font-family:&#039;Roboto&#039;;font-weight:100;color:#ffffff;margin-bottom:20px;\">Vasche di forma geometrica (rotonda, quadrata, rettangolare\u2026)<\/div><\/div>[\/vc_column_inner][vc_column_inner width=&#8221;1\/6&#8243; offset=&#8221;vc_col-xs-6&#8243;][vc_single_image image=&#8221;119&#8243; img_size=&#8221;full&#8221; alignment=&#8221;center&#8221; css_animation=&#8221;fadeInUp&#8221; image_hovers=&#8221;false&#8221; css=&#8221;.vc_custom_1582627486450{margin-bottom: 0px !important;}&#8221;]<div id=\"ultimate-heading-500169f40685c8780\" class=\"uvc-heading ult-adjust-bottom-margin ultimate-heading-500169f40685c8780 uvc-3207 \" data-hspacer=\"no_spacer\"  data-halign=\"center\" style=\"text-align:center\"><div class=\"uvc-heading-spacer no_spacer\" style=\"top\"><\/div><div class=\"uvc-main-heading ult-responsive\"  data-ultimate-target='.uvc-heading.ultimate-heading-500169f40685c8780 h4'  data-responsive-json-new='{\"font-size\":\"desktop:18px;\",\"line-height\":\"desktop:22px;\"}' ><h4 style=\"font-family:&#039;Roboto&#039;;font-weight:300;margin-bottom:15px;\">Interno<\/h4><\/div><div class=\"uvc-sub-heading ult-responsive\"  data-ultimate-target='.uvc-heading.ultimate-heading-500169f40685c8780 .uvc-sub-heading '  data-responsive-json-new='{\"font-size\":\"desktop:16px;\",\"line-height\":\"desktop:20px;\"}'  style=\"font-family:&#039;Roboto&#039;;font-weight:100;color:#ffffff;margin-bottom:20px;\">Tutte le opzioni possibili<\/div><\/div>[\/vc_column_inner][vc_column_inner width=&#8221;1\/6&#8243; offset=&#8221;vc_col-xs-6&#8243;][vc_single_image image=&#8221;120&#8243; img_size=&#8221;full&#8221; alignment=&#8221;center&#8221; css_animation=&#8221;fadeInUp&#8221; image_hovers=&#8221;false&#8221; css=&#8221;.vc_custom_1582627525680{margin-bottom: 0px !important;}&#8221;]<div id=\"ultimate-heading-853069f40685c8809\" class=\"uvc-heading ult-adjust-bottom-margin ultimate-heading-853069f40685c8809 uvc-8609 \" data-hspacer=\"no_spacer\"  data-halign=\"center\" style=\"text-align:center\"><div class=\"uvc-heading-spacer no_spacer\" style=\"top\"><\/div><div class=\"uvc-main-heading ult-responsive\"  data-ultimate-target='.uvc-heading.ultimate-heading-853069f40685c8809 h4'  data-responsive-json-new='{\"font-size\":\"desktop:18px;\",\"line-height\":\"desktop:22px;\"}' ><h4 style=\"font-family:&#039;Roboto&#039;;font-weight:300;margin-bottom:15px;\">Esterno<\/h4><\/div><div class=\"uvc-sub-heading ult-responsive\"  data-ultimate-target='.uvc-heading.ultimate-heading-853069f40685c8809 .uvc-sub-heading '  data-responsive-json-new='{\"font-size\":\"desktop:16px;\",\"line-height\":\"desktop:20px;\"}'  style=\"font-family:&#039;Roboto&#039;;font-weight:100;color:#ffffff;margin-bottom:20px;\">Tutte le opzioni possibili<\/div><\/div>[\/vc_column_inner][vc_column_inner width=&#8221;1\/6&#8243; offset=&#8221;vc_col-xs-6&#8243;][vc_single_image image=&#8221;121&#8243; img_size=&#8221;full&#8221; alignment=&#8221;center&#8221; css_animation=&#8221;fadeInUp&#8221; image_hovers=&#8221;false&#8221; css=&#8221;.vc_custom_1582627575832{margin-bottom: 0px !important;}&#8221;]<div id=\"ultimate-heading-317369f40685c8893\" class=\"uvc-heading ult-adjust-bottom-margin ultimate-heading-317369f40685c8893 uvc-9224 \" data-hspacer=\"no_spacer\"  data-halign=\"center\" style=\"text-align:center\"><div class=\"uvc-heading-spacer no_spacer\" style=\"top\"><\/div><div class=\"uvc-main-heading ult-responsive\"  data-ultimate-target='.uvc-heading.ultimate-heading-317369f40685c8893 h4'  data-responsive-json-new='{\"font-size\":\"desktop:18px;\",\"line-height\":\"desktop:22px;\"}' ><h4 style=\"font-family:&#039;Roboto&#039;;font-weight:300;margin-bottom:15px;\">Rivestimento<\/h4><\/div><div class=\"uvc-sub-heading ult-responsive\"  data-ultimate-target='.uvc-heading.ultimate-heading-317369f40685c8893 .uvc-sub-heading '  data-responsive-json-new='{\"font-size\":\"desktop:16px;\",\"line-height\":\"desktop:20px;\"}'  style=\"font-family:&#039;Roboto&#039;;font-weight:100;color:#ffffff;margin-bottom:20px;\">Fondo mobile in PVC specifico<\/div><\/div>[\/vc_column_inner][vc_column_inner width=&#8221;1\/6&#8243; offset=&#8221;vc_col-xs-6&#8243;][vc_single_image image=&#8221;122&#8243; img_size=&#8221;full&#8221; alignment=&#8221;center&#8221; css_animation=&#8221;fadeInUp&#8221; image_hovers=&#8221;false&#8221; css=&#8221;.vc_custom_1582627622667{margin-bottom: 0px !important;}&#8221;]<div id=\"ultimate-heading-638669f40685c8967\" class=\"uvc-heading ult-adjust-bottom-margin ultimate-heading-638669f40685c8967 uvc-2631 \" data-hspacer=\"no_spacer\"  data-halign=\"center\" style=\"text-align:center\"><div class=\"uvc-heading-spacer no_spacer\" style=\"top\"><\/div><div class=\"uvc-main-heading ult-responsive\"  data-ultimate-target='.uvc-heading.ultimate-heading-638669f40685c8967 h4'  data-responsive-json-new='{\"font-size\":\"desktop:18px;\",\"line-height\":\"desktop:22px;\"}' ><h4 style=\"font-family:&#039;Roboto&#039;;font-weight:300;margin-bottom:15px;\">Opzioni<\/h4><\/div><div class=\"uvc-sub-heading ult-responsive\"  data-ultimate-target='.uvc-heading.ultimate-heading-638669f40685c8967 .uvc-sub-heading '  data-responsive-json-new='{\"font-size\":\"desktop:16px;\",\"line-height\":\"desktop:20px;\"}'  style=\"font-family:&#039;Roboto&#039;;font-weight:100;color:#ffffff;margin-bottom:20px;\">Display di profondit\u00e0<\/div><\/div>[\/vc_column_inner][\/vc_row_inner][\/vc_column][\/vc_row][vc_row full_width=&#8221;stretch_row&#8221; content_placement=&#8221;middle&#8221; bg_type=&#8221;image&#8221; parallax_style=&#8221;vcpb-default&#8221; bg_image_new=&#8221;id^99|url^https:\/\/www.fond-mobile-aqualift.com\/wp-content\/uploads\/2020\/02\/savoir_faire_2500x600.jpg|caption^null|alt^Savoir-faire Aqualift|title^Savoir-faire Aqualift|description^null&#8221; bg_image_repeat=&#8221;no-repeat&#8221; bg_override=&#8221;ex-full&#8221; enable_overlay=&#8221;enable_overlay_value&#8221; overlay_color=&#8221;rgba(0,0,0,0.45)&#8221; type=&#8221;vc_default&#8221;][vc_column css=&#8221;.vc_custom_1582622533597{padding: 35px !important;}&#8221;][vc_row_inner equal_height=&#8221;yes&#8221; content_placement=&#8221;middle&#8221; gap=&#8221;35&#8243;][vc_column_inner width=&#8221;1\/2&#8243; css=&#8221;.vc_custom_1582624263173{margin-top: 0px !important;margin-right: 0px !important;margin-bottom: 0px !important;margin-left: 0px !important;padding-top: 0px !important;padding-right: 0px !important;padding-bottom: 0px !important;padding-left: 0px !important;}&#8221;]<div id=\"ultimate-heading-705569f40685c89f1\" class=\"uvc-heading ult-adjust-bottom-margin ultimate-heading-705569f40685c89f1 uvc-8205 \" data-hspacer=\"no_spacer\"  data-halign=\"center\" style=\"text-align:center\"><div class=\"uvc-heading-spacer no_spacer\" style=\"top\"><\/div><div class=\"uvc-main-heading ult-responsive\"  data-ultimate-target='.uvc-heading.ultimate-heading-705569f40685c89f1 h2'  data-responsive-json-new='{\"font-size\":\"desktop:32px;\",\"line-height\":\"desktop:38px;\"}' ><h2 style=\"font-family:&#039;Roboto&#039;;--font-weight:theme;color:#ffffff;\">Servono informazioni o uno studio progettuale? <\/h2><\/div><\/div>[\/vc_column_inner][vc_column_inner width=&#8221;1\/2&#8243;]<div class=\" vc_custom_1647006591690 ubtn-ctn-center \"><a class=\"ubtn-link ult-adjust-bottom-margin ubtn-center ubtn-normal \" href=\"https:\/\/www.fond-mobile-aqualift.com\/it\/realizzate-il-vostro-progetto\/realizzate-il-vostro-progetto-di-fondo-mobile\/\" ><button type=\"button\" id=\"ubtn-9196\"  class=\"ubtn ult-adjust-bottom-margin ult-responsive ubtn-normal ubtn-fade-bg  none  ubtn-sep-icon ubtn-sep-icon-right-push  ubtn-center   tooltip-69f40685c8a67\"  data-hover=\"#ffffff\" data-border-color=\"\" data-bg=\"#00a4de\" data-hover-bg=\"rgba(0,122,188,0.7)\" data-border-hover=\"\" data-shadow-hover=\"\" data-shadow-click=\"none\" data-shadow=\"\" data-shd-shadow=\"\"  data-ultimate-target='#ubtn-9196'  data-responsive-json-new='{\"font-size\":\"desktop:18px;\",\"line-height\":\"desktop:24px;\"}'  style=\"font-family:&#039;Roboto&#039;;font-weight:normal;border-radius:300px;border-width:0px;border-color:;border-style:solid;background: #00a4de;color: #ffffff;\"><span class=\"ubtn-data ubtn-icon\"><i class=\"icomoon-the7-font-the7-comment-01\" style=\"font-size:20px;color:#ffffff;\"><\/i><\/span><span class=\"ubtn-hover\" style=\"background-color:rgba(0,122,188,0.7)\"><\/span><span class=\"ubtn-data ubtn-text \" >CONTATTATECI<\/span><\/button><\/a><\/div>[\/vc_column_inner][\/vc_row_inner][\/vc_column][\/vc_row]<\/p>\n<\/div>","protected":false},"excerpt":{"rendered":"<p>[vc_row type=&#8221;vc_default&#8221;][vc_column][vc_column_text]\u00c8 a questa problematica che rispondono i fondi mobili di Aqualift. I fondi mobili per piscine della gamma Scubalift sono progettati per poter scendere fino a 20 m di profondit\u00e0. Conforme alla norma CE, questo fondo \u00e8 adatto alle grandi vasche e alle piscine comunali. Questa gamma \u00e8 realizzata esclusivamente per le vasche di&hellip;<\/p>\n","protected":false},"author":1,"featured_media":0,"parent":9015,"menu_order":0,"comment_status":"closed","ping_status":"closed","template":"","meta":{"footnotes":""},"class_list":["post-9023","page","type-page","status-publish","hentry","description-off"],"yoast_head":"<!-- This site is optimized with the Yoast SEO plugin v27.3 - https:\/\/yoast.com\/product\/yoast-seo-wordpress\/ -->\n<title>AQUALIFT | fondo mobile per piscina per imparare a tuffarsi<\/title>\n<meta name=\"description\" content=\"Un piano mobile appositamente progettato per l&#039;immersione: variazioni di profondit\u00e0, ideale per un apprendimento dolce.\" \/>\n<meta name=\"robots\" content=\"index, follow, max-snippet:-1, max-image-preview:large, max-video-preview:-1\" \/>\n<link rel=\"canonical\" href=\"https:\/\/www.fond-mobile-aqualift.com\/it\/fondi-mobili-professionali\/fondo-mobile-pro-scubalift\/\" \/>\n<meta property=\"og:locale\" content=\"it_IT\" \/>\n<meta property=\"og:type\" content=\"article\" \/>\n<meta property=\"og:title\" content=\"AQUALIFT | fondo mobile per piscina per imparare a tuffarsi\" \/>\n<meta property=\"og:description\" content=\"Un piano mobile appositamente progettato per l&#039;immersione: variazioni di profondit\u00e0, ideale per un apprendimento dolce.\" \/>\n<meta property=\"og:url\" content=\"https:\/\/www.fond-mobile-aqualift.com\/it\/fondi-mobili-professionali\/fondo-mobile-pro-scubalift\/\" \/>\n<meta property=\"og:site_name\" content=\"Aqualift Industrie\" \/>\n<meta property=\"article:modified_time\" content=\"2022-03-17T11:02:07+00:00\" \/>\n<meta name=\"twitter:card\" content=\"summary_large_image\" \/>\n<meta name=\"twitter:label1\" content=\"Tempo di lettura stimato\" \/>\n\t<meta name=\"twitter:data1\" content=\"3 minuti\" \/>\n<script type=\"application\/ld+json\" class=\"yoast-schema-graph\">{\"@context\":\"https:\\\/\\\/schema.org\",\"@graph\":[{\"@type\":\"WebPage\",\"@id\":\"https:\\\/\\\/www.fond-mobile-aqualift.com\\\/it\\\/fondi-mobili-professionali\\\/fondo-mobile-pro-scubalift\\\/\",\"url\":\"https:\\\/\\\/www.fond-mobile-aqualift.com\\\/it\\\/fondi-mobili-professionali\\\/fondo-mobile-pro-scubalift\\\/\",\"name\":\"AQUALIFT | fondo mobile per piscina per imparare a tuffarsi\",\"isPartOf\":{\"@id\":\"https:\\\/\\\/www.fond-mobile-aqualift.com\\\/it\\\/#website\"},\"datePublished\":\"2020-03-09T13:03:20+00:00\",\"dateModified\":\"2022-03-17T11:02:07+00:00\",\"description\":\"Un piano mobile appositamente progettato per l'immersione: variazioni di profondit\u00e0, ideale per un apprendimento dolce.\",\"breadcrumb\":{\"@id\":\"https:\\\/\\\/www.fond-mobile-aqualift.com\\\/it\\\/fondi-mobili-professionali\\\/fondo-mobile-pro-scubalift\\\/#breadcrumb\"},\"inLanguage\":\"it-IT\",\"potentialAction\":[{\"@type\":\"ReadAction\",\"target\":[\"https:\\\/\\\/www.fond-mobile-aqualift.com\\\/it\\\/fondi-mobili-professionali\\\/fondo-mobile-pro-scubalift\\\/\"]}]},{\"@type\":\"BreadcrumbList\",\"@id\":\"https:\\\/\\\/www.fond-mobile-aqualift.com\\\/it\\\/fondi-mobili-professionali\\\/fondo-mobile-pro-scubalift\\\/#breadcrumb\",\"itemListElement\":[{\"@type\":\"ListItem\",\"position\":1,\"name\":\"Accueil\",\"item\":\"https:\\\/\\\/www.fond-mobile-aqualift.com\\\/it\\\/\"},{\"@type\":\"ListItem\",\"position\":2,\"name\":\"Fondi mobili professionali\",\"item\":\"https:\\\/\\\/www.fond-mobile-aqualift.com\\\/it\\\/fondi-mobili-professionali\\\/\"},{\"@type\":\"ListItem\",\"position\":3,\"name\":\"Fondo mobile per corsi di subacquea\"}]},{\"@type\":\"WebSite\",\"@id\":\"https:\\\/\\\/www.fond-mobile-aqualift.com\\\/it\\\/#website\",\"url\":\"https:\\\/\\\/www.fond-mobile-aqualift.com\\\/it\\\/\",\"name\":\"Aqualift Industrie\",\"description\":\"Leader mondiale nelle fondi mobili per piscine\",\"potentialAction\":[{\"@type\":\"SearchAction\",\"target\":{\"@type\":\"EntryPoint\",\"urlTemplate\":\"https:\\\/\\\/www.fond-mobile-aqualift.com\\\/it\\\/?s={search_term_string}\"},\"query-input\":{\"@type\":\"PropertyValueSpecification\",\"valueRequired\":true,\"valueName\":\"search_term_string\"}}],\"inLanguage\":\"it-IT\"}]}<\/script>\n<!-- \/ Yoast SEO plugin. -->","yoast_head_json":{"title":"AQUALIFT | fondo mobile per piscina per imparare a tuffarsi","description":"Un piano mobile appositamente progettato per l'immersione: variazioni di profondit\u00e0, ideale per un apprendimento dolce.","robots":{"index":"index","follow":"follow","max-snippet":"max-snippet:-1","max-image-preview":"max-image-preview:large","max-video-preview":"max-video-preview:-1"},"canonical":"https:\/\/www.fond-mobile-aqualift.com\/it\/fondi-mobili-professionali\/fondo-mobile-pro-scubalift\/","og_locale":"it_IT","og_type":"article","og_title":"AQUALIFT | fondo mobile per piscina per imparare a tuffarsi","og_description":"Un piano mobile appositamente progettato per l'immersione: variazioni di profondit\u00e0, ideale per un apprendimento dolce.","og_url":"https:\/\/www.fond-mobile-aqualift.com\/it\/fondi-mobili-professionali\/fondo-mobile-pro-scubalift\/","og_site_name":"Aqualift Industrie","article_modified_time":"2022-03-17T11:02:07+00:00","twitter_card":"summary_large_image","twitter_misc":{"Tempo di lettura stimato":"3 minuti"},"schema":{"@context":"https:\/\/schema.org","@graph":[{"@type":"WebPage","@id":"https:\/\/www.fond-mobile-aqualift.com\/it\/fondi-mobili-professionali\/fondo-mobile-pro-scubalift\/","url":"https:\/\/www.fond-mobile-aqualift.com\/it\/fondi-mobili-professionali\/fondo-mobile-pro-scubalift\/","name":"AQUALIFT | fondo mobile per piscina per imparare a tuffarsi","isPartOf":{"@id":"https:\/\/www.fond-mobile-aqualift.com\/it\/#website"},"datePublished":"2020-03-09T13:03:20+00:00","dateModified":"2022-03-17T11:02:07+00:00","description":"Un piano mobile appositamente progettato per l'immersione: variazioni di profondit\u00e0, ideale per un apprendimento dolce.","breadcrumb":{"@id":"https:\/\/www.fond-mobile-aqualift.com\/it\/fondi-mobili-professionali\/fondo-mobile-pro-scubalift\/#breadcrumb"},"inLanguage":"it-IT","potentialAction":[{"@type":"ReadAction","target":["https:\/\/www.fond-mobile-aqualift.com\/it\/fondi-mobili-professionali\/fondo-mobile-pro-scubalift\/"]}]},{"@type":"BreadcrumbList","@id":"https:\/\/www.fond-mobile-aqualift.com\/it\/fondi-mobili-professionali\/fondo-mobile-pro-scubalift\/#breadcrumb","itemListElement":[{"@type":"ListItem","position":1,"name":"Accueil","item":"https:\/\/www.fond-mobile-aqualift.com\/it\/"},{"@type":"ListItem","position":2,"name":"Fondi mobili professionali","item":"https:\/\/www.fond-mobile-aqualift.com\/it\/fondi-mobili-professionali\/"},{"@type":"ListItem","position":3,"name":"Fondo mobile per corsi di subacquea"}]},{"@type":"WebSite","@id":"https:\/\/www.fond-mobile-aqualift.com\/it\/#website","url":"https:\/\/www.fond-mobile-aqualift.com\/it\/","name":"Aqualift Industrie","description":"Leader mondiale nelle fondi mobili per piscine","potentialAction":[{"@type":"SearchAction","target":{"@type":"EntryPoint","urlTemplate":"https:\/\/www.fond-mobile-aqualift.com\/it\/?s={search_term_string}"},"query-input":{"@type":"PropertyValueSpecification","valueRequired":true,"valueName":"search_term_string"}}],"inLanguage":"it-IT"}]}},"_links":{"self":[{"href":"https:\/\/www.fond-mobile-aqualift.com\/it\/wp-json\/wp\/v2\/pages\/9023","targetHints":{"allow":["GET"]}}],"collection":[{"href":"https:\/\/www.fond-mobile-aqualift.com\/it\/wp-json\/wp\/v2\/pages"}],"about":[{"href":"https:\/\/www.fond-mobile-aqualift.com\/it\/wp-json\/wp\/v2\/types\/page"}],"author":[{"embeddable":true,"href":"https:\/\/www.fond-mobile-aqualift.com\/it\/wp-json\/wp\/v2\/users\/1"}],"replies":[{"embeddable":true,"href":"https:\/\/www.fond-mobile-aqualift.com\/it\/wp-json\/wp\/v2\/comments?post=9023"}],"version-history":[{"count":0,"href":"https:\/\/www.fond-mobile-aqualift.com\/it\/wp-json\/wp\/v2\/pages\/9023\/revisions"}],"up":[{"embeddable":true,"href":"https:\/\/www.fond-mobile-aqualift.com\/it\/wp-json\/wp\/v2\/pages\/9015"}],"wp:attachment":[{"href":"https:\/\/www.fond-mobile-aqualift.com\/it\/wp-json\/wp\/v2\/media?parent=9023"}],"curies":[{"name":"wp","href":"https:\/\/api.w.org\/{rel}","templated":true}]}}