{"id":7185,"date":"2021-08-09T12:08:02","date_gmt":"2021-08-09T10:08:02","guid":{"rendered":"https:\/\/www.fond-mobile-aqualift.com\/?page_id=7185"},"modified":"2025-05-09T10:19:30","modified_gmt":"2025-05-09T08:19:30","slug":"gestion-des-cookies","status":"publish","type":"page","link":"https:\/\/www.fond-mobile-aqualift.com\/fr\/gestion-des-cookies\/","title":{"rendered":"Politique d\u2019utilisation des cookies"},"content":{"rendered":"<p>Bienvenue sur le site de Aqualift.<\/p>\n<p>Notre politique d\u2019utilisation des cookies est con\u00e7ue pour vous informer sur la fa\u00e7on dont nous utilisons les donn\u00e9es de navigation, ou toute autre information en lien avec l\u2019acc\u00e8s et l\u2019utilisation des sites et autres m\u00e9dias (banni\u00e8res publicitaires, courriels\u2026) partenaires, directement ou par l\u2019interm\u00e9diaire de contenus publicitaires pr\u00e9sents sur d\u2019autres sites.<\/p>\n<p>Vous y trouverez \u00e9galement des informations sur les droits dont vous disposez et sur la fa\u00e7on de les exercer.<\/p>\n<p>Ces informations sont communiqu\u00e9es conform\u00e9ment \u00e0 la r\u00e9glementation en vigueur, en particulier la directive europ\u00e9enne concernant le traitement des donn\u00e9es \u00e0 caract\u00e8re personnel et la protection de la vie priv\u00e9e dans le secteur des communications \u00e9lectroniques (<a href=\"https:\/\/eur-lex.europa.eu\/legal-content\/FR\/ALL\/?uri=celex:32002L0058\">2002\/58\/CE<\/a>), qui pr\u00e9voit que le stockage, l\u2019obtention et l\u2019acc\u00e8s \u00e0 des informations sur votre terminal est permis \u00e0 condition que, vous ayez re\u00e7u une information sur les finalit\u00e9s du traitement de ces informations conform\u00e9ment au r\u00e8glement g\u00e9n\u00e9ral sur la protection des donn\u00e9es (UE) 2016\/679 (<a href=\"https:\/\/www.ovh.com\/fr\/protection-donnees-personnelles\/gdpr.xml\">le \u00ab RGPD \u00bb<\/a>), et, sous r\u00e9serve des cookies essentiels, que vous y ayez consenti.<\/p>\n<p>&nbsp;<\/p>\n<ol>\n<li><strong> Les diff\u00e9rents cookies<\/strong><\/li>\n<\/ol>\n<p>Au sens de la pr\u00e9sente politique, les termes \u00ab cookies et autres traceurs \u00bb ou \u00ab cookies \u00bb signifient l\u2019ensemble des traceurs d\u00e9pos\u00e9s ou lus lors de la consultation du pr\u00e9sent site internet. Ceci comprend les cookies http, les cookies \u00ab flash \u00bb, les balises \u00e9galement appel\u00e9es \u00ab pixels invisibles \u00bb et \u00ab web bugs \u00bb, les scripts ou encore le r\u00e9sultat du calcul d\u2019empreinte dans le cas du \u00ab fingerprinting \u00bb. La pr\u00e9sente politique s\u2019applique que les \u00ab cookies \u00bb collectent ou non des donn\u00e9es \u00e0 caract\u00e8re personnel.<\/p>\n<p><strong>Qu\u2019est-ce qu\u2019un cookie ? <\/strong><\/p>\n<p>Un cookie est une suite d\u2019informations de petite taille, qui peuvent \u00eatre transmises par des sites via votre navigateur. Ces cookies sont conserv\u00e9s sur votre terminal (ordinateur, smartphone, tablette\u2026) lorsque vous consultez certains sites web. Les cookies permettent notamment de stocker et de r\u00e9cup\u00e9rer des informations concernant les habitudes de navigation de l\u2019utilisateur d&rsquo;un site ou de son \u00e9quipement puis, en fonction de ces informations, de le reconna\u00eetre.<\/p>\n<p>Les donn\u00e9es obtenues par le biais de ces cookies peuvent notamment concerner le nombre de pages visit\u00e9es, la langue choisie, la ville o\u00f9 est localis\u00e9e l\u2019adresse IP de connexion au site web, la fr\u00e9quence et la r\u00e9currence des visites, la dur\u00e9e de la visite, le navigateur, l\u2019op\u00e9rateur ou le type de terminal \u00e0 partir duquel la visite est effectu\u00e9e.<\/p>\n<p><strong>Qu\u2019est-ce qu\u2019une balise web ? <\/strong><\/p>\n<p>Autrement appel\u00e9e \u00ab pixel tag \u00bb, \u00ab pixel invisible \u00bb, \u00ab clear GIFs \u00bb, \u00ab web bugs \u00bb ou encore \u00ab web beacons \u00bb, la balise web est un bout de code autonome ou une image pr\u00e9sente sur certaines pages aux fins de contr\u00f4le et de suivi du trafic.<\/p>\n<p><strong>Qu\u2019est-ce que le calcul d\u2019empreinte ? <\/strong><\/p>\n<p>Le calcul d\u2019empreinte ou \u00ab fingerprinting \u00bb permet la cr\u00e9ation d\u2019un identifiant unique de la machine qui consulte une page web, bas\u00e9 sur des \u00e9l\u00e9ments de sa configuration \u00e0 des fins de suivi.<\/p>\n<p>&nbsp;<\/p>\n<ol start=\"2\">\n<li><strong> Les cookies <\/strong><\/li>\n<\/ol>\n<p>De mani\u00e8re g\u00e9n\u00e9rale, il existe diff\u00e9rentes raisons d\u2019utiliser des cookies.<\/p>\n<p>(A) Certains cookies sont n\u00e9cessaires au bon fonctionnement des sites et permettent d\u2019y acc\u00e9der et de vous connecter en utilisant des fonctionnalit\u00e9s essentielles. Les \u00ab Cookies essentiels \u00bb ont pour finalit\u00e9 exclusive de permettre et de faciliter la communication par voie \u00e9lectronique.<br \/>\nIndispensables au fonctionnement du service de communication en ligne que vous demandez, ils seront utilis\u00e9s pour vous permettre de vous connecter \u00e0 votre session utilisateur, afficher la page demand\u00e9e dans un format appropri\u00e9 \u00e0 votre \u00e9cran ou encore pour permettre au site de fonctionner de mani\u00e8re optimale et faciliter la navigation de mani\u00e8re \u00e0 :<\/p>\n<ul>\n<li>Assurer la qualit\u00e9 et la s\u00e9curit\u00e9 de la navigation sur le site notamment lors du processus de commande d\u2019un produit ou service ou mesurer le temps de chargement des diff\u00e9rents \u00e9l\u00e9ments de la page ;<\/li>\n<li>Conserver les informations saisies dans les champs pr\u00e9vus \u00e0 cet effet lorsque l\u2019utilisateur change de page ;<\/li>\n<li>Permettre \u00e0 l\u2019utilisateur de rester sur le m\u00eame serveur h\u00f4te pendant toute la dur\u00e9e de sa session ;<\/li>\n<li>Rediriger l\u2019utilisateur vers le site de la langue ou de la filiale correspondante au pays depuis lequel il semble se connecter ;<\/li>\n<li>G\u00e9rer les pics de charge ;<\/li>\n<li>Prendre en compte l\u2019acceptation ou le refus de l\u2019utilisateur quant \u00e0 l\u2019analyse des donn\u00e9es collect\u00e9es sur le site.<\/li>\n<\/ul>\n<p>Conform\u00e9ment \u00e0 la r\u00e8glementation pr\u00e9cit\u00e9e, ils sont utilis\u00e9s sans n\u00e9cessiter votre consentement. Vous pouvez cependant les bloquer et\/ou les supprimer en utilisant les param\u00e8tres de votre navigateur. En cons\u00e9quence, votre exp\u00e9rience utilisateur ainsi que la s\u00e9curit\u00e9 de votre navigation peuvent \u00eatre d\u00e9grad\u00e9es. De m\u00eame certaines pages et fonctionnalit\u00e9s peuvent \u00eatre inaccessibles (manager, panier d\u2019achat, etc).<\/p>\n<p>(B) D\u2019autres cookies sont n\u00e9cessaires afin d\u2019am\u00e9liorer l\u2019exp\u00e9rience de navigation. Les \u00ab Cookies d\u2019am\u00e9lioration \u00bb permettent de :<\/p>\n<ul>\n<li>Collecter et d\u2019analyser des informations sur le comportement des visiteurs de nos sites, afin d&rsquo;en am\u00e9liorer le fonctionnement (notamment am\u00e9lioration de la performance ou de la visibilit\u00e9 des pages par exemple) ;<\/li>\n<li>Fournir des services \u00e0 valeur ajout\u00e9e destin\u00e9s \u00e0 am\u00e9liorer votre exp\u00e9rience utilisateur, tels que solutions d\u2019assistant virtuel (le \u00ab chatbot \u00bb), chat en direct (le \u00ab livechat \u00bb) ou bouton d\u2019appel (le \u00ab click-to-call \u00bb) ;<\/li>\n<li>S\u00e9curiser nos sites en d\u00e9tectant des activit\u00e9s anormales par exemple.<\/li>\n<\/ul>\n<p>Conform\u00e9ment \u00e0 la r\u00e9glementation, ils sont utilis\u00e9s avec votre consentement.<br \/>\nCes cookies ne sont pas indispensables au fonctionnement du site. Toutefois, le refus de ces cookies risque de rendre difficile ou d\u00e9fectueuse l\u2019utilisation des services \u00e0 valeur ajout\u00e9e qui permettent d\u2019am\u00e9liorer votre exp\u00e9rience utilisateur.<\/p>\n<p>(C) D\u2019autres cookies sont utilis\u00e9s afin de vous permettre d\u2019obtenir des offres en lien avec vos centres d\u2019int\u00e9r\u00eat. Les \u00ab Cookies publicitaires et de personnalisation \u00bb ont pour finalit\u00e9 de vous proposer des contenus et offres adapt\u00e9s \u00e0 vos centres d&rsquo;int\u00e9r\u00eats et d\u2019am\u00e9liorer la pertinence de nos annonces sur les sites de nos partenaires. En d\u00e9sactivant ces cookies, les contenus et offres que nous vous proposerons ne seront plus personnalis\u00e9s eu \u00e9gard \u00e0 vos pr\u00e9f\u00e9rences et pourront donc se r\u00e9v\u00e9ler moins pertinents. Conform\u00e9ment \u00e0 la r\u00e9glementation, ils sont \u00e9galement utilis\u00e9s avec votre consentement.<br \/>\nCes cookies ne sont pas indispensables au fonctionnement du site, mais sont n\u00e9cessaires \u00e0 la fourniture d\u2019offres en lien avec vos centres d\u2019int\u00e9r\u00eats. Ils sont notamment utilis\u00e9s pour vous permettre d\u2019obtenir des contenus plus adapt\u00e9s en :<\/p>\n<ul>\n<li>Obtenant des donn\u00e9es de fr\u00e9quentation concernant l\u2019utilisation du site visit\u00e9 ;<\/li>\n<li>Permettant le suivi d\u2019un clic effectu\u00e9 jusqu\u2019aux pages du site concern\u00e9 ;<\/li>\n<li>Am\u00e9liorant la pertinence des campagnes digitales ;<\/li>\n<li>Identifiant les visiteurs du site provenant d&rsquo;une campagne publicitaire pr\u00e9sente sur un site tiers.<\/li>\n<\/ul>\n<p>(D) D\u2019autres cookies enfin permettent de partager du contenu sur les r\u00e9seaux sociaux et autres sites tiers (les \u00ab Cookies des tiers \u00bb). Ces cookies permettent d\u2019acc\u00e9der et d\u2019utiliser depuis notre site internet des outils logiciels et plateformes (telles que les r\u00e9seaux sociaux, solutions de streaming vid\u00e9o\u2026) propos\u00e9s par des tiers et ainsi d&rsquo;am\u00e9liorer la convivialit\u00e9 du site et d\u2019aider \u00e0 sa promotion via les partages de contenus vers des plateformes tierces.<br \/>\nDans ce cas, les donn\u00e9es relatives aux visiteurs du site, \u00e0 leur navigation ou leurs actions en lien avec le contenu avec lequel ils interagissent sont accessibles par ces plateformes tierces. Ces sites ins\u00e8rent diff\u00e9rents modules sociaux et pixels permettant de solliciter les contenus des diff\u00e9rentes plateformes les fournissant. Dans ce cas, les plateformes fournissant ces diff\u00e9rents modules sont consid\u00e9r\u00e9es comme \u00e9tant responsable du traitement au sens du RGPD lorsqu\u2019elles d\u00e9terminent les finalit\u00e9s et moyens de traitement conform\u00e9ment \u00e0 leur politique de confidentialit\u00e9. Ainsi certaines fonctionnalit\u00e9s du site s\u2019appuient sur des services propos\u00e9s par ces tiers et d\u00e9posent des cookies. Les sites fournissant ces cookies tiers, boutons applicatifs ou extensions peuvent vous identifier gr\u00e2ce \u00e0 ce bouton y compris lorsque celui-ci n\u2019est pas utilis\u00e9 lorsque vous consultez notre site. Conform\u00e9ment \u00e0 la r\u00e9glementation, ils sont \u00e9galement utilis\u00e9s avec votre consentement.<br \/>\nNous vous invitons donc \u00e0 consulter les politiques de confidentialit\u00e9 de ces tiers :<\/p>\n<ul>\n<li><a href=\"https:\/\/www.facebook.com\/policies\/cookies\/\">Facebook<\/a><\/li>\n<li><a href=\"https:\/\/www.linkedin.com\/legal\/cookie-policy\">LinkedIn<\/a><\/li>\n<li><a href=\"https:\/\/help.twitter.com\/fr\/rules-and-policies\/twitter-cookies\">Twitter<\/a><\/li>\n<li><a href=\"https:\/\/www.google.fr\/intl\/fr\/policies\/privacy\/\">YouTube<\/a><\/li>\n<li><u>Google anlytics\u00a0: <\/u><a href=\"https:\/\/support.google.com\/analytics\/answer\/6004245?hl=fr\">https:\/\/support.google.com\/analytics\/answer\/6004245?hl=fr<\/a><\/li>\n<li><u>Google ads\u00a0:<\/u><\/li>\n<li><u>https:\/\/privacy.google.com\/intl\/fr_fr\/businesses\/compliance\/#!?modal_active=none<\/u><\/li>\n<\/ul>\n<p>&nbsp;<\/p>\n<ol start=\"3\">\n<li><strong> Comment g\u00e9rer ces cookies ?<\/strong><\/li>\n<\/ol>\n<p>Conform\u00e9ment au r\u00e8glement (UE) 2016\/679 relatif \u00e0 la protection des personnes physiques \u00e0 l&rsquo;\u00e9gard du traitement des donn\u00e9es \u00e0 caract\u00e8re personnel et \u00e0 la libre circulation de ces donn\u00e9es (le \u00ab RGPD \u00bb), l\u2019accord de l\u2019utilisateur en ce qui concerne le traitement de ses donn\u00e9es peut \u00eatre exprim\u00e9 par l\u2019utilisation de param\u00e8tres appropri\u00e9s d\u2019un navigateur ou d\u2019une autre application.<\/p>\n<ul>\n<li>Plateforme de param\u00e9trage des cookies<\/li>\n<\/ul>\n<p>Cliquez sur les diff\u00e9rents en-t\u00eates de cat\u00e9gories de ce centre de pr\u00e9f\u00e9rences pour en savoir plus et modifier nos param\u00e8tres par d\u00e9faut. Cependant, le blocage de certains types de cookies peut avoir une incidence sur votre exp\u00e9rience du site et des services que nous pouvons vous offrir. Votre consentement sera stock\u00e9e pendant 13 mois et vous pourrez y acc\u00e9der sur simple demande aupr\u00e8s du DPO de Aqualift :<\/p>\n<p>Par courrier\u00a0: AQUALIFT, ZA de Mitry-Compans 13 rue Ernest Mercier 77290 COMPANS<\/p>\n<ul>\n<li>Param\u00e8tres du navigateur<\/li>\n<\/ul>\n<p>Les navigateurs proposent de nombreux r\u00e9glages permettant aux utilisateurs d&rsquo;exprimer des choix en mati\u00e8re de cookies. Ind\u00e9pendamment de leur finalit\u00e9, vous pouvez autoriser, bloquer ou supprimer les cookies d\u00e9pos\u00e9s sur votre terminal en param\u00e9trant les options de votre navigateur. Pour les navigateurs les plus courants, vous trouverez des indications via les liens suivants :<\/p>\n<ul>\n<li style=\"list-style-type: none;\">\n<ul>\n<li><a href=\"https:\/\/support.microsoft.com\/fr-fr\/help\/17442\/windows-internet-explorer-delete-manage-cookies\">Internet Explorer<\/a><\/li>\n<li><a href=\"https:\/\/support.apple.com\/fr-fr\/guide\/safari\/sfri11471\/mac\">Safari<\/a><\/li>\n<li><a href=\"https:\/\/support.google.com\/chrome\/answer\/95647?co=GENIE.Platform%3DDesktop&amp;hl=fr\">Chrome<\/a><\/li>\n<li><a href=\"https:\/\/support.mozilla.org\/fr\/kb\/autoriser-bloquer-cookies-preferences-sites?redirectlocale=fr&amp;redirectslug=activer-desactiver-cookies\">Firefox<\/a><\/li>\n<li><u>Edge\u00a0: <\/u><a href=\"https:\/\/support.microsoft.com\/fr-fr\/microsoft-edge\/supprimer-les-cookies-dans-microsoft-edge-63947406-40ac-c3b8-57b9-2a946a29ae09\">Supprimer les cookies dans Microsoft\u00a0Edge<\/a><\/li>\n<li>Opera\u00a0:<a href=\"https:\/\/help.opera.com\/Windows\/10.20\/fr\/cookies.html\">https:\/\/help.opera.com\/Windows\/10.20\/fr\/cookies.html<\/a><\/li>\n<\/ul>\n<\/li>\n<\/ul>\n<p>&nbsp;<\/p>\n<ol start=\"4\">\n<li><strong> Exercer vos droits\u00a0: <\/strong><\/li>\n<\/ol>\n<p>Conform\u00e9ment \u00e0 la l\u00e9gislation relative \u00e0 la protection des donn\u00e9es \u00e0 caract\u00e8re personnel, vous b\u00e9n\u00e9ficiez d\u2019un droit d\u2019acc\u00e8s, de rectification, d\u2019opposition, de limitation et d\u2019effacement des donn\u00e9es \u00e0 caract\u00e8re personnel qui vous concernent. Vous pouvez exercer ce droit \u00e0 tout moment en contactant le D\u00e9l\u00e9gu\u00e9 de la protection des donn\u00e9es (DPO) par courrier sign\u00e9 accompagn\u00e9 de la copie d\u2019un titre d\u2019identit\u00e9 \u00e0 l\u2019adresse suivante :<br \/>\nPar courrier\u00a0: AQUALIFT, ZA de Mitry-Compans 13 rue Ernest Mercier 77290 COMPANS<\/p>\n","protected":false},"excerpt":{"rendered":"<p>Bienvenue sur le site de Aqualift. Notre politique d\u2019utilisation des cookies est con\u00e7ue pour vous informer sur la fa\u00e7on dont nous utilisons les donn\u00e9es de navigation, ou toute autre information en lien avec l\u2019acc\u00e8s et l\u2019utilisation des sites et autres m\u00e9dias (banni\u00e8res publicitaires, courriels\u2026) partenaires, directement ou par l\u2019interm\u00e9diaire de contenus publicitaires pr\u00e9sents sur d\u2019autres&hellip;<\/p>\n","protected":false},"author":1,"featured_media":0,"parent":0,"menu_order":0,"comment_status":"closed","ping_status":"closed","template":"","meta":{"footnotes":""},"class_list":["post-7185","page","type-page","status-publish","hentry","description-off"],"yoast_head":"<!-- This site is optimized with the Yoast SEO plugin v27.3 - https:\/\/yoast.com\/product\/yoast-seo-wordpress\/ -->\n<title>Gestion des cookies \u2013 Aqualift Fond Mobile Piscine<\/title>\n<meta name=\"description\" content=\"G\u00e9rez vos pr\u00e9f\u00e9rences de cookies sur le site Aqualift. D\u00e9couvrez comment vos donn\u00e9es sont utilis\u00e9es et adaptez les param\u00e8tres selon vos besoins.\" \/>\n<meta name=\"robots\" content=\"index, follow, max-snippet:-1, max-image-preview:large, max-video-preview:-1\" \/>\n<link rel=\"canonical\" href=\"https:\/\/www.fond-mobile-aqualift.com\/fr\/gestion-des-cookies\/\" \/>\n<meta property=\"og:locale\" content=\"fr_FR\" \/>\n<meta property=\"og:type\" content=\"article\" \/>\n<meta property=\"og:title\" content=\"Gestion des cookies \u2013 Aqualift Fond Mobile Piscine\" \/>\n<meta property=\"og:description\" content=\"G\u00e9rez vos pr\u00e9f\u00e9rences de cookies sur le site Aqualift. D\u00e9couvrez comment vos donn\u00e9es sont utilis\u00e9es et adaptez les param\u00e8tres selon vos besoins.\" \/>\n<meta property=\"og:url\" content=\"https:\/\/www.fond-mobile-aqualift.com\/fr\/gestion-des-cookies\/\" \/>\n<meta property=\"og:site_name\" content=\"Aqualift Industrie\" \/>\n<meta property=\"article:modified_time\" content=\"2025-05-09T08:19:30+00:00\" \/>\n<meta name=\"twitter:card\" content=\"summary_large_image\" \/>\n<meta name=\"twitter:label1\" content=\"Dur\u00e9e de lecture estim\u00e9e\" \/>\n\t<meta name=\"twitter:data1\" content=\"8 minutes\" \/>\n<script type=\"application\/ld+json\" class=\"yoast-schema-graph\">{\"@context\":\"https:\\\/\\\/schema.org\",\"@graph\":[{\"@type\":\"WebPage\",\"@id\":\"https:\\\/\\\/www.fond-mobile-aqualift.com\\\/fr\\\/gestion-des-cookies\\\/\",\"url\":\"https:\\\/\\\/www.fond-mobile-aqualift.com\\\/fr\\\/gestion-des-cookies\\\/\",\"name\":\"Gestion des cookies \u2013 Aqualift Fond Mobile Piscine\",\"isPartOf\":{\"@id\":\"https:\\\/\\\/www.fond-mobile-aqualift.com\\\/fr\\\/#website\"},\"datePublished\":\"2021-08-09T10:08:02+00:00\",\"dateModified\":\"2025-05-09T08:19:30+00:00\",\"description\":\"G\u00e9rez vos pr\u00e9f\u00e9rences de cookies sur le site Aqualift. D\u00e9couvrez comment vos donn\u00e9es sont utilis\u00e9es et adaptez les param\u00e8tres selon vos besoins.\",\"breadcrumb\":{\"@id\":\"https:\\\/\\\/www.fond-mobile-aqualift.com\\\/fr\\\/gestion-des-cookies\\\/#breadcrumb\"},\"inLanguage\":\"fr-FR\",\"potentialAction\":[{\"@type\":\"ReadAction\",\"target\":[\"https:\\\/\\\/www.fond-mobile-aqualift.com\\\/fr\\\/gestion-des-cookies\\\/\"]}]},{\"@type\":\"BreadcrumbList\",\"@id\":\"https:\\\/\\\/www.fond-mobile-aqualift.com\\\/fr\\\/gestion-des-cookies\\\/#breadcrumb\",\"itemListElement\":[{\"@type\":\"ListItem\",\"position\":1,\"name\":\"Accueil\",\"item\":\"https:\\\/\\\/www.fond-mobile-aqualift.com\\\/fr\\\/\"},{\"@type\":\"ListItem\",\"position\":2,\"name\":\"Politique d\u2019utilisation des cookies\"}]},{\"@type\":\"WebSite\",\"@id\":\"https:\\\/\\\/www.fond-mobile-aqualift.com\\\/fr\\\/#website\",\"url\":\"https:\\\/\\\/www.fond-mobile-aqualift.com\\\/fr\\\/\",\"name\":\"Aqualift Industrie\",\"description\":\"Leader mondial du fond mobile pour piscine\",\"potentialAction\":[{\"@type\":\"SearchAction\",\"target\":{\"@type\":\"EntryPoint\",\"urlTemplate\":\"https:\\\/\\\/www.fond-mobile-aqualift.com\\\/fr\\\/?s={search_term_string}\"},\"query-input\":{\"@type\":\"PropertyValueSpecification\",\"valueRequired\":true,\"valueName\":\"search_term_string\"}}],\"inLanguage\":\"fr-FR\"}]}<\/script>\n<!-- \/ Yoast SEO plugin. -->","yoast_head_json":{"title":"Gestion des cookies \u2013 Aqualift Fond Mobile Piscine","description":"G\u00e9rez vos pr\u00e9f\u00e9rences de cookies sur le site Aqualift. D\u00e9couvrez comment vos donn\u00e9es sont utilis\u00e9es et adaptez les param\u00e8tres selon vos besoins.","robots":{"index":"index","follow":"follow","max-snippet":"max-snippet:-1","max-image-preview":"max-image-preview:large","max-video-preview":"max-video-preview:-1"},"canonical":"https:\/\/www.fond-mobile-aqualift.com\/fr\/gestion-des-cookies\/","og_locale":"fr_FR","og_type":"article","og_title":"Gestion des cookies \u2013 Aqualift Fond Mobile Piscine","og_description":"G\u00e9rez vos pr\u00e9f\u00e9rences de cookies sur le site Aqualift. D\u00e9couvrez comment vos donn\u00e9es sont utilis\u00e9es et adaptez les param\u00e8tres selon vos besoins.","og_url":"https:\/\/www.fond-mobile-aqualift.com\/fr\/gestion-des-cookies\/","og_site_name":"Aqualift Industrie","article_modified_time":"2025-05-09T08:19:30+00:00","twitter_card":"summary_large_image","twitter_misc":{"Dur\u00e9e de lecture estim\u00e9e":"8 minutes"},"schema":{"@context":"https:\/\/schema.org","@graph":[{"@type":"WebPage","@id":"https:\/\/www.fond-mobile-aqualift.com\/fr\/gestion-des-cookies\/","url":"https:\/\/www.fond-mobile-aqualift.com\/fr\/gestion-des-cookies\/","name":"Gestion des cookies \u2013 Aqualift Fond Mobile Piscine","isPartOf":{"@id":"https:\/\/www.fond-mobile-aqualift.com\/fr\/#website"},"datePublished":"2021-08-09T10:08:02+00:00","dateModified":"2025-05-09T08:19:30+00:00","description":"G\u00e9rez vos pr\u00e9f\u00e9rences de cookies sur le site Aqualift. D\u00e9couvrez comment vos donn\u00e9es sont utilis\u00e9es et adaptez les param\u00e8tres selon vos besoins.","breadcrumb":{"@id":"https:\/\/www.fond-mobile-aqualift.com\/fr\/gestion-des-cookies\/#breadcrumb"},"inLanguage":"fr-FR","potentialAction":[{"@type":"ReadAction","target":["https:\/\/www.fond-mobile-aqualift.com\/fr\/gestion-des-cookies\/"]}]},{"@type":"BreadcrumbList","@id":"https:\/\/www.fond-mobile-aqualift.com\/fr\/gestion-des-cookies\/#breadcrumb","itemListElement":[{"@type":"ListItem","position":1,"name":"Accueil","item":"https:\/\/www.fond-mobile-aqualift.com\/fr\/"},{"@type":"ListItem","position":2,"name":"Politique d\u2019utilisation des cookies"}]},{"@type":"WebSite","@id":"https:\/\/www.fond-mobile-aqualift.com\/fr\/#website","url":"https:\/\/www.fond-mobile-aqualift.com\/fr\/","name":"Aqualift Industrie","description":"Leader mondial du fond mobile pour piscine","potentialAction":[{"@type":"SearchAction","target":{"@type":"EntryPoint","urlTemplate":"https:\/\/www.fond-mobile-aqualift.com\/fr\/?s={search_term_string}"},"query-input":{"@type":"PropertyValueSpecification","valueRequired":true,"valueName":"search_term_string"}}],"inLanguage":"fr-FR"}]}},"_links":{"self":[{"href":"https:\/\/www.fond-mobile-aqualift.com\/fr\/wp-json\/wp\/v2\/pages\/7185","targetHints":{"allow":["GET"]}}],"collection":[{"href":"https:\/\/www.fond-mobile-aqualift.com\/fr\/wp-json\/wp\/v2\/pages"}],"about":[{"href":"https:\/\/www.fond-mobile-aqualift.com\/fr\/wp-json\/wp\/v2\/types\/page"}],"author":[{"embeddable":true,"href":"https:\/\/www.fond-mobile-aqualift.com\/fr\/wp-json\/wp\/v2\/users\/1"}],"replies":[{"embeddable":true,"href":"https:\/\/www.fond-mobile-aqualift.com\/fr\/wp-json\/wp\/v2\/comments?post=7185"}],"version-history":[{"count":1,"href":"https:\/\/www.fond-mobile-aqualift.com\/fr\/wp-json\/wp\/v2\/pages\/7185\/revisions"}],"predecessor-version":[{"id":21535,"href":"https:\/\/www.fond-mobile-aqualift.com\/fr\/wp-json\/wp\/v2\/pages\/7185\/revisions\/21535"}],"wp:attachment":[{"href":"https:\/\/www.fond-mobile-aqualift.com\/fr\/wp-json\/wp\/v2\/media?parent=7185"}],"curies":[{"name":"wp","href":"https:\/\/api.w.org\/{rel}","templated":true}]}}