{"id":408,"date":"2020-03-09T14:03:20","date_gmt":"2020-03-09T13:03:20","guid":{"rendered":"https:\/\/www.fond-mobile-aqualift.com\/?page_id=408"},"modified":"2024-02-27T17:05:28","modified_gmt":"2024-02-27T16:05:28","slug":"fond-mobile-pro-scubalift","status":"publish","type":"page","link":"https:\/\/www.fond-mobile-aqualift.com\/fr\/fonds-mobiles-pro\/fond-mobile-pro-scubalift\/","title":{"rendered":"Fond mobile pour la plong\u00e9e"},"content":{"rendered":"<div class=\"wpb-content-wrapper\"><p>[vc_row type=\u00a0\u00bbvc_default\u00a0\u00bb][vc_column]<div id=\"ultimate-heading-640569f5a3d70145d\" class=\"uvc-heading ult-adjust-bottom-margin ultimate-heading-640569f5a3d70145d uvc-2882  uvc-heading-default-font-sizes\" data-hspacer=\"no_spacer\"  data-halign=\"left\" style=\"text-align:left\"><div class=\"uvc-heading-spacer no_spacer\" style=\"top\"><\/div><div class=\"uvc-main-heading ult-responsive\"  data-ultimate-target='.uvc-heading.ultimate-heading-640569f5a3d70145d h2'  data-responsive-json-new='{\"font-size\":\"\",\"line-height\":\"\"}' ><h2 style=\"--font-weight:theme;margin-bottom:20px;\">Pour l\u2019apprentissage de la plong\u00e9e en profondeur<\/h2><\/div><div class=\"uvc-sub-heading ult-responsive\"  data-ultimate-target='.uvc-heading.ultimate-heading-640569f5a3d70145d .uvc-sub-heading '  data-responsive-json-new='{\"font-size\":\"desktop:18px;\",\"line-height\":\"desktop:24px;\"}'  style=\"font-family:&#039;Roboto&#039;;font-weight:300;color:#00a4de;margin-bottom:35px;\">Lors de l\u2019apprentissage de la plong\u00e9e, les profondeurs o\u00f9 l\u2019\u00e9l\u00e8ve nage varient en fonction de son niveau de pratique.<\/div><\/div>[vc_column_text]C\u2019est \u00e0 cette probl\u00e9matique que r\u00e9pondent les fonds mobiles d\u2019Aqualift. Avec sa gamme Scubalift, le fond de piscine mobile est con\u00e7u pour \u00eatre capable de descendre <strong>jusqu\u2019\u00e0 20 m de profondeur<\/strong>.<\/p>\n<p>R\u00e9pondant \u00e0 la <strong>norme CE<\/strong>, ce fond est tout \u00e0 fait adapt\u00e9 aux grands bassins et piscines municipales. Cette gamme s\u2019adresse exclusivement aux bassins de forme g\u00e9om\u00e9trique (rond, carr\u00e9, rectangulaire).[\/vc_column_text]<div id=\"ultimate-heading-742269f5a3d701530\" class=\"uvc-heading ult-adjust-bottom-margin ultimate-heading-742269f5a3d701530 uvc-1603 \" data-hspacer=\"no_spacer\"  data-halign=\"center\" style=\"text-align:center\"><div class=\"uvc-heading-spacer no_spacer\" style=\"top\"><\/div><div class=\"uvc-main-heading ult-responsive\"  data-ultimate-target='.uvc-heading.ultimate-heading-742269f5a3d701530 h3'  data-responsive-json-new='{\"font-size\":\"desktop:36px;\",\"line-height\":\"desktop:40px;\"}' ><h3 style=\"font-family:&#039;Encode Sans&#039;;font-weight:300;color:#00a4de;margin-bottom:20px;\">Faites la joie de tous les apprentis plongeurs !<\/h3><\/div><\/div>[\/vc_column][\/vc_row][vc_row bg_type=\u00a0\u00bbimage\u00a0\u00bb parallax_style=\u00a0\u00bbvcpb-default\u00a0\u00bb bg_image_new=\u00a0\u00bbid^548|url^https:\/\/www.fond-mobile-aqualift.com\/wp-content\/uploads\/2020\/04\/Scubalift_caract_2500x600.jpg|caption^null|alt^Scubalift|title^Scubalift|description^null\u00a0\u00bb bg_image_repeat=\u00a0\u00bbno-repeat\u00a0\u00bb bg_override=\u00a0\u00bbex-full\u00a0\u00bb enable_overlay=\u00a0\u00bbenable_overlay_value\u00a0\u00bb overlay_color=\u00a0\u00bbrgba(10,10,10,0.7)\u00a0\u00bb seperator_enable=\u00a0\u00bbseperator_enable_value\u00a0\u00bb seperator_type=\u00a0\u00bbtilt_left_seperator\u00a0\u00bb seperator_svg_height=\u00a0\u00bb50&Prime; seperator_shape_background=\u00a0\u00bb#ffffff\u00a0\u00bb icon_type=\u00a0\u00bbselector\u00a0\u00bb icon=\u00a0\u00bbicomoon-the7-font-the7-arrow-29-1&Prime; icon_size=\u00a0\u00bb28&Prime; icon_color=\u00a0\u00bb#666666&Prime; icon_style=\u00a0\u00bbcircle\u00a0\u00bb icon_color_bg=\u00a0\u00bbrgba(255,255,255,0.9)\u00a0\u00bb type=\u00a0\u00bbvc_default\u00a0\u00bb css=\u00a0\u00bb.vc_custom_1586350397321{padding-top: 70px !important;}\u00a0\u00bb][vc_column css=\u00a0\u00bb.vc_custom_1582641028632{padding-bottom: 35px !important;}\u00a0\u00bb]<div id=\"ultimate-heading-943669f5a3d7015c2\" class=\"uvc-heading ult-adjust-bottom-margin ultimate-heading-943669f5a3d7015c2 uvc-1448 \" data-hspacer=\"no_spacer\"  data-halign=\"center\" style=\"text-align:center\"><div class=\"uvc-heading-spacer no_spacer\" style=\"top\"><\/div><div class=\"uvc-main-heading ult-responsive\"  data-ultimate-target='.uvc-heading.ultimate-heading-943669f5a3d7015c2 h2'  data-responsive-json-new='{\"font-size\":\"desktop:30px;\",\"line-height\":\"desktop:34px;\"}' ><h2 style=\"font-family:&#039;Roboto&#039;;font-weight:100;color:#ffffff;margin-bottom:20px;\">Caract\u00e9ristiques et options du fond mobile Pro Scubalift !<\/h2><\/div><div class=\"uvc-sub-heading ult-responsive\"  data-ultimate-target='.uvc-heading.ultimate-heading-943669f5a3d7015c2 .uvc-sub-heading '  data-responsive-json-new='{\"font-size\":\"desktop:16px;\",\"line-height\":\"desktop:22px;\"}'  style=\"font-family:&#039;Roboto&#039;;font-weight:300;color:#ffffff;margin-bottom:30px;\">Cette gamme s\u2019adresse exclusivement aux bassins de forme g\u00e9om\u00e9trique (rond, carr\u00e9, rectangulaire).<\/div><\/div>[vc_row_inner equal_height=\u00a0\u00bbyes\u00a0\u00bb][vc_column_inner width=\u00a0\u00bb1\/6&Prime; offset=\u00a0\u00bbvc_col-xs-6&Prime;][vc_single_image image=\u00a0\u00bb107&Prime; img_size=\u00a0\u00bbfull\u00a0\u00bb alignment=\u00a0\u00bbcenter\u00a0\u00bb css_animation=\u00a0\u00bbfadeInUp\u00a0\u00bb image_hovers=\u00a0\u00bbfalse\u00a0\u00bb css=\u00a0\u00bb.vc_custom_1582627061579{margin-bottom: 0px !important;}\u00a0\u00bb]<div id=\"ultimate-heading-903669f5a3d701678\" class=\"uvc-heading ult-adjust-bottom-margin ultimate-heading-903669f5a3d701678 uvc-9814 \" data-hspacer=\"no_spacer\"  data-halign=\"center\" style=\"text-align:center\"><div class=\"uvc-heading-spacer no_spacer\" style=\"top\"><\/div><div class=\"uvc-main-heading ult-responsive\"  data-ultimate-target='.uvc-heading.ultimate-heading-903669f5a3d701678 h4'  data-responsive-json-new='{\"font-size\":\"desktop:18px;\",\"line-height\":\"desktop:22px;\"}' ><h4 style=\"font-family:&#039;Roboto&#039;;font-weight:300;color:#ffffff;margin-bottom:15px;\">Dimensions<\/h4><\/div><div class=\"uvc-sub-heading ult-responsive\"  data-ultimate-target='.uvc-heading.ultimate-heading-903669f5a3d701678 .uvc-sub-heading '  data-responsive-json-new='{\"font-size\":\"desktop:16px;\",\"line-height\":\"desktop:20px;\"}'  style=\"font-family:&#039;Roboto&#039;;font-weight:100;color:#ffffff;margin-bottom:20px;\">Jusqu\u2019\u00e0 20 m\u00e8tres de profondeur<\/div><\/div>[\/vc_column_inner][vc_column_inner width=\u00a0\u00bb1\/6&Prime; offset=\u00a0\u00bbvc_col-xs-6&Prime;][vc_single_image image=\u00a0\u00bb118&Prime; img_size=\u00a0\u00bbfull\u00a0\u00bb alignment=\u00a0\u00bbcenter\u00a0\u00bb css_animation=\u00a0\u00bbfadeInUp\u00a0\u00bb image_hovers=\u00a0\u00bbfalse\u00a0\u00bb css=\u00a0\u00bb.vc_custom_1582627431483{margin-bottom: 0px !important;}\u00a0\u00bb]<div id=\"ultimate-heading-94969f5a3d701733\" class=\"uvc-heading ult-adjust-bottom-margin ultimate-heading-94969f5a3d701733 uvc-3727 \" data-hspacer=\"no_spacer\"  data-halign=\"center\" style=\"text-align:center\"><div class=\"uvc-heading-spacer no_spacer\" style=\"top\"><\/div><div class=\"uvc-main-heading ult-responsive\"  data-ultimate-target='.uvc-heading.ultimate-heading-94969f5a3d701733 h4'  data-responsive-json-new='{\"font-size\":\"desktop:18px;\",\"line-height\":\"desktop:22px;\"}' ><h4 style=\"font-family:&#039;Roboto&#039;;font-weight:300;color:#ffffff;margin-bottom:15px;\">Formes<\/h4><\/div><div class=\"uvc-sub-heading ult-responsive\"  data-ultimate-target='.uvc-heading.ultimate-heading-94969f5a3d701733 .uvc-sub-heading '  data-responsive-json-new='{\"font-size\":\"desktop:16px;\",\"line-height\":\"desktop:20px;\"}'  style=\"font-family:&#039;Roboto&#039;;font-weight:100;color:#ffffff;margin-bottom:20px;\">Bassins de forme g\u00e9om\u00e9trique (rond, carr\u00e9, rectangulaire\u2026)<\/div><\/div>[\/vc_column_inner][vc_column_inner width=\u00a0\u00bb1\/6&Prime; offset=\u00a0\u00bbvc_col-xs-6&Prime;][vc_single_image image=\u00a0\u00bb119&Prime; img_size=\u00a0\u00bbfull\u00a0\u00bb alignment=\u00a0\u00bbcenter\u00a0\u00bb css_animation=\u00a0\u00bbfadeInUp\u00a0\u00bb image_hovers=\u00a0\u00bbfalse\u00a0\u00bb css=\u00a0\u00bb.vc_custom_1582627486450{margin-bottom: 0px !important;}\u00a0\u00bb]<div id=\"ultimate-heading-778469f5a3d7017d1\" class=\"uvc-heading ult-adjust-bottom-margin ultimate-heading-778469f5a3d7017d1 uvc-4777 \" data-hspacer=\"no_spacer\"  data-halign=\"center\" style=\"text-align:center\"><div class=\"uvc-heading-spacer no_spacer\" style=\"top\"><\/div><div class=\"uvc-main-heading ult-responsive\"  data-ultimate-target='.uvc-heading.ultimate-heading-778469f5a3d7017d1 h4'  data-responsive-json-new='{\"font-size\":\"desktop:18px;\",\"line-height\":\"desktop:22px;\"}' ><h4 style=\"font-family:&#039;Roboto&#039;;font-weight:300;color:#ffffff;margin-bottom:15px;\">Int\u00e9rieur<\/h4><\/div><div class=\"uvc-sub-heading ult-responsive\"  data-ultimate-target='.uvc-heading.ultimate-heading-778469f5a3d7017d1 .uvc-sub-heading '  data-responsive-json-new='{\"font-size\":\"desktop:16px;\",\"line-height\":\"desktop:20px;\"}'  style=\"font-family:&#039;Roboto&#039;;font-weight:100;color:#ffffff;margin-bottom:20px;\">Toutes options possibles<\/div><\/div>[\/vc_column_inner][vc_column_inner width=\u00a0\u00bb1\/6&Prime; offset=\u00a0\u00bbvc_col-xs-6&Prime;][vc_single_image image=\u00a0\u00bb120&Prime; img_size=\u00a0\u00bbfull\u00a0\u00bb alignment=\u00a0\u00bbcenter\u00a0\u00bb css_animation=\u00a0\u00bbfadeInUp\u00a0\u00bb image_hovers=\u00a0\u00bbfalse\u00a0\u00bb css=\u00a0\u00bb.vc_custom_1582627525680{margin-bottom: 0px !important;}\u00a0\u00bb]<div id=\"ultimate-heading-254769f5a3d701853\" class=\"uvc-heading ult-adjust-bottom-margin ultimate-heading-254769f5a3d701853 uvc-8739 \" data-hspacer=\"no_spacer\"  data-halign=\"center\" style=\"text-align:center\"><div class=\"uvc-heading-spacer no_spacer\" style=\"top\"><\/div><div class=\"uvc-main-heading ult-responsive\"  data-ultimate-target='.uvc-heading.ultimate-heading-254769f5a3d701853 h4'  data-responsive-json-new='{\"font-size\":\"desktop:18px;\",\"line-height\":\"desktop:22px;\"}' ><h4 style=\"font-family:&#039;Roboto&#039;;font-weight:300;color:#ffffff;margin-bottom:15px;\">Ext\u00e9rieur<\/h4><\/div><div class=\"uvc-sub-heading ult-responsive\"  data-ultimate-target='.uvc-heading.ultimate-heading-254769f5a3d701853 .uvc-sub-heading '  data-responsive-json-new='{\"font-size\":\"desktop:16px;\",\"line-height\":\"desktop:20px;\"}'  style=\"font-family:&#039;Roboto&#039;;font-weight:100;color:#ffffff;margin-bottom:20px;\">Toutes options possibles<\/div><\/div>[\/vc_column_inner][vc_column_inner width=\u00a0\u00bb1\/6&Prime; offset=\u00a0\u00bbvc_col-xs-6&Prime;][vc_single_image image=\u00a0\u00bb121&Prime; img_size=\u00a0\u00bbfull\u00a0\u00bb alignment=\u00a0\u00bbcenter\u00a0\u00bb css_animation=\u00a0\u00bbfadeInUp\u00a0\u00bb image_hovers=\u00a0\u00bbfalse\u00a0\u00bb css=\u00a0\u00bb.vc_custom_1582627575832{margin-bottom: 0px !important;}\u00a0\u00bb]<div id=\"ultimate-heading-11069f5a3d7018ff\" class=\"uvc-heading ult-adjust-bottom-margin ultimate-heading-11069f5a3d7018ff uvc-8160 \" data-hspacer=\"no_spacer\"  data-halign=\"center\" style=\"text-align:center\"><div class=\"uvc-heading-spacer no_spacer\" style=\"top\"><\/div><div class=\"uvc-main-heading ult-responsive\"  data-ultimate-target='.uvc-heading.ultimate-heading-11069f5a3d7018ff h4'  data-responsive-json-new='{\"font-size\":\"desktop:18px;\",\"line-height\":\"desktop:22px;\"}' ><h4 style=\"font-family:&#039;Roboto&#039;;font-weight:300;color:#ffffff;margin-bottom:15px;\">Rev\u00eatement<\/h4><\/div><div class=\"uvc-sub-heading ult-responsive\"  data-ultimate-target='.uvc-heading.ultimate-heading-11069f5a3d7018ff .uvc-sub-heading '  data-responsive-json-new='{\"font-size\":\"desktop:16px;\",\"line-height\":\"desktop:20px;\"}'  style=\"font-family:&#039;Roboto&#039;;font-weight:100;color:#ffffff;margin-bottom:20px;\">Fond mobile en PVC sp\u00e9cifique<\/div><\/div>[\/vc_column_inner][vc_column_inner width=\u00a0\u00bb1\/6&Prime; offset=\u00a0\u00bbvc_col-xs-6&Prime;][vc_single_image image=\u00a0\u00bb122&Prime; img_size=\u00a0\u00bbfull\u00a0\u00bb alignment=\u00a0\u00bbcenter\u00a0\u00bb css_animation=\u00a0\u00bbfadeInUp\u00a0\u00bb image_hovers=\u00a0\u00bbfalse\u00a0\u00bb css=\u00a0\u00bb.vc_custom_1582627622667{margin-bottom: 0px !important;}\u00a0\u00bb]<div id=\"ultimate-heading-75369f5a3d70198d\" class=\"uvc-heading ult-adjust-bottom-margin ultimate-heading-75369f5a3d70198d uvc-4834 \" data-hspacer=\"no_spacer\"  data-halign=\"center\" style=\"text-align:center\"><div class=\"uvc-heading-spacer no_spacer\" style=\"top\"><\/div><div class=\"uvc-main-heading ult-responsive\"  data-ultimate-target='.uvc-heading.ultimate-heading-75369f5a3d70198d h4'  data-responsive-json-new='{\"font-size\":\"desktop:18px;\",\"line-height\":\"desktop:22px;\"}' ><h4 style=\"font-family:&#039;Roboto&#039;;font-weight:300;color:#ffffff;margin-bottom:15px;\">Options<\/h4><\/div><div class=\"uvc-sub-heading ult-responsive\"  data-ultimate-target='.uvc-heading.ultimate-heading-75369f5a3d70198d .uvc-sub-heading '  data-responsive-json-new='{\"font-size\":\"desktop:16px;\",\"line-height\":\"desktop:20px;\"}'  style=\"font-family:&#039;Roboto&#039;;font-weight:100;color:#ffffff;margin-bottom:20px;\">Afficheur de profondeur<\/div><\/div>[\/vc_column_inner][\/vc_row_inner][\/vc_column][\/vc_row][vc_row full_width=\u00a0\u00bbstretch_row\u00a0\u00bb content_placement=\u00a0\u00bbmiddle\u00a0\u00bb bg_type=\u00a0\u00bbimage\u00a0\u00bb parallax_style=\u00a0\u00bbvcpb-default\u00a0\u00bb bg_image_new=\u00a0\u00bbid^99|url^https:\/\/www.fond-mobile-aqualift.com\/wp-content\/uploads\/2020\/02\/savoir_faire_2500x600.jpg|caption^null|alt^Savoir-faire Aqualift|title^Savoir-faire Aqualift|description^null\u00a0\u00bb bg_image_repeat=\u00a0\u00bbno-repeat\u00a0\u00bb bg_override=\u00a0\u00bbex-full\u00a0\u00bb enable_overlay=\u00a0\u00bbenable_overlay_value\u00a0\u00bb overlay_color=\u00a0\u00bbrgba(0,0,0,0.45)\u00a0\u00bb type=\u00a0\u00bbvc_default\u00a0\u00bb][vc_column css=\u00a0\u00bb.vc_custom_1582622533597{padding: 35px !important;}\u00a0\u00bb][vc_row_inner equal_height=\u00a0\u00bbyes\u00a0\u00bb content_placement=\u00a0\u00bbmiddle\u00a0\u00bb gap=\u00a0\u00bb35&Prime;][vc_column_inner width=\u00a0\u00bb1\/2&Prime; css=\u00a0\u00bb.vc_custom_1582624263173{margin-top: 0px !important;margin-right: 0px !important;margin-bottom: 0px !important;margin-left: 0px !important;padding-top: 0px !important;padding-right: 0px !important;padding-bottom: 0px !important;padding-left: 0px !important;}\u00a0\u00bb]<div id=\"ultimate-heading-52469f5a3d701a1e\" class=\"uvc-heading ult-adjust-bottom-margin ultimate-heading-52469f5a3d701a1e uvc-848 \" data-hspacer=\"no_spacer\"  data-halign=\"center\" style=\"text-align:center\"><div class=\"uvc-heading-spacer no_spacer\" style=\"top\"><\/div><div class=\"uvc-main-heading ult-responsive\"  data-ultimate-target='.uvc-heading.ultimate-heading-52469f5a3d701a1e h2'  data-responsive-json-new='{\"font-size\":\"desktop:32px;\",\"line-height\":\"desktop:38px;\"}' ><h2 style=\"font-family:&#039;Roboto&#039;;--font-weight:theme;color:#ffffff;\">Besoin d'informations ou d'une \u00e9tude ?<\/h2><\/div><\/div>[\/vc_column_inner][vc_column_inner width=\u00a0\u00bb1\/2&Prime;]<div class=\" vc_custom_1709049926417 ubtn-ctn-center \"><a class=\"ubtn-link ult-adjust-bottom-margin ubtn-center ubtn-normal \" href=\"https:\/\/fond-mobile-aqualift.com\/fr\/realisez-votre-projet\/votre-projet-de-fond-mobile-aqualift\/\" ><button type=\"button\" id=\"ubtn-2562\"  class=\"ubtn ult-adjust-bottom-margin ult-responsive ubtn-normal ubtn-fade-bg  none  ubtn-sep-icon ubtn-sep-icon-right-push  ubtn-center   tooltip-69f5a3d701a9e\"  data-hover=\"#ffffff\" data-border-color=\"\" data-bg=\"#00a4de\" data-hover-bg=\"rgba(0,122,188,0.7)\" data-border-hover=\"\" data-shadow-hover=\"\" data-shadow-click=\"none\" data-shadow=\"\" data-shd-shadow=\"\"  data-ultimate-target='#ubtn-2562'  data-responsive-json-new='{\"font-size\":\"desktop:18px;\",\"line-height\":\"desktop:24px;\"}'  style=\"font-family:&#039;Roboto&#039;;font-weight:normal;border-radius:300px;border-width:0px;border-color:;border-style:solid;background: #00a4de;color: #ffffff;\"><span class=\"ubtn-data ubtn-icon\"><i class=\"icomoon-the7-font-the7-comment-01\" style=\"font-size:20px;color:#ffffff;\"><\/i><\/span><span class=\"ubtn-hover\" style=\"background-color:rgba(0,122,188,0.7)\"><\/span><span class=\"ubtn-data ubtn-text \" >CONTACTEZ-NOUS<\/span><\/button><\/a><\/div>[\/vc_column_inner][\/vc_row_inner][\/vc_column][\/vc_row]<\/p>\n<\/div>","protected":false},"excerpt":{"rendered":"<p>[vc_row type=\u00a0\u00bbvc_default\u00a0\u00bb][vc_column][vc_column_text]C\u2019est \u00e0 cette probl\u00e9matique que r\u00e9pondent les fonds mobiles d\u2019Aqualift. Avec sa gamme Scubalift, le fond de piscine mobile est con\u00e7u pour \u00eatre capable de descendre jusqu\u2019\u00e0 20 m de profondeur. R\u00e9pondant \u00e0 la norme CE, ce fond est tout \u00e0 fait adapt\u00e9 aux grands bassins et piscines municipales. Cette gamme s\u2019adresse exclusivement aux&hellip;<\/p>\n","protected":false},"author":1,"featured_media":0,"parent":255,"menu_order":0,"comment_status":"closed","ping_status":"closed","template":"","meta":{"footnotes":""},"class_list":["post-408","page","type-page","status-publish","hentry","description-off"],"yoast_head":"<!-- This site is optimized with the Yoast SEO plugin v27.3 - https:\/\/yoast.com\/product\/yoast-seo-wordpress\/ -->\n<title>AQUALIFT | Fond de piscine mobile pour l&#039;apprentissage de la plong\u00e9e<\/title>\n<meta name=\"description\" content=\"Un fond de piscine mobile sp\u00e9cialement con\u00e7u pour la plong\u00e9e : variations de profondeurs, id\u00e9al pour l&#039;apprentissage en douceur.\" \/>\n<meta name=\"robots\" content=\"index, follow, max-snippet:-1, max-image-preview:large, max-video-preview:-1\" \/>\n<link rel=\"canonical\" href=\"https:\/\/www.fond-mobile-aqualift.com\/fr\/fonds-mobiles-pro\/fond-mobile-pro-scubalift\/\" \/>\n<meta property=\"og:locale\" content=\"fr_FR\" \/>\n<meta property=\"og:type\" content=\"article\" \/>\n<meta property=\"og:title\" content=\"AQUALIFT | Fond de piscine mobile pour l&#039;apprentissage de la plong\u00e9e\" \/>\n<meta property=\"og:description\" content=\"Un fond de piscine mobile sp\u00e9cialement con\u00e7u pour la plong\u00e9e : variations de profondeurs, id\u00e9al pour l&#039;apprentissage en douceur.\" \/>\n<meta property=\"og:url\" content=\"https:\/\/www.fond-mobile-aqualift.com\/fr\/fonds-mobiles-pro\/fond-mobile-pro-scubalift\/\" \/>\n<meta property=\"og:site_name\" content=\"Aqualift Industrie\" \/>\n<meta property=\"article:modified_time\" content=\"2024-02-27T16:05:28+00:00\" \/>\n<meta name=\"twitter:card\" content=\"summary_large_image\" \/>\n<meta name=\"twitter:label1\" content=\"Dur\u00e9e de lecture estim\u00e9e\" \/>\n\t<meta name=\"twitter:data1\" content=\"3 minutes\" \/>\n<script type=\"application\/ld+json\" class=\"yoast-schema-graph\">{\"@context\":\"https:\\\/\\\/schema.org\",\"@graph\":[{\"@type\":\"WebPage\",\"@id\":\"https:\\\/\\\/www.fond-mobile-aqualift.com\\\/fr\\\/fonds-mobiles-pro\\\/fond-mobile-pro-scubalift\\\/\",\"url\":\"https:\\\/\\\/www.fond-mobile-aqualift.com\\\/fr\\\/fonds-mobiles-pro\\\/fond-mobile-pro-scubalift\\\/\",\"name\":\"AQUALIFT | Fond de piscine mobile pour l'apprentissage de la plong\u00e9e\",\"isPartOf\":{\"@id\":\"https:\\\/\\\/www.fond-mobile-aqualift.com\\\/fr\\\/#website\"},\"datePublished\":\"2020-03-09T13:03:20+00:00\",\"dateModified\":\"2024-02-27T16:05:28+00:00\",\"description\":\"Un fond de piscine mobile sp\u00e9cialement con\u00e7u pour la plong\u00e9e : variations de profondeurs, id\u00e9al pour l'apprentissage en douceur.\",\"breadcrumb\":{\"@id\":\"https:\\\/\\\/www.fond-mobile-aqualift.com\\\/fr\\\/fonds-mobiles-pro\\\/fond-mobile-pro-scubalift\\\/#breadcrumb\"},\"inLanguage\":\"fr-FR\",\"potentialAction\":[{\"@type\":\"ReadAction\",\"target\":[\"https:\\\/\\\/www.fond-mobile-aqualift.com\\\/fr\\\/fonds-mobiles-pro\\\/fond-mobile-pro-scubalift\\\/\"]}]},{\"@type\":\"BreadcrumbList\",\"@id\":\"https:\\\/\\\/www.fond-mobile-aqualift.com\\\/fr\\\/fonds-mobiles-pro\\\/fond-mobile-pro-scubalift\\\/#breadcrumb\",\"itemListElement\":[{\"@type\":\"ListItem\",\"position\":1,\"name\":\"Accueil\",\"item\":\"https:\\\/\\\/www.fond-mobile-aqualift.com\\\/fr\\\/\"},{\"@type\":\"ListItem\",\"position\":2,\"name\":\"Fonds mobiles professionnels\",\"item\":\"https:\\\/\\\/www.fond-mobile-aqualift.com\\\/fr\\\/fonds-mobiles-pro\\\/\"},{\"@type\":\"ListItem\",\"position\":3,\"name\":\"Fond mobile pour la plong\u00e9e\"}]},{\"@type\":\"WebSite\",\"@id\":\"https:\\\/\\\/www.fond-mobile-aqualift.com\\\/fr\\\/#website\",\"url\":\"https:\\\/\\\/www.fond-mobile-aqualift.com\\\/fr\\\/\",\"name\":\"Aqualift Industrie\",\"description\":\"Leader mondial du fond mobile pour piscine\",\"potentialAction\":[{\"@type\":\"SearchAction\",\"target\":{\"@type\":\"EntryPoint\",\"urlTemplate\":\"https:\\\/\\\/www.fond-mobile-aqualift.com\\\/fr\\\/?s={search_term_string}\"},\"query-input\":{\"@type\":\"PropertyValueSpecification\",\"valueRequired\":true,\"valueName\":\"search_term_string\"}}],\"inLanguage\":\"fr-FR\"}]}<\/script>\n<!-- \/ Yoast SEO plugin. -->","yoast_head_json":{"title":"AQUALIFT | Fond de piscine mobile pour l'apprentissage de la plong\u00e9e","description":"Un fond de piscine mobile sp\u00e9cialement con\u00e7u pour la plong\u00e9e : variations de profondeurs, id\u00e9al pour l'apprentissage en douceur.","robots":{"index":"index","follow":"follow","max-snippet":"max-snippet:-1","max-image-preview":"max-image-preview:large","max-video-preview":"max-video-preview:-1"},"canonical":"https:\/\/www.fond-mobile-aqualift.com\/fr\/fonds-mobiles-pro\/fond-mobile-pro-scubalift\/","og_locale":"fr_FR","og_type":"article","og_title":"AQUALIFT | Fond de piscine mobile pour l'apprentissage de la plong\u00e9e","og_description":"Un fond de piscine mobile sp\u00e9cialement con\u00e7u pour la plong\u00e9e : variations de profondeurs, id\u00e9al pour l'apprentissage en douceur.","og_url":"https:\/\/www.fond-mobile-aqualift.com\/fr\/fonds-mobiles-pro\/fond-mobile-pro-scubalift\/","og_site_name":"Aqualift Industrie","article_modified_time":"2024-02-27T16:05:28+00:00","twitter_card":"summary_large_image","twitter_misc":{"Dur\u00e9e de lecture estim\u00e9e":"3 minutes"},"schema":{"@context":"https:\/\/schema.org","@graph":[{"@type":"WebPage","@id":"https:\/\/www.fond-mobile-aqualift.com\/fr\/fonds-mobiles-pro\/fond-mobile-pro-scubalift\/","url":"https:\/\/www.fond-mobile-aqualift.com\/fr\/fonds-mobiles-pro\/fond-mobile-pro-scubalift\/","name":"AQUALIFT | Fond de piscine mobile pour l'apprentissage de la plong\u00e9e","isPartOf":{"@id":"https:\/\/www.fond-mobile-aqualift.com\/fr\/#website"},"datePublished":"2020-03-09T13:03:20+00:00","dateModified":"2024-02-27T16:05:28+00:00","description":"Un fond de piscine mobile sp\u00e9cialement con\u00e7u pour la plong\u00e9e : variations de profondeurs, id\u00e9al pour l'apprentissage en douceur.","breadcrumb":{"@id":"https:\/\/www.fond-mobile-aqualift.com\/fr\/fonds-mobiles-pro\/fond-mobile-pro-scubalift\/#breadcrumb"},"inLanguage":"fr-FR","potentialAction":[{"@type":"ReadAction","target":["https:\/\/www.fond-mobile-aqualift.com\/fr\/fonds-mobiles-pro\/fond-mobile-pro-scubalift\/"]}]},{"@type":"BreadcrumbList","@id":"https:\/\/www.fond-mobile-aqualift.com\/fr\/fonds-mobiles-pro\/fond-mobile-pro-scubalift\/#breadcrumb","itemListElement":[{"@type":"ListItem","position":1,"name":"Accueil","item":"https:\/\/www.fond-mobile-aqualift.com\/fr\/"},{"@type":"ListItem","position":2,"name":"Fonds mobiles professionnels","item":"https:\/\/www.fond-mobile-aqualift.com\/fr\/fonds-mobiles-pro\/"},{"@type":"ListItem","position":3,"name":"Fond mobile pour la plong\u00e9e"}]},{"@type":"WebSite","@id":"https:\/\/www.fond-mobile-aqualift.com\/fr\/#website","url":"https:\/\/www.fond-mobile-aqualift.com\/fr\/","name":"Aqualift Industrie","description":"Leader mondial du fond mobile pour piscine","potentialAction":[{"@type":"SearchAction","target":{"@type":"EntryPoint","urlTemplate":"https:\/\/www.fond-mobile-aqualift.com\/fr\/?s={search_term_string}"},"query-input":{"@type":"PropertyValueSpecification","valueRequired":true,"valueName":"search_term_string"}}],"inLanguage":"fr-FR"}]}},"_links":{"self":[{"href":"https:\/\/www.fond-mobile-aqualift.com\/fr\/wp-json\/wp\/v2\/pages\/408","targetHints":{"allow":["GET"]}}],"collection":[{"href":"https:\/\/www.fond-mobile-aqualift.com\/fr\/wp-json\/wp\/v2\/pages"}],"about":[{"href":"https:\/\/www.fond-mobile-aqualift.com\/fr\/wp-json\/wp\/v2\/types\/page"}],"author":[{"embeddable":true,"href":"https:\/\/www.fond-mobile-aqualift.com\/fr\/wp-json\/wp\/v2\/users\/1"}],"replies":[{"embeddable":true,"href":"https:\/\/www.fond-mobile-aqualift.com\/fr\/wp-json\/wp\/v2\/comments?post=408"}],"version-history":[{"count":2,"href":"https:\/\/www.fond-mobile-aqualift.com\/fr\/wp-json\/wp\/v2\/pages\/408\/revisions"}],"predecessor-version":[{"id":17391,"href":"https:\/\/www.fond-mobile-aqualift.com\/fr\/wp-json\/wp\/v2\/pages\/408\/revisions\/17391"}],"up":[{"embeddable":true,"href":"https:\/\/www.fond-mobile-aqualift.com\/fr\/wp-json\/wp\/v2\/pages\/255"}],"wp:attachment":[{"href":"https:\/\/www.fond-mobile-aqualift.com\/fr\/wp-json\/wp\/v2\/media?parent=408"}],"curies":[{"name":"wp","href":"https:\/\/api.w.org\/{rel}","templated":true}]}}