{"id":253,"date":"2020-03-06T11:55:01","date_gmt":"2020-03-06T10:55:01","guid":{"rendered":"https:\/\/www.fond-mobile-aqualift.com\/?page_id=253"},"modified":"2024-07-18T16:19:29","modified_gmt":"2024-07-18T14:19:29","slug":"fonds-mobiles","status":"publish","type":"page","link":"https:\/\/www.fond-mobile-aqualift.com\/fr\/fonds-mobiles\/","title":{"rendered":"Fonds mobiles"},"content":{"rendered":"<div class=\"wpb-content-wrapper\"><p>[vc_row type=\u00a0\u00bbvc_default\u00a0\u00bb][vc_column]<div id=\"ultimate-heading-320769f4d9d728719\" class=\"uvc-heading ult-adjust-bottom-margin ultimate-heading-320769f4d9d728719 uvc-6158  uvc-heading-default-font-sizes\" data-hspacer=\"no_spacer\"  data-halign=\"left\" style=\"text-align:left\"><div class=\"uvc-heading-spacer no_spacer\" style=\"top\"><\/div><div class=\"uvc-main-heading ult-responsive\"  data-ultimate-target='.uvc-heading.ultimate-heading-320769f4d9d728719 h2'  data-responsive-json-new='{\"font-size\":\"\",\"line-height\":\"\"}' ><h2 style=\"--font-weight:theme;margin-bottom:20px;\">Transformez votre terrasse en piscine<\/h2><\/div><div class=\"uvc-sub-heading ult-responsive\"  data-ultimate-target='.uvc-heading.ultimate-heading-320769f4d9d728719 .uvc-sub-heading '  data-responsive-json-new='{\"font-size\":\"desktop:18px;\",\"line-height\":\"desktop:24px;\"}'  style=\"font-family:&#039;Roboto&#039;;font-weight:300;color:#00a4de;margin-bottom:35px;\">La solution Aqualift, repose sur un syst\u00e8me \u00e0 c\u00e2bles avec v\u00e9rins hydrauliques qui actionnent une structure tout en inox.<\/div><\/div>[vc_column_text]Il s\u2019agit d\u2019une technologie industrielle \u00e9prouv\u00e9e ultra fiable d\u2019un syst\u00e8me \u00e9l\u00e9vateur hydraulique \u00e0 c\u00e2ble et v\u00e9rin. Utilis\u00e9e depuis des d\u00e9cennies, notamment dans la marine, sur les ferries pour le chargement de voitures, sur les porte-avions pour la mont\u00e9e des a\u00e9ronefs sur les ponts\u2026 Le fond mobile Aqualift agit comme un pont suspendu \u00e0 c\u00e2bles ce qui lui conf\u00e8re une r\u00e9sistance et une stabilit\u00e9 absolue.<\/p>\n<p>Ces fonds mobiles pour piscines sont con\u00e7us pour r\u00e9sister \u00e0 une charge de 100 kg \u00e0 500 kg au m\u00e8tre carr\u00e9. La norme de r\u00e9cup\u00e9ration d\u2019espace\u00a0\u00e9tant de 100 kg\/m2, Aqualift se place nettement au-dessus.<\/p>\n<p>Enfin nos fonds mobiles brevet\u00e9s avec cette technologie de c\u00e2bles et v\u00e9rins, vous garantissent une stabilit\u00e9 compl\u00e8te \u00e9quivalente au plancher de votre maison.[\/vc_column_text]<div id=\"ultimate-heading-3669f4d9d7287c8\" class=\"uvc-heading ult-adjust-bottom-margin ultimate-heading-3669f4d9d7287c8 uvc-7052 \" data-hspacer=\"no_spacer\"  data-halign=\"center\" style=\"text-align:center\"><div class=\"uvc-heading-spacer no_spacer\" style=\"top\"><\/div><div class=\"uvc-main-heading ult-responsive\"  data-ultimate-target='.uvc-heading.ultimate-heading-3669f4d9d7287c8 h3'  data-responsive-json-new='{\"font-size\":\"desktop:36px;\",\"line-height\":\"desktop:40px;\"}' ><h3 style=\"font-family:&#039;Encode Sans&#039;;font-weight:300;color:#00a4de;margin-bottom:20px;\">Nos fonds mobiles pour les particuliers<\/h3><\/div><div class=\"uvc-sub-heading ult-responsive\"  data-ultimate-target='.uvc-heading.ultimate-heading-3669f4d9d7287c8 .uvc-sub-heading '  data-responsive-json-new='{\"font-size\":\"\",\"line-height\":\"\"}'  style=\"font-weight:300;\">Notre gamme de fonds mobiles pour les particuliers s\u2019adapte \u00e0 toutes les configurations de piscine (forme g\u00e9om\u00e9trique, forme complexe, escaliers etc.) et aux projets sans limites.<\/div><\/div>[\/vc_column][\/vc_row][vc_row bg_type=\u00a0\u00bbbg_color\u00a0\u00bb bg_override=\u00a0\u00bbex-full\u00a0\u00bb seperator_enable=\u00a0\u00bbseperator_enable_value\u00a0\u00bb seperator_type=\u00a0\u00bbtilt_left_seperator\u00a0\u00bb seperator_svg_height=\u00a0\u00bb50&Prime; seperator_shape_background=\u00a0\u00bb#ffffff\u00a0\u00bb icon_type=\u00a0\u00bbselector\u00a0\u00bb icon=\u00a0\u00bbicomoon-the7-font-the7-arrow-29-1&Prime; icon_size=\u00a0\u00bb28&Prime; icon_color=\u00a0\u00bb#666666&Prime; icon_style=\u00a0\u00bbcircle\u00a0\u00bb icon_color_bg=\u00a0\u00bbrgba(255,255,255,0.9)\u00a0\u00bb type=\u00a0\u00bbvc_default\u00a0\u00bb css=\u00a0\u00bb.vc_custom_1586423837284{padding-top: 70px !important;}\u00a0\u00bb bg_color_value=\u00a0\u00bb#494949&Prime;][vc_column css=\u00a0\u00bb.vc_custom_1582641028632{padding-bottom: 35px !important;}\u00a0\u00bb][vc_row_inner content_placement=\u00a0\u00bbmiddle\u00a0\u00bb gap=\u00a0\u00bb35&Prime;][vc_column_inner width=\u00a0\u00bb1\/3&Prime; css=\u00a0\u00bb.vc_custom_1586425781069{margin-top: 0px !important;margin-right: 0px !important;margin-bottom: 0px !important;margin-left: 0px !important;}\u00a0\u00bb]<div id=\"ultimate-heading-170969f4d9d728841\" class=\"uvc-heading ult-adjust-bottom-margin ultimate-heading-170969f4d9d728841 uvc-1714 \" data-hspacer=\"no_spacer\"  data-halign=\"left\" style=\"text-align:left\"><div class=\"uvc-heading-spacer no_spacer\" style=\"top\"><\/div><div class=\"uvc-main-heading ult-responsive\"  data-ultimate-target='.uvc-heading.ultimate-heading-170969f4d9d728841 h2'  data-responsive-json-new='{\"font-size\":\"desktop:34px;\",\"line-height\":\"desktop:40px;\"}' ><h2 style=\"--font-weight:theme;margin-bottom:20px;\">Fonds mobiles sur-mesure<\/h2><\/div><div class=\"uvc-sub-heading ult-responsive\"  data-ultimate-target='.uvc-heading.ultimate-heading-170969f4d9d728841 .uvc-sub-heading '  data-responsive-json-new='{\"font-size\":\"desktop:20px;\",\"line-height\":\"desktop:24px;\"}'  style=\"font-family:&#039;Roboto&#039;;font-weight:normal;font-style:normal;color:#ffffff;margin-bottom:10px;\">Avec Aqualift, vous pouvez r\u00e9aliser les projets les plus audacieux !<\/div><\/div>[vc_column_text css=\u00a0\u00bb.vc_custom_1663853579929{margin-bottom: 20px !important;}\u00a0\u00bb]<\/p>\n<p style=\"text-align: left; color: #ffffff;\">Avec Aqualift, vous pouvez r\u00e9aliser les projets les plus audacieux ! Les fonds mobiles sur-mesure viennent sublimer toutes les formes de bassins pour un r\u00e9sultat \u00e0 couper le souffle.<br \/>\nSans limites de forme ou de taille, la gamme de fonds mobiles sur-mesure Liberty s\u2019adapte aux contraintes de votre chantier pour livrer un v\u00e9ritable projet architectural.<\/p>\n<p>[\/vc_column_text]<div class=\" vc_custom_1606919191193 ubtn-ctn-left \"><a class=\"ubtn-link ult-adjust-bottom-margin ubtn-left ubtn-small \" href=\"https:\/\/fond-mobile-aqualift.com\/fonds-mobiles\/fond-mobile-liberty\/\" title=\"Fonds mobiles Liberty\" ><button type=\"button\" id=\"ubtn-6299\"  class=\"ubtn ult-adjust-bottom-margin ult-responsive ubtn-small ubtn-fade-bg  ulta-grow  ubtn-sep-icon ubtn-sep-icon-at-left  ubtn-left  ubtn-only-icon   tooltip-69f4d9d7288ac ubtn-tooltip right\" data-toggle=\"tooltip\" data-placement=\"right\" title=\"En savoir +\" data-hover=\"\" data-border-color=\"#ffffff\" data-bg=\"\" data-hover-bg=\"rgba(255,255,255,0.3)\" data-border-hover=\"#007abc\" data-shadow-hover=\"\" data-shadow-click=\"none\" data-shadow=\"\" data-shd-shadow=\"\"  data-ultimate-target='#ubtn-6299'  data-responsive-json-new='{\"font-size\":\"\",\"line-height\":\"\"}'  style=\"font-family:&#039;Roboto&#039;;font-weight:normal;border-radius:300px;border-width:1px;border-color:#ffffff;border-style:solid;\"><span class=\"ubtn-data ubtn-icon\"><i class=\"icomoon-the7-font-the7-plus-04\" style=\"font-size:20px;color:#ffffff;\"><\/i><\/span><span class=\"ubtn-hover\" style=\"background-color:rgba(255,255,255,0.3)\"><\/span><span class=\"ubtn-data ubtn-text \" ><\/span><\/button><\/a><\/div>[\/vc_column_inner][vc_column_inner width=\u00a0\u00bb2\/3&Prime;][vc_single_image image=\u00a0\u00bb7844&Prime; img_size=\u00a0\u00bbfull\u00a0\u00bb alignment=\u00a0\u00bbcenter\u00a0\u00bb onclick=\u00a0\u00bbcustom_link\u00a0\u00bb css=\u00a0\u00bb.vc_custom_1633697605109{margin-top: 0px !important;margin-right: 0px !important;margin-bottom: 0px !important;margin-left: 0px !important;border-top-width: 20px !important;border-right-width: 20px !important;border-bottom-width: 20px !important;border-left-width: 20px !important;padding-top: 0px !important;padding-right: 0px !important;padding-bottom: 0px !important;padding-left: 0px !important;border-left-color: rgba(0,0,0,0.15) !important;border-left-style: solid !important;border-right-color: rgba(0,0,0,0.15) !important;border-right-style: solid !important;border-top-color: rgba(0,0,0,0.15) !important;border-top-style: solid !important;border-bottom-color: rgba(0,0,0,0.15) !important;border-bottom-style: solid !important;}\u00a0\u00bb link=\u00a0\u00bbhttps:\/\/www.fond-mobile-aqualift.com\/fonds-mobiles\/fond-mobile-liberty\/\u00a0\u00bb][\/vc_column_inner][\/vc_row_inner][\/vc_column][\/vc_row][vc_row full_width=\u00a0\u00bbstretch_row\u00a0\u00bb content_placement=\u00a0\u00bbmiddle\u00a0\u00bb bg_type=\u00a0\u00bbbg_color\u00a0\u00bb bg_override=\u00a0\u00bbex-full\u00a0\u00bb type=\u00a0\u00bbvc_default\u00a0\u00bb bg_color_value=\u00a0\u00bb#434343&Prime;][vc_column css=\u00a0\u00bb.vc_custom_1586425972081{padding-bottom: 35px !important;}\u00a0\u00bb][vc_row_inner content_placement=\u00a0\u00bbmiddle\u00a0\u00bb gap=\u00a0\u00bb35&Prime;][vc_column_inner width=\u00a0\u00bb1\/3&Prime; css=\u00a0\u00bb.vc_custom_1586425781069{margin-top: 0px !important;margin-right: 0px !important;margin-bottom: 0px !important;margin-left: 0px !important;}\u00a0\u00bb]<div id=\"ultimate-heading-381869f4d9d728996\" class=\"uvc-heading ult-adjust-bottom-margin ultimate-heading-381869f4d9d728996 uvc-5307 \" data-hspacer=\"no_spacer\"  data-halign=\"left\" style=\"text-align:left\"><div class=\"uvc-heading-spacer no_spacer\" style=\"top\"><\/div><div class=\"uvc-main-heading ult-responsive\"  data-ultimate-target='.uvc-heading.ultimate-heading-381869f4d9d728996 h2'  data-responsive-json-new='{\"font-size\":\"desktop:34px;\",\"line-height\":\"desktop:40px;\"}' ><h2 style=\"--font-weight:theme;margin-bottom:20px;\">Fonds mobiles pr\u00eat-\u00e0-poser<\/h2><\/div><div class=\"uvc-sub-heading ult-responsive\"  data-ultimate-target='.uvc-heading.ultimate-heading-381869f4d9d728996 .uvc-sub-heading '  data-responsive-json-new='{\"font-size\":\"desktop:20px;\",\"line-height\":\"desktop:24px;\"}'  style=\"font-family:&#039;Roboto&#039;;font-weight:normal;font-style:normal;color:#ffffff;margin-bottom:10px;\">Vous souhaitez construire une piscine \u00e0 fond amovible originale qui vous offre la possibilit\u00e9 de choisir comment organiser votre espace ?<\/div><\/div>[vc_column_text css=\u00a0\u00bb.vc_custom_1698765618656{margin-bottom: 20px !important;}\u00a0\u00bb]<\/p>\n<p style=\"text-align: left; color: #ffffff;\">Le fond mobile pr\u00eat-\u00e0-poser est sp\u00e9cialement con\u00e7u pour sublimer les bassins de forme rectangulaire jusqu\u2019\u00e0 75 m\u00e8tres carr\u00e9s (15 x 5 M\u00e8tres maximum). Une piscine avec un fond mobile, c\u2019est la solution id\u00e9ale pour ne pas avoir \u00e0 choisir entre un jardin et une piscine.<\/p>\n<p>[\/vc_column_text]<div class=\" vc_custom_1624267982340 ubtn-ctn-left \"><a class=\"ubtn-link ult-adjust-bottom-margin ubtn-left ubtn-small \" href=\"https:\/\/www.fond-mobile-aqualift.com\/fr\/fonds-mobiles\/piscine-a-fond-amovible-serenity\/\" ><button type=\"button\" id=\"ubtn-6447\"  class=\"ubtn ult-adjust-bottom-margin ult-responsive ubtn-small ubtn-fade-bg  ulta-grow  ubtn-sep-icon ubtn-sep-icon-at-left  ubtn-left  ubtn-only-icon   tooltip-69f4d9d728a01 ubtn-tooltip right\" data-toggle=\"tooltip\" data-placement=\"right\" title=\"En savoir +\" data-hover=\"\" data-border-color=\"#ffffff\" data-bg=\"\" data-hover-bg=\"rgba(255,255,255,0.3)\" data-border-hover=\"#007abc\" data-shadow-hover=\"\" data-shadow-click=\"none\" data-shadow=\"\" data-shd-shadow=\"\"  data-ultimate-target='#ubtn-6447'  data-responsive-json-new='{\"font-size\":\"\",\"line-height\":\"\"}'  style=\"font-family:&#039;Roboto&#039;;font-weight:normal;border-radius:300px;border-width:1px;border-color:#ffffff;border-style:solid;\"><span class=\"ubtn-data ubtn-icon\"><i class=\"icomoon-the7-font-the7-plus-04\" style=\"font-size:20px;color:#ffffff;\"><\/i><\/span><span class=\"ubtn-hover\" style=\"background-color:rgba(255,255,255,0.3)\"><\/span><span class=\"ubtn-data ubtn-text \" ><\/span><\/button><\/a><\/div>[\/vc_column_inner][vc_column_inner width=\u00a0\u00bb2\/3&Prime;][vc_single_image image=\u00a0\u00bb7838&Prime; img_size=\u00a0\u00bbfull\u00a0\u00bb alignment=\u00a0\u00bbcenter\u00a0\u00bb onclick=\u00a0\u00bbcustom_link\u00a0\u00bb css=\u00a0\u00bb.vc_custom_1633696634527{margin-top: 0px !important;margin-right: 0px !important;margin-bottom: 0px !important;margin-left: 0px !important;border-top-width: 20px !important;border-right-width: 20px !important;border-bottom-width: 20px !important;border-left-width: 20px !important;padding-top: 0px !important;padding-right: 0px !important;padding-bottom: 0px !important;padding-left: 0px !important;border-left-color: rgba(0,0,0,0.15) !important;border-left-style: solid !important;border-right-color: rgba(0,0,0,0.15) !important;border-right-style: solid !important;border-top-color: rgba(0,0,0,0.15) !important;border-top-style: solid !important;border-bottom-color: rgba(0,0,0,0.15) !important;border-bottom-style: solid !important;}\u00a0\u00bb link=\u00a0\u00bbhttps:\/\/www.fond-mobile-aqualift.com\/fr\/fonds-mobiles\/piscine-a-fond-amovible-serenity\/\u00a0\u00bb][\/vc_column_inner][\/vc_row_inner][\/vc_column][\/vc_row][vc_row full_width=\u00a0\u00bbstretch_row\u00a0\u00bb content_placement=\u00a0\u00bbmiddle\u00a0\u00bb bg_type=\u00a0\u00bbimage\u00a0\u00bb parallax_style=\u00a0\u00bbvcpb-default\u00a0\u00bb bg_image_new=\u00a0\u00bbid^99|url^https:\/\/www.fond-mobile-aqualift.com\/wp-content\/uploads\/2020\/02\/savoir_faire_2500x600.jpg|caption^null|alt^Savoir-faire Aqualift|title^Savoir-faire Aqualift|description^null\u00a0\u00bb bg_image_repeat=\u00a0\u00bbno-repeat\u00a0\u00bb bg_override=\u00a0\u00bbex-full\u00a0\u00bb enable_overlay=\u00a0\u00bbenable_overlay_value\u00a0\u00bb overlay_color=\u00a0\u00bbrgba(0,0,0,0.45)\u00a0\u00bb type=\u00a0\u00bbvc_default\u00a0\u00bb][vc_column css=\u00a0\u00bb.vc_custom_1582622533597{padding: 35px !important;}\u00a0\u00bb][vc_row_inner equal_height=\u00a0\u00bbyes\u00a0\u00bb content_placement=\u00a0\u00bbmiddle\u00a0\u00bb gap=\u00a0\u00bb35&Prime;][vc_column_inner width=\u00a0\u00bb1\/2&Prime; css=\u00a0\u00bb.vc_custom_1582624263173{margin-top: 0px !important;margin-right: 0px !important;margin-bottom: 0px !important;margin-left: 0px !important;padding-top: 0px !important;padding-right: 0px !important;padding-bottom: 0px !important;padding-left: 0px !important;}\u00a0\u00bb]<div id=\"ultimate-heading-524269f4d9d728a85\" class=\"uvc-heading ult-adjust-bottom-margin ultimate-heading-524269f4d9d728a85 uvc-4688 \" data-hspacer=\"no_spacer\"  data-halign=\"center\" style=\"text-align:center\"><div class=\"uvc-heading-spacer no_spacer\" style=\"top\"><\/div><div class=\"uvc-main-heading ult-responsive\"  data-ultimate-target='.uvc-heading.ultimate-heading-524269f4d9d728a85 h2'  data-responsive-json-new='{\"font-size\":\"desktop:32px;\",\"line-height\":\"desktop:38px;\"}' ><h2 style=\"font-family:&#039;Roboto&#039;;--font-weight:theme;color:#ffffff;\">Besoin d'informations ou d'une \u00e9tude ?<\/h2><\/div><\/div>[\/vc_column_inner][vc_column_inner width=\u00a0\u00bb1\/2&Prime;]<div class=\" vc_custom_1606226675836 ubtn-ctn-center \"><a class=\"ubtn-link ult-adjust-bottom-margin ubtn-center ubtn-normal \" href=\"https:\/\/fond-mobile-aqualift.com\/realisez-votre-projet\/votre-projet-de-fond-mobile-aqualift\/\" ><button type=\"button\" id=\"ubtn-1302\"  class=\"ubtn ult-adjust-bottom-margin ult-responsive ubtn-normal ubtn-fade-bg  none  ubtn-sep-icon ubtn-sep-icon-right-push  ubtn-center   tooltip-69f4d9d728ae8\"  data-hover=\"#ffffff\" data-border-color=\"\" data-bg=\"#00a4de\" data-hover-bg=\"rgba(0,122,188,0.7)\" data-border-hover=\"\" data-shadow-hover=\"\" data-shadow-click=\"none\" data-shadow=\"\" data-shd-shadow=\"\"  data-ultimate-target='#ubtn-1302'  data-responsive-json-new='{\"font-size\":\"desktop:18px;\",\"line-height\":\"desktop:24px;\"}'  style=\"font-family:&#039;Roboto&#039;;font-weight:normal;border-radius:300px;border-width:0px;border-color:;border-style:solid;background: #00a4de;color: #ffffff;\"><span class=\"ubtn-data ubtn-icon\"><i class=\"icomoon-the7-font-the7-comment-01\" style=\"font-size:20px;color:#ffffff;\"><\/i><\/span><span class=\"ubtn-hover\" style=\"background-color:rgba(0,122,188,0.7)\"><\/span><span class=\"ubtn-data ubtn-text \" >CONTACTEZ-NOUS<\/span><\/button><\/a><\/div>[\/vc_column_inner][\/vc_row_inner][\/vc_column][\/vc_row]<\/p>\n<\/div>","protected":false},"excerpt":{"rendered":"<p>[vc_row type=\u00a0\u00bbvc_default\u00a0\u00bb][vc_column][vc_column_text]Il s\u2019agit d\u2019une technologie industrielle \u00e9prouv\u00e9e ultra fiable d\u2019un syst\u00e8me \u00e9l\u00e9vateur hydraulique \u00e0 c\u00e2ble et v\u00e9rin. Utilis\u00e9e depuis des d\u00e9cennies, notamment dans la marine, sur les ferries pour le chargement de voitures, sur les porte-avions pour la mont\u00e9e des a\u00e9ronefs sur les ponts\u2026 Le fond mobile Aqualift agit comme un pont suspendu \u00e0 c\u00e2bles&hellip;<\/p>\n","protected":false},"author":1,"featured_media":0,"parent":0,"menu_order":1,"comment_status":"closed","ping_status":"closed","template":"","meta":{"footnotes":""},"class_list":["post-253","page","type-page","status-publish","hentry","description-off"],"yoast_head":"<!-- This site is optimized with the Yoast SEO plugin v27.3 - https:\/\/yoast.com\/product\/yoast-seo-wordpress\/ -->\n<title>AQUALIFT | Nos gammes de fonds mobiles pour piscine<\/title>\n<meta name=\"description\" content=\"Transformez votre terrasse en piscine ! Optez pour une piscine mobile originale qui vous laisse choisir comment organiser votre espace.\" \/>\n<meta name=\"robots\" content=\"index, follow, max-snippet:-1, max-image-preview:large, max-video-preview:-1\" \/>\n<link rel=\"canonical\" href=\"https:\/\/www.fond-mobile-aqualift.com\/fr\/fonds-mobiles\/\" \/>\n<meta property=\"og:locale\" content=\"fr_FR\" \/>\n<meta property=\"og:type\" content=\"article\" \/>\n<meta property=\"og:title\" content=\"AQUALIFT | Nos gammes de fonds mobiles pour piscine\" \/>\n<meta property=\"og:description\" content=\"Transformez votre terrasse en piscine ! Optez pour une piscine mobile originale qui vous laisse choisir comment organiser votre espace.\" \/>\n<meta property=\"og:url\" content=\"https:\/\/www.fond-mobile-aqualift.com\/fr\/fonds-mobiles\/\" \/>\n<meta property=\"og:site_name\" content=\"Aqualift Industrie\" \/>\n<meta property=\"article:modified_time\" content=\"2024-07-18T14:19:29+00:00\" \/>\n<meta name=\"twitter:card\" content=\"summary_large_image\" \/>\n<meta name=\"twitter:label1\" content=\"Dur\u00e9e de lecture estim\u00e9e\" \/>\n\t<meta name=\"twitter:data1\" content=\"4 minutes\" \/>\n<script type=\"application\/ld+json\" class=\"yoast-schema-graph\">{\"@context\":\"https:\\\/\\\/schema.org\",\"@graph\":[{\"@type\":\"WebPage\",\"@id\":\"https:\\\/\\\/www.fond-mobile-aqualift.com\\\/fr\\\/fonds-mobiles\\\/\",\"url\":\"https:\\\/\\\/www.fond-mobile-aqualift.com\\\/fr\\\/fonds-mobiles\\\/\",\"name\":\"AQUALIFT | Nos gammes de fonds mobiles pour piscine\",\"isPartOf\":{\"@id\":\"https:\\\/\\\/www.fond-mobile-aqualift.com\\\/fr\\\/#website\"},\"datePublished\":\"2020-03-06T10:55:01+00:00\",\"dateModified\":\"2024-07-18T14:19:29+00:00\",\"description\":\"Transformez votre terrasse en piscine ! Optez pour une piscine mobile originale qui vous laisse choisir comment organiser votre espace.\",\"breadcrumb\":{\"@id\":\"https:\\\/\\\/www.fond-mobile-aqualift.com\\\/fr\\\/fonds-mobiles\\\/#breadcrumb\"},\"inLanguage\":\"fr-FR\",\"potentialAction\":[{\"@type\":\"ReadAction\",\"target\":[\"https:\\\/\\\/www.fond-mobile-aqualift.com\\\/fr\\\/fonds-mobiles\\\/\"]}]},{\"@type\":\"BreadcrumbList\",\"@id\":\"https:\\\/\\\/www.fond-mobile-aqualift.com\\\/fr\\\/fonds-mobiles\\\/#breadcrumb\",\"itemListElement\":[{\"@type\":\"ListItem\",\"position\":1,\"name\":\"Accueil\",\"item\":\"https:\\\/\\\/www.fond-mobile-aqualift.com\\\/fr\\\/\"},{\"@type\":\"ListItem\",\"position\":2,\"name\":\"Fonds mobiles\"}]},{\"@type\":\"WebSite\",\"@id\":\"https:\\\/\\\/www.fond-mobile-aqualift.com\\\/fr\\\/#website\",\"url\":\"https:\\\/\\\/www.fond-mobile-aqualift.com\\\/fr\\\/\",\"name\":\"Aqualift Industrie\",\"description\":\"Leader mondial du fond mobile pour piscine\",\"potentialAction\":[{\"@type\":\"SearchAction\",\"target\":{\"@type\":\"EntryPoint\",\"urlTemplate\":\"https:\\\/\\\/www.fond-mobile-aqualift.com\\\/fr\\\/?s={search_term_string}\"},\"query-input\":{\"@type\":\"PropertyValueSpecification\",\"valueRequired\":true,\"valueName\":\"search_term_string\"}}],\"inLanguage\":\"fr-FR\"}]}<\/script>\n<!-- \/ Yoast SEO plugin. -->","yoast_head_json":{"title":"AQUALIFT | Nos gammes de fonds mobiles pour piscine","description":"Transformez votre terrasse en piscine ! Optez pour une piscine mobile originale qui vous laisse choisir comment organiser votre espace.","robots":{"index":"index","follow":"follow","max-snippet":"max-snippet:-1","max-image-preview":"max-image-preview:large","max-video-preview":"max-video-preview:-1"},"canonical":"https:\/\/www.fond-mobile-aqualift.com\/fr\/fonds-mobiles\/","og_locale":"fr_FR","og_type":"article","og_title":"AQUALIFT | Nos gammes de fonds mobiles pour piscine","og_description":"Transformez votre terrasse en piscine ! Optez pour une piscine mobile originale qui vous laisse choisir comment organiser votre espace.","og_url":"https:\/\/www.fond-mobile-aqualift.com\/fr\/fonds-mobiles\/","og_site_name":"Aqualift Industrie","article_modified_time":"2024-07-18T14:19:29+00:00","twitter_card":"summary_large_image","twitter_misc":{"Dur\u00e9e de lecture estim\u00e9e":"4 minutes"},"schema":{"@context":"https:\/\/schema.org","@graph":[{"@type":"WebPage","@id":"https:\/\/www.fond-mobile-aqualift.com\/fr\/fonds-mobiles\/","url":"https:\/\/www.fond-mobile-aqualift.com\/fr\/fonds-mobiles\/","name":"AQUALIFT | Nos gammes de fonds mobiles pour piscine","isPartOf":{"@id":"https:\/\/www.fond-mobile-aqualift.com\/fr\/#website"},"datePublished":"2020-03-06T10:55:01+00:00","dateModified":"2024-07-18T14:19:29+00:00","description":"Transformez votre terrasse en piscine ! Optez pour une piscine mobile originale qui vous laisse choisir comment organiser votre espace.","breadcrumb":{"@id":"https:\/\/www.fond-mobile-aqualift.com\/fr\/fonds-mobiles\/#breadcrumb"},"inLanguage":"fr-FR","potentialAction":[{"@type":"ReadAction","target":["https:\/\/www.fond-mobile-aqualift.com\/fr\/fonds-mobiles\/"]}]},{"@type":"BreadcrumbList","@id":"https:\/\/www.fond-mobile-aqualift.com\/fr\/fonds-mobiles\/#breadcrumb","itemListElement":[{"@type":"ListItem","position":1,"name":"Accueil","item":"https:\/\/www.fond-mobile-aqualift.com\/fr\/"},{"@type":"ListItem","position":2,"name":"Fonds mobiles"}]},{"@type":"WebSite","@id":"https:\/\/www.fond-mobile-aqualift.com\/fr\/#website","url":"https:\/\/www.fond-mobile-aqualift.com\/fr\/","name":"Aqualift Industrie","description":"Leader mondial du fond mobile pour piscine","potentialAction":[{"@type":"SearchAction","target":{"@type":"EntryPoint","urlTemplate":"https:\/\/www.fond-mobile-aqualift.com\/fr\/?s={search_term_string}"},"query-input":{"@type":"PropertyValueSpecification","valueRequired":true,"valueName":"search_term_string"}}],"inLanguage":"fr-FR"}]}},"_links":{"self":[{"href":"https:\/\/www.fond-mobile-aqualift.com\/fr\/wp-json\/wp\/v2\/pages\/253","targetHints":{"allow":["GET"]}}],"collection":[{"href":"https:\/\/www.fond-mobile-aqualift.com\/fr\/wp-json\/wp\/v2\/pages"}],"about":[{"href":"https:\/\/www.fond-mobile-aqualift.com\/fr\/wp-json\/wp\/v2\/types\/page"}],"author":[{"embeddable":true,"href":"https:\/\/www.fond-mobile-aqualift.com\/fr\/wp-json\/wp\/v2\/users\/1"}],"replies":[{"embeddable":true,"href":"https:\/\/www.fond-mobile-aqualift.com\/fr\/wp-json\/wp\/v2\/comments?post=253"}],"version-history":[{"count":7,"href":"https:\/\/www.fond-mobile-aqualift.com\/fr\/wp-json\/wp\/v2\/pages\/253\/revisions"}],"predecessor-version":[{"id":16656,"href":"https:\/\/www.fond-mobile-aqualift.com\/fr\/wp-json\/wp\/v2\/pages\/253\/revisions\/16656"}],"wp:attachment":[{"href":"https:\/\/www.fond-mobile-aqualift.com\/fr\/wp-json\/wp\/v2\/media?parent=253"}],"curies":[{"name":"wp","href":"https:\/\/api.w.org\/{rel}","templated":true}]}}