{"id":1958,"date":"2020-11-06T10:11:56","date_gmt":"2020-11-06T09:11:56","guid":{"rendered":"https:\/\/www.fond-mobile-aqualift.com\/?page_id=1958"},"modified":"2024-06-20T17:11:31","modified_gmt":"2024-06-20T15:11:31","slug":"realisez-votre-projet","status":"publish","type":"page","link":"https:\/\/www.fond-mobile-aqualift.com\/fr\/realisez-votre-projet\/","title":{"rendered":"R\u00e9alisez votre projet"},"content":{"rendered":"<div class=\"wpb-content-wrapper\"><p>[vc_row type=\u00a0\u00bbvc_default\u00a0\u00bb][vc_column css=\u00a0\u00bb.vc_custom_1604312636957{margin-bottom: 0px !important;padding-bottom: 0px !important;}\u00a0\u00bb]<div id=\"ultimate-heading-506969fde05a537ca\" class=\"uvc-heading ult-adjust-bottom-margin ultimate-heading-506969fde05a537ca uvc-3819  uvc-heading-default-font-sizes\" data-hspacer=\"no_spacer\"  data-halign=\"left\" style=\"text-align:left\"><div class=\"uvc-heading-spacer no_spacer\" style=\"top\"><\/div><div class=\"uvc-main-heading ult-responsive\"  data-ultimate-target='.uvc-heading.ultimate-heading-506969fde05a537ca h2'  data-responsive-json-new='{\"font-size\":\"\",\"line-height\":\"\"}' ><h2 style=\"--font-weight:theme;margin-bottom:20px;\">Vous souhaitez r\u00e9aliser votre projet de piscine Aqualift ?<\/h2><\/div><\/div>[vc_column_text]Ensemble d\u00e9finissons-en les grandes lignes. S\u00e9lectionnez avec nous les caract\u00e9ristiques de votre piscine.[\/vc_column_text]<div id=\"ultimate-heading-276369fde05a53880\" class=\"uvc-heading ult-adjust-bottom-margin ultimate-heading-276369fde05a53880 uvc-7443  uvc-heading-default-font-sizes\" data-hspacer=\"no_spacer\"  data-halign=\"left\" style=\"text-align:left\"><div class=\"uvc-heading-spacer no_spacer\" style=\"top\"><\/div><div class=\"uvc-main-heading ult-responsive\"  data-ultimate-target='.uvc-heading.ultimate-heading-276369fde05a53880 h3'  data-responsive-json-new='{\"font-size\":\"\",\"line-height\":\"\"}' ><h3 style=\"--font-weight:theme;color:#2d2d2d;margin-bottom:0px;\">Vous \u00eates int\u00e9ress\u00e9 par :<\/h3><\/div><\/div>[\/vc_column][\/vc_row][vc_row gap=\u00a0\u00bb35&Prime; type=\u00a0\u00bbvc_default\u00a0\u00bb][vc_column]<div id=\"highlight-box-wrap-6302\"  data-ultimate-target='#highlight-box-wrap-6302'  data-responsive-json-new='{\"font-size\":\"desktop:18px;\",\"line-height\":\"desktop:24px;\"}'  class=\"ultimate-call-to-action ult-adjust-bottom-margin  ctaction-text-center ult-responsive\" style=\"font-family:Roboto;font-weight:300;color:#2d2d2d;background:rgba(38,38,38,0.05);padding-top:25px;padding-bottom:25px;padding-left:0px;padding-right:0px;margin-top:0px;margin-right:0px;margin-bottom:20px;margin-left:0px;\"  data-background=\"rgba(38,38,38,0.05)\"  data-background-hover=\"#00a4de\"  data-override=\"0\" ><div class=\"ultimate-ctaction-icon ctaction-icon-right-push\"><div class=\"ult-just-icon-wrapper  \"><div class=\"align-icon\" style=\"text-align:center;\">\n<div class=\"aio-icon none \"  style=\"color:#ffffff;font-size:22px;display:inline-block;\">\n\t<i class=\"icomoon-the7-font-the7-arrow-13\"><\/i>\n<\/div><\/div><\/div><\/div><div class=\"uvc-ctaction-data uvc-ctaction-data-right-push ult-responsive\">Un fond mobile<\/div><a class=\"ulimate-call-to-action-link\" href=\"https:\/\/www.fond-mobile-aqualift.com\/fr\/realisez-votre-projet\/votre-projet-de-fond-mobile-aqualift\/\" ><\/a><\/div><div id=\"highlight-box-wrap-7010\"  data-ultimate-target='#highlight-box-wrap-7010'  data-responsive-json-new='{\"font-size\":\"desktop:18px;\",\"line-height\":\"desktop:24px;\"}'  class=\"ultimate-call-to-action ult-adjust-bottom-margin  ctaction-text-center ult-responsive\" style=\"font-family:Roboto;font-weight:300;color:#2d2d2d;background:rgba(38,38,38,0.05);padding-top:25px;padding-bottom:25px;padding-left:0px;padding-right:0px;margin-top:0px;margin-right:0px;margin-bottom:20px;margin-left:0px;\"  data-background=\"rgba(38,38,38,0.05)\"  data-background-hover=\"#00a4de\"  data-override=\"0\" ><div class=\"ultimate-ctaction-icon ctaction-icon-right-push\"><div class=\"ult-just-icon-wrapper  \"><div class=\"align-icon\" style=\"text-align:center;\">\n<div class=\"aio-icon none \"  style=\"color:#ffffff;font-size:22px;display:inline-block;\">\n\t<i class=\"icomoon-the7-font-the7-arrow-13\"><\/i>\n<\/div><\/div><\/div><\/div><div class=\"uvc-ctaction-data uvc-ctaction-data-right-push ult-responsive\">Une piscine avec fond mobile<\/div><a class=\"ulimate-call-to-action-link\" href=\"https:\/\/www.fond-mobile-aqualift.com\/fr\/realisez-votre-projet\/realisez-votre-projet-de-piscine-a-fond-mobile\/\" title=\"R\u00e9alisez votre projet de piscine \u00e0 fond mobile\" ><\/a><\/div>[\/vc_column][\/vc_row]<\/p>\n<\/div>","protected":false},"excerpt":{"rendered":"<p>[vc_row type=\u00a0\u00bbvc_default\u00a0\u00bb][vc_column css=\u00a0\u00bb.vc_custom_1604312636957{margin-bottom: 0px !important;padding-bottom: 0px !important;}\u00a0\u00bb][vc_column_text]Ensemble d\u00e9finissons-en les grandes lignes. S\u00e9lectionnez avec nous les caract\u00e9ristiques de votre piscine.[\/vc_column_text][\/vc_column][\/vc_row][vc_row gap=\u00a0\u00bb35&Prime; type=\u00a0\u00bbvc_default\u00a0\u00bb][vc_column][\/vc_column][\/vc_row]<\/p>\n","protected":false},"author":1,"featured_media":0,"parent":0,"menu_order":0,"comment_status":"closed","ping_status":"closed","template":"","meta":{"footnotes":""},"class_list":["post-1958","page","type-page","status-publish","hentry","description-off"],"yoast_head":"<!-- This site is optimized with the Yoast SEO plugin v27.5 - https:\/\/yoast.com\/product\/yoast-seo-wordpress\/ -->\n<title>AQUALIFT | Votre projet de piscine \u00e0 fond mobile | Devis<\/title>\n<meta name=\"description\" content=\"Besoin d&#039;informations ? Demandez un devis pour votre fond mobile, piscine \u00e0 fond mobile, ou encore votre pool house de luxe !\" \/>\n<meta name=\"robots\" content=\"index, follow, max-snippet:-1, max-image-preview:large, max-video-preview:-1\" \/>\n<link rel=\"canonical\" href=\"https:\/\/www.fond-mobile-aqualift.com\/fr\/realisez-votre-projet\/\" \/>\n<meta property=\"og:locale\" content=\"fr_FR\" \/>\n<meta property=\"og:type\" content=\"article\" \/>\n<meta property=\"og:title\" content=\"AQUALIFT | Votre projet de piscine \u00e0 fond mobile | Devis\" \/>\n<meta property=\"og:description\" content=\"Besoin d&#039;informations ? Demandez un devis pour votre fond mobile, piscine \u00e0 fond mobile, ou encore votre pool house de luxe !\" \/>\n<meta property=\"og:url\" content=\"https:\/\/www.fond-mobile-aqualift.com\/fr\/realisez-votre-projet\/\" \/>\n<meta property=\"og:site_name\" content=\"Aqualift Industrie\" \/>\n<meta property=\"article:modified_time\" content=\"2024-06-20T15:11:31+00:00\" \/>\n<meta name=\"twitter:card\" content=\"summary_large_image\" \/>\n<meta name=\"twitter:label1\" content=\"Dur\u00e9e de lecture estim\u00e9e\" \/>\n\t<meta name=\"twitter:data1\" content=\"1 minute\" \/>\n<script type=\"application\/ld+json\" class=\"yoast-schema-graph\">{\"@context\":\"https:\\\/\\\/schema.org\",\"@graph\":[{\"@type\":\"WebPage\",\"@id\":\"https:\\\/\\\/www.fond-mobile-aqualift.com\\\/fr\\\/realisez-votre-projet\\\/\",\"url\":\"https:\\\/\\\/www.fond-mobile-aqualift.com\\\/fr\\\/realisez-votre-projet\\\/\",\"name\":\"AQUALIFT | Votre projet de piscine \u00e0 fond mobile | Devis\",\"isPartOf\":{\"@id\":\"https:\\\/\\\/www.fond-mobile-aqualift.com\\\/fr\\\/#website\"},\"datePublished\":\"2020-11-06T09:11:56+00:00\",\"dateModified\":\"2024-06-20T15:11:31+00:00\",\"description\":\"Besoin d'informations ? Demandez un devis pour votre fond mobile, piscine \u00e0 fond mobile, ou encore votre pool house de luxe !\",\"breadcrumb\":{\"@id\":\"https:\\\/\\\/www.fond-mobile-aqualift.com\\\/fr\\\/realisez-votre-projet\\\/#breadcrumb\"},\"inLanguage\":\"fr-FR\",\"potentialAction\":[{\"@type\":\"ReadAction\",\"target\":[\"https:\\\/\\\/www.fond-mobile-aqualift.com\\\/fr\\\/realisez-votre-projet\\\/\"]}]},{\"@type\":\"BreadcrumbList\",\"@id\":\"https:\\\/\\\/www.fond-mobile-aqualift.com\\\/fr\\\/realisez-votre-projet\\\/#breadcrumb\",\"itemListElement\":[{\"@type\":\"ListItem\",\"position\":1,\"name\":\"Accueil\",\"item\":\"https:\\\/\\\/www.fond-mobile-aqualift.com\\\/fr\\\/\"},{\"@type\":\"ListItem\",\"position\":2,\"name\":\"R\u00e9alisez votre projet\"}]},{\"@type\":\"WebSite\",\"@id\":\"https:\\\/\\\/www.fond-mobile-aqualift.com\\\/fr\\\/#website\",\"url\":\"https:\\\/\\\/www.fond-mobile-aqualift.com\\\/fr\\\/\",\"name\":\"Aqualift Industrie\",\"description\":\"Leader mondial du fond mobile pour piscine\",\"potentialAction\":[{\"@type\":\"SearchAction\",\"target\":{\"@type\":\"EntryPoint\",\"urlTemplate\":\"https:\\\/\\\/www.fond-mobile-aqualift.com\\\/fr\\\/?s={search_term_string}\"},\"query-input\":{\"@type\":\"PropertyValueSpecification\",\"valueRequired\":true,\"valueName\":\"search_term_string\"}}],\"inLanguage\":\"fr-FR\"}]}<\/script>\n<!-- \/ Yoast SEO plugin. -->","yoast_head_json":{"title":"AQUALIFT | Votre projet de piscine \u00e0 fond mobile | Devis","description":"Besoin d'informations ? Demandez un devis pour votre fond mobile, piscine \u00e0 fond mobile, ou encore votre pool house de luxe !","robots":{"index":"index","follow":"follow","max-snippet":"max-snippet:-1","max-image-preview":"max-image-preview:large","max-video-preview":"max-video-preview:-1"},"canonical":"https:\/\/www.fond-mobile-aqualift.com\/fr\/realisez-votre-projet\/","og_locale":"fr_FR","og_type":"article","og_title":"AQUALIFT | Votre projet de piscine \u00e0 fond mobile | Devis","og_description":"Besoin d'informations ? Demandez un devis pour votre fond mobile, piscine \u00e0 fond mobile, ou encore votre pool house de luxe !","og_url":"https:\/\/www.fond-mobile-aqualift.com\/fr\/realisez-votre-projet\/","og_site_name":"Aqualift Industrie","article_modified_time":"2024-06-20T15:11:31+00:00","twitter_card":"summary_large_image","twitter_misc":{"Dur\u00e9e de lecture estim\u00e9e":"1 minute"},"schema":{"@context":"https:\/\/schema.org","@graph":[{"@type":"WebPage","@id":"https:\/\/www.fond-mobile-aqualift.com\/fr\/realisez-votre-projet\/","url":"https:\/\/www.fond-mobile-aqualift.com\/fr\/realisez-votre-projet\/","name":"AQUALIFT | Votre projet de piscine \u00e0 fond mobile | Devis","isPartOf":{"@id":"https:\/\/www.fond-mobile-aqualift.com\/fr\/#website"},"datePublished":"2020-11-06T09:11:56+00:00","dateModified":"2024-06-20T15:11:31+00:00","description":"Besoin d'informations ? Demandez un devis pour votre fond mobile, piscine \u00e0 fond mobile, ou encore votre pool house de luxe !","breadcrumb":{"@id":"https:\/\/www.fond-mobile-aqualift.com\/fr\/realisez-votre-projet\/#breadcrumb"},"inLanguage":"fr-FR","potentialAction":[{"@type":"ReadAction","target":["https:\/\/www.fond-mobile-aqualift.com\/fr\/realisez-votre-projet\/"]}]},{"@type":"BreadcrumbList","@id":"https:\/\/www.fond-mobile-aqualift.com\/fr\/realisez-votre-projet\/#breadcrumb","itemListElement":[{"@type":"ListItem","position":1,"name":"Accueil","item":"https:\/\/www.fond-mobile-aqualift.com\/fr\/"},{"@type":"ListItem","position":2,"name":"R\u00e9alisez votre projet"}]},{"@type":"WebSite","@id":"https:\/\/www.fond-mobile-aqualift.com\/fr\/#website","url":"https:\/\/www.fond-mobile-aqualift.com\/fr\/","name":"Aqualift Industrie","description":"Leader mondial du fond mobile pour piscine","potentialAction":[{"@type":"SearchAction","target":{"@type":"EntryPoint","urlTemplate":"https:\/\/www.fond-mobile-aqualift.com\/fr\/?s={search_term_string}"},"query-input":{"@type":"PropertyValueSpecification","valueRequired":true,"valueName":"search_term_string"}}],"inLanguage":"fr-FR"}]}},"_links":{"self":[{"href":"https:\/\/www.fond-mobile-aqualift.com\/fr\/wp-json\/wp\/v2\/pages\/1958","targetHints":{"allow":["GET"]}}],"collection":[{"href":"https:\/\/www.fond-mobile-aqualift.com\/fr\/wp-json\/wp\/v2\/pages"}],"about":[{"href":"https:\/\/www.fond-mobile-aqualift.com\/fr\/wp-json\/wp\/v2\/types\/page"}],"author":[{"embeddable":true,"href":"https:\/\/www.fond-mobile-aqualift.com\/fr\/wp-json\/wp\/v2\/users\/1"}],"replies":[{"embeddable":true,"href":"https:\/\/www.fond-mobile-aqualift.com\/fr\/wp-json\/wp\/v2\/comments?post=1958"}],"version-history":[{"count":6,"href":"https:\/\/www.fond-mobile-aqualift.com\/fr\/wp-json\/wp\/v2\/pages\/1958\/revisions"}],"predecessor-version":[{"id":18349,"href":"https:\/\/www.fond-mobile-aqualift.com\/fr\/wp-json\/wp\/v2\/pages\/1958\/revisions\/18349"}],"wp:attachment":[{"href":"https:\/\/www.fond-mobile-aqualift.com\/fr\/wp-json\/wp\/v2\/media?parent=1958"}],"curies":[{"name":"wp","href":"https:\/\/api.w.org\/{rel}","templated":true}]}}