{"id":1923,"date":"2020-10-20T15:06:39","date_gmt":"2020-10-20T13:06:39","guid":{"rendered":"https:\/\/www.fond-mobile-aqualift.com\/?page_id=1923"},"modified":"2024-07-18T16:21:15","modified_gmt":"2024-07-18T14:21:15","slug":"partenariats","status":"publish","type":"page","link":"https:\/\/www.fond-mobile-aqualift.com\/fr\/partenariats\/","title":{"rendered":"Partenariats"},"content":{"rendered":"<div class=\"wpb-content-wrapper\"><p>[vc_row type=\u00a0\u00bbvc_default\u00a0\u00bb][vc_column]<div id=\"ultimate-heading-583069d37b955611d\" class=\"uvc-heading ult-adjust-bottom-margin ultimate-heading-583069d37b955611d uvc-3653  uvc-heading-default-font-sizes\" data-hspacer=\"no_spacer\"  data-halign=\"left\" style=\"text-align:left\"><div class=\"uvc-heading-spacer no_spacer\" style=\"top\"><\/div><div class=\"uvc-main-heading ult-responsive\"  data-ultimate-target='.uvc-heading.ultimate-heading-583069d37b955611d h2'  data-responsive-json-new='{\"font-size\":\"\",\"line-height\":\"\"}' ><h2 style=\"--font-weight:theme;margin-bottom:20px;\">Architectes, d\u00e9corateurs, professionnels du b\u00e2timent ou de la piscine<\/h2><\/div><div class=\"uvc-sub-heading ult-responsive\"  data-ultimate-target='.uvc-heading.ultimate-heading-583069d37b955611d .uvc-sub-heading '  data-responsive-json-new='{\"font-size\":\"desktop:18px;\",\"line-height\":\"desktop:24px;\"}'  style=\"font-family:&#039;Roboto&#039;;font-weight:300;color:#00a4de;margin-bottom:35px;\">Aqualift, leader mondial de la conception \u00e0 la cr\u00e9ation de piscines \u00e0 fond mobile vous propose de devenir partenaire ou distributeur de nos solutions.<\/div><\/div>[vc_column_text]Vous \u00eates \u00e0 la recherche d\u2019un partenaire vous offrant des solutions innovantes et fiables dans le domaine de la piscine ?<br \/>\nAqualift, leader mondial de la conception \u00e0 la cr\u00e9ation de piscines \u00e0 fond mobile vous propose de devenir partenaire ou distributeur de ses solutions.[\/vc_column_text]<div id=\"ultimate-heading-200569d37b95561d6\" class=\"uvc-heading ult-adjust-bottom-margin ultimate-heading-200569d37b95561d6 uvc-9553 \" data-hspacer=\"no_spacer\"  data-halign=\"center\" style=\"text-align:center\"><div class=\"uvc-heading-spacer no_spacer\" style=\"top\"><\/div><div class=\"uvc-main-heading ult-responsive\"  data-ultimate-target='.uvc-heading.ultimate-heading-200569d37b95561d6 h3'  data-responsive-json-new='{\"font-size\":\"desktop:36px;\",\"line-height\":\"desktop:40px;\"}' ><h3 style=\"font-family:&#039;Encode Sans&#039;;font-weight:300;color:#00a4de;margin-bottom:20px;\">Devenez partenaire Aqualift !<\/h3><\/div><\/div>[\/vc_column][\/vc_row][vc_row bg_type=\u00a0\u00bbbg_color\u00a0\u00bb bg_override=\u00a0\u00bbex-full\u00a0\u00bb seperator_enable=\u00a0\u00bbseperator_enable_value\u00a0\u00bb seperator_type=\u00a0\u00bbtilt_left_seperator\u00a0\u00bb seperator_svg_height=\u00a0\u00bb50&Prime; seperator_shape_background=\u00a0\u00bb#ffffff\u00a0\u00bb icon_type=\u00a0\u00bbselector\u00a0\u00bb icon=\u00a0\u00bbicomoon-the7-font-the7-arrow-29-1&Prime; icon_size=\u00a0\u00bb28&Prime; icon_color=\u00a0\u00bb#666666&Prime; icon_style=\u00a0\u00bbcircle\u00a0\u00bb icon_color_bg=\u00a0\u00bbrgba(255,255,255,0.9)\u00a0\u00bb type=\u00a0\u00bbvc_default\u00a0\u00bb css=\u00a0\u00bb.vc_custom_1586423837284{padding-top: 70px !important;}\u00a0\u00bb bg_color_value=\u00a0\u00bb#494949&Prime;][vc_column css=\u00a0\u00bb.vc_custom_1582641028632{padding-bottom: 35px !important;}\u00a0\u00bb][vc_row_inner content_placement=\u00a0\u00bbmiddle\u00a0\u00bb gap=\u00a0\u00bb35&Prime;][vc_column_inner width=\u00a0\u00bb1\/3&Prime; css=\u00a0\u00bb.vc_custom_1586425781069{margin-top: 0px !important;margin-right: 0px !important;margin-bottom: 0px !important;margin-left: 0px !important;}\u00a0\u00bb]<div id=\"ultimate-heading-147069d37b9556263\" class=\"uvc-heading ult-adjust-bottom-margin ultimate-heading-147069d37b9556263 uvc-6274 \" data-hspacer=\"no_spacer\"  data-halign=\"left\" style=\"text-align:left\"><div class=\"uvc-heading-spacer no_spacer\" style=\"top\"><\/div><div class=\"uvc-main-heading ult-responsive\"  data-ultimate-target='.uvc-heading.ultimate-heading-147069d37b9556263 h2'  data-responsive-json-new='{\"font-size\":\"desktop:34px;\",\"line-height\":\"desktop:40px;\"}' ><h2 style=\"--font-weight:theme;margin-bottom:20px;\">Architectes<\/h2><\/div><div class=\"uvc-sub-heading ult-responsive\"  data-ultimate-target='.uvc-heading.ultimate-heading-147069d37b9556263 .uvc-sub-heading '  data-responsive-json-new='{\"font-size\":\"desktop:20px;\",\"line-height\":\"desktop:24px;\"}'  style=\"font-family:&#039;Roboto&#039;;font-weight:normal;font-style:normal;color:#ffffff;margin-bottom:10px;\">Demandez nous l\u2019impossible, nous le r\u00e9aliserons<\/div><\/div>[vc_column_text css=\u00a0\u00bb.vc_custom_1664895823086{margin-bottom: 20px !important;}\u00a0\u00bb]<\/p>\n<p style=\"text-align: left; color: #ffffff;\">Vous \u00eates architecte, \u00e0 la recherche de solutions innovantes pour un am\u00e9nagement int\u00e9rieur ou ext\u00e9rieur avec une piscine originale. D\u00e9couvrez tout ce que nous pouvons faire avec vous.<\/p>\n<p>[\/vc_column_text]<div class=\" vc_custom_1709051143291 ubtn-ctn-left \"><a class=\"ubtn-link ult-adjust-bottom-margin ubtn-left ubtn-small \" href=\"https:\/\/fond-mobile-aqualift.com\/fr\/partenariats\/architectes\/\" title=\"Architectes\" ><button type=\"button\" id=\"ubtn-4064\"  class=\"ubtn ult-adjust-bottom-margin ult-responsive ubtn-small ubtn-fade-bg  ulta-grow  ubtn-sep-icon ubtn-sep-icon-at-left  ubtn-left  ubtn-only-icon   tooltip-69d37b95562e1 ubtn-tooltip right\" data-toggle=\"tooltip\" data-placement=\"right\" title=\"En savoir +\" data-hover=\"\" data-border-color=\"#ffffff\" data-bg=\"\" data-hover-bg=\"rgba(255,255,255,0.3)\" data-border-hover=\"#007abc\" data-shadow-hover=\"\" data-shadow-click=\"none\" data-shadow=\"\" data-shd-shadow=\"\"  data-ultimate-target='#ubtn-4064'  data-responsive-json-new='{\"font-size\":\"\",\"line-height\":\"\"}'  style=\"font-family:&#039;Roboto&#039;;font-weight:normal;border-radius:300px;border-width:1px;border-color:#ffffff;border-style:solid;\"><span class=\"ubtn-data ubtn-icon\"><i class=\"icomoon-the7-font-the7-plus-04\" style=\"font-size:20px;color:#ffffff;\"><\/i><\/span><span class=\"ubtn-hover\" style=\"background-color:rgba(255,255,255,0.3)\"><\/span><span class=\"ubtn-data ubtn-text \" ><\/span><\/button><\/a><\/div>[\/vc_column_inner][vc_column_inner width=\u00a0\u00bb2\/3&Prime;][vc_single_image image=\u00a0\u00bb2864&Prime; img_size=\u00a0\u00bbfull\u00a0\u00bb alignment=\u00a0\u00bbcenter\u00a0\u00bb onclick=\u00a0\u00bbcustom_link\u00a0\u00bb css=\u00a0\u00bb.vc_custom_1606214173500{margin-top: 0px !important;margin-right: 0px !important;margin-bottom: 0px !important;margin-left: 0px !important;border-top-width: 20px !important;border-right-width: 20px !important;border-bottom-width: 20px !important;border-left-width: 20px !important;padding-top: 0px !important;padding-right: 0px !important;padding-bottom: 0px !important;padding-left: 0px !important;border-left-color: rgba(0,0,0,0.15) !important;border-left-style: solid !important;border-right-color: rgba(0,0,0,0.15) !important;border-right-style: solid !important;border-top-color: rgba(0,0,0,0.15) !important;border-top-style: solid !important;border-bottom-color: rgba(0,0,0,0.15) !important;border-bottom-style: solid !important;}\u00a0\u00bb link=\u00a0\u00bbhttps:\/\/www.fond-mobile-aqualift.com\/partenariats\/architectes\/\u00a0\u00bb][\/vc_column_inner][\/vc_row_inner][\/vc_column][\/vc_row][vc_row full_width=\u00a0\u00bbstretch_row\u00a0\u00bb content_placement=\u00a0\u00bbmiddle\u00a0\u00bb bg_type=\u00a0\u00bbbg_color\u00a0\u00bb bg_override=\u00a0\u00bbex-full\u00a0\u00bb type=\u00a0\u00bbvc_default\u00a0\u00bb bg_color_value=\u00a0\u00bb#434343&Prime;][vc_column css=\u00a0\u00bb.vc_custom_1586425972081{padding-bottom: 35px !important;}\u00a0\u00bb][vc_row_inner content_placement=\u00a0\u00bbmiddle\u00a0\u00bb gap=\u00a0\u00bb35&Prime;][vc_column_inner width=\u00a0\u00bb1\/3&Prime; css=\u00a0\u00bb.vc_custom_1586425781069{margin-top: 0px !important;margin-right: 0px !important;margin-bottom: 0px !important;margin-left: 0px !important;}\u00a0\u00bb]<div id=\"ultimate-heading-472469d37b95563e3\" class=\"uvc-heading ult-adjust-bottom-margin ultimate-heading-472469d37b95563e3 uvc-1689 \" data-hspacer=\"no_spacer\"  data-halign=\"left\" style=\"text-align:left\"><div class=\"uvc-heading-spacer no_spacer\" style=\"top\"><\/div><div class=\"uvc-main-heading ult-responsive\"  data-ultimate-target='.uvc-heading.ultimate-heading-472469d37b95563e3 h2'  data-responsive-json-new='{\"font-size\":\"desktop:34px;\",\"line-height\":\"desktop:40px;\"}' ><h2 style=\"--font-weight:theme;margin-bottom:20px;\">Professionnels de la construction de piscines \/ Piscinistes<\/h2><\/div><div class=\"uvc-sub-heading ult-responsive\"  data-ultimate-target='.uvc-heading.ultimate-heading-472469d37b95563e3 .uvc-sub-heading '  data-responsive-json-new='{\"font-size\":\"desktop:20px;\",\"line-height\":\"desktop:24px;\"}'  style=\"font-family:&#039;Roboto&#039;;font-weight:normal;font-style:normal;color:#ffffff;margin-bottom:10px;\">Devenez notre partenaire et diff\u00e9rentiez-vous de vos concurrents<\/div><\/div>[vc_column_text css=\u00a0\u00bb.vc_custom_1664895750701{margin-bottom: 20px !important;}\u00a0\u00bb]<\/p>\n<p style=\"text-align: left; color: #ffffff;\">Vous \u00eates un pisciniste qui con\u00e7oit et r\u00e9alise des piscines haut de gamme, \u00e0 la recherche de solutions innovantes pour cr\u00e9er des bassins design et pratique. D\u00e9couvrez ce que nous pouvons faire ensemble.<\/p>\n<p>[\/vc_column_text]<div class=\" vc_custom_1709051170734 ubtn-ctn-left \"><a class=\"ubtn-link ult-adjust-bottom-margin ubtn-left ubtn-small \" href=\"https:\/\/fond-mobile-aqualift.com\/fr\/partenariats\/piscinistes\/\" title=\"Piscinistes\" ><button type=\"button\" id=\"ubtn-5510\"  class=\"ubtn ult-adjust-bottom-margin ult-responsive ubtn-small ubtn-fade-bg  ulta-grow  ubtn-sep-icon ubtn-sep-icon-at-left  ubtn-left  ubtn-only-icon   tooltip-69d37b9556453 ubtn-tooltip right\" data-toggle=\"tooltip\" data-placement=\"right\" title=\"En savoir +\" data-hover=\"\" data-border-color=\"#ffffff\" data-bg=\"\" data-hover-bg=\"rgba(255,255,255,0.3)\" data-border-hover=\"#007abc\" data-shadow-hover=\"\" data-shadow-click=\"none\" data-shadow=\"\" data-shd-shadow=\"\"  data-ultimate-target='#ubtn-5510'  data-responsive-json-new='{\"font-size\":\"\",\"line-height\":\"\"}'  style=\"font-family:&#039;Roboto&#039;;font-weight:normal;border-radius:300px;border-width:1px;border-color:#ffffff;border-style:solid;\"><span class=\"ubtn-data ubtn-icon\"><i class=\"icomoon-the7-font-the7-plus-04\" style=\"font-size:20px;color:#ffffff;\"><\/i><\/span><span class=\"ubtn-hover\" style=\"background-color:rgba(255,255,255,0.3)\"><\/span><span class=\"ubtn-data ubtn-text \" ><\/span><\/button><\/a><\/div>[\/vc_column_inner][vc_column_inner width=\u00a0\u00bb2\/3&Prime;][vc_single_image image=\u00a0\u00bb2944&Prime; img_size=\u00a0\u00bbfull\u00a0\u00bb alignment=\u00a0\u00bbcenter\u00a0\u00bb onclick=\u00a0\u00bbcustom_link\u00a0\u00bb css=\u00a0\u00bb.vc_custom_1606226022715{margin-top: 0px !important;margin-right: 0px !important;margin-bottom: 0px !important;margin-left: 0px !important;border-top-width: 20px !important;border-right-width: 20px !important;border-bottom-width: 20px !important;border-left-width: 20px !important;padding-top: 0px !important;padding-right: 0px !important;padding-bottom: 0px !important;padding-left: 0px !important;border-left-color: rgba(0,0,0,0.15) !important;border-left-style: solid !important;border-right-color: rgba(0,0,0,0.15) !important;border-right-style: solid !important;border-top-color: rgba(0,0,0,0.15) !important;border-top-style: solid !important;border-bottom-color: rgba(0,0,0,0.15) !important;border-bottom-style: solid !important;}\u00a0\u00bb link=\u00a0\u00bbhttps:\/\/www.fond-mobile-aqualift.com\/partenariats\/piscinistes\/\u00a0\u00bb][\/vc_column_inner][\/vc_row_inner][\/vc_column][\/vc_row][vc_row full_width=\u00a0\u00bbstretch_row\u00a0\u00bb content_placement=\u00a0\u00bbmiddle\u00a0\u00bb bg_type=\u00a0\u00bbimage\u00a0\u00bb parallax_style=\u00a0\u00bbvcpb-default\u00a0\u00bb bg_image_new=\u00a0\u00bbid^99|url^https:\/\/www.fond-mobile-aqualift.com\/wp-content\/uploads\/2020\/02\/savoir_faire_2500x600.jpg|caption^null|alt^Savoir-faire Aqualift|title^Savoir-faire Aqualift|description^null\u00a0\u00bb bg_image_repeat=\u00a0\u00bbno-repeat\u00a0\u00bb bg_override=\u00a0\u00bbex-full\u00a0\u00bb enable_overlay=\u00a0\u00bbenable_overlay_value\u00a0\u00bb overlay_color=\u00a0\u00bbrgba(0,0,0,0.45)\u00a0\u00bb type=\u00a0\u00bbvc_default\u00a0\u00bb][vc_column css=\u00a0\u00bb.vc_custom_1582622533597{padding: 35px !important;}\u00a0\u00bb][vc_row_inner equal_height=\u00a0\u00bbyes\u00a0\u00bb content_placement=\u00a0\u00bbmiddle\u00a0\u00bb gap=\u00a0\u00bb35&Prime;][vc_column_inner width=\u00a0\u00bb1\/2&Prime; css=\u00a0\u00bb.vc_custom_1582624263173{margin-top: 0px !important;margin-right: 0px !important;margin-bottom: 0px !important;margin-left: 0px !important;padding-top: 0px !important;padding-right: 0px !important;padding-bottom: 0px !important;padding-left: 0px !important;}\u00a0\u00bb]<div id=\"ultimate-heading-430669d37b95564d4\" class=\"uvc-heading ult-adjust-bottom-margin ultimate-heading-430669d37b95564d4 uvc-4117 \" data-hspacer=\"no_spacer\"  data-halign=\"center\" style=\"text-align:center\"><div class=\"uvc-heading-spacer no_spacer\" style=\"top\"><\/div><div class=\"uvc-main-heading ult-responsive\"  data-ultimate-target='.uvc-heading.ultimate-heading-430669d37b95564d4 h2'  data-responsive-json-new='{\"font-size\":\"desktop:32px;\",\"line-height\":\"desktop:38px;\"}' ><h2 style=\"font-family:&#039;Roboto&#039;;--font-weight:theme;color:#ffffff;\">Vous avez un projet, des questions...<\/h2><\/div><\/div>[\/vc_column_inner][vc_column_inner width=\u00a0\u00bb1\/2&Prime;]<div class=\" vc_custom_1606227138275 ubtn-ctn-center \"><a class=\"ubtn-link ult-adjust-bottom-margin ubtn-center ubtn-normal \" href=\"https:\/\/fond-mobile-aqualift.com\/demande-dinformation-partenariat\/\" ><button type=\"button\" id=\"ubtn-8292\"  class=\"ubtn ult-adjust-bottom-margin ult-responsive ubtn-normal ubtn-fade-bg  none  ubtn-sep-icon ubtn-sep-icon-right-push  ubtn-center   tooltip-69d37b9556538\"  data-hover=\"#ffffff\" data-border-color=\"\" data-bg=\"#00a4de\" data-hover-bg=\"rgba(0,122,188,0.7)\" data-border-hover=\"\" data-shadow-hover=\"\" data-shadow-click=\"none\" data-shadow=\"\" data-shd-shadow=\"\"  data-ultimate-target='#ubtn-8292'  data-responsive-json-new='{\"font-size\":\"desktop:18px;\",\"line-height\":\"desktop:24px;\"}'  style=\"font-family:&#039;Roboto&#039;;font-weight:normal;border-radius:300px;border-width:0px;border-color:;border-style:solid;background: #00a4de;color: #ffffff;\"><span class=\"ubtn-data ubtn-icon\"><i class=\"icomoon-the7-font-the7-comment-01\" style=\"font-size:20px;color:#ffffff;\"><\/i><\/span><span class=\"ubtn-hover\" style=\"background-color:rgba(0,122,188,0.7)\"><\/span><span class=\"ubtn-data ubtn-text \" >CONTACTEZ-NOUS<\/span><\/button><\/a><\/div>[\/vc_column_inner][\/vc_row_inner][\/vc_column][\/vc_row]<\/p>\n<\/div>","protected":false},"excerpt":{"rendered":"<p>[vc_row type=\u00a0\u00bbvc_default\u00a0\u00bb][vc_column][vc_column_text]Vous \u00eates \u00e0 la recherche d\u2019un partenaire vous offrant des solutions innovantes et fiables dans le domaine de la piscine ? Aqualift, leader mondial de la conception \u00e0 la cr\u00e9ation de piscines \u00e0 fond mobile vous propose de devenir partenaire ou distributeur de ses solutions.[\/vc_column_text][\/vc_column][\/vc_row][vc_row bg_type=\u00a0\u00bbbg_color\u00a0\u00bb bg_override=\u00a0\u00bbex-full\u00a0\u00bb seperator_enable=\u00a0\u00bbseperator_enable_value\u00a0\u00bb seperator_type=\u00a0\u00bbtilt_left_seperator\u00a0\u00bb seperator_svg_height=\u00a0\u00bb50&Prime; seperator_shape_background=\u00a0\u00bb#ffffff\u00a0\u00bb icon_type=\u00a0\u00bbselector\u00a0\u00bb icon=\u00a0\u00bbicomoon-the7-font-the7-arrow-29-1&Prime; icon_size=\u00a0\u00bb28&Prime;&hellip;<\/p>\n","protected":false},"author":1,"featured_media":0,"parent":0,"menu_order":5,"comment_status":"closed","ping_status":"closed","template":"","meta":{"footnotes":""},"class_list":["post-1923","page","type-page","status-publish","hentry","description-off"],"yoast_head":"<!-- This site is optimized with the Yoast SEO plugin v27.3 - https:\/\/yoast.com\/product\/yoast-seo-wordpress\/ -->\n<title>AQUALIFT | Installation ou distribution, devenez partenaire Aqualift<\/title>\n<meta name=\"description\" content=\"Professionnels de l&#039;architecture, du b\u00e2timent ou piscinistes, devenez partenaire d&#039;Aqualift, le leader mondiale de la piscine \u00e0 fond mobile\" \/>\n<meta name=\"robots\" content=\"index, follow, max-snippet:-1, max-image-preview:large, max-video-preview:-1\" \/>\n<link rel=\"canonical\" href=\"https:\/\/www.fond-mobile-aqualift.com\/fr\/partenariats\/\" \/>\n<meta property=\"og:locale\" content=\"fr_FR\" \/>\n<meta property=\"og:type\" content=\"article\" \/>\n<meta property=\"og:title\" content=\"AQUALIFT | Installation ou distribution, devenez partenaire Aqualift\" \/>\n<meta property=\"og:description\" content=\"Professionnels de l&#039;architecture, du b\u00e2timent ou piscinistes, devenez partenaire d&#039;Aqualift, le leader mondiale de la piscine \u00e0 fond mobile\" \/>\n<meta property=\"og:url\" content=\"https:\/\/www.fond-mobile-aqualift.com\/fr\/partenariats\/\" \/>\n<meta property=\"og:site_name\" content=\"Aqualift Industrie\" \/>\n<meta property=\"article:modified_time\" content=\"2024-07-18T14:21:15+00:00\" \/>\n<meta name=\"twitter:card\" content=\"summary_large_image\" \/>\n<meta name=\"twitter:label1\" content=\"Dur\u00e9e de lecture estim\u00e9e\" \/>\n\t<meta name=\"twitter:data1\" content=\"3 minutes\" \/>\n<script type=\"application\/ld+json\" class=\"yoast-schema-graph\">{\"@context\":\"https:\\\/\\\/schema.org\",\"@graph\":[{\"@type\":\"WebPage\",\"@id\":\"https:\\\/\\\/www.fond-mobile-aqualift.com\\\/fr\\\/partenariats\\\/\",\"url\":\"https:\\\/\\\/www.fond-mobile-aqualift.com\\\/fr\\\/partenariats\\\/\",\"name\":\"AQUALIFT | Installation ou distribution, devenez partenaire Aqualift\",\"isPartOf\":{\"@id\":\"https:\\\/\\\/www.fond-mobile-aqualift.com\\\/fr\\\/#website\"},\"datePublished\":\"2020-10-20T13:06:39+00:00\",\"dateModified\":\"2024-07-18T14:21:15+00:00\",\"description\":\"Professionnels de l'architecture, du b\u00e2timent ou piscinistes, devenez partenaire d'Aqualift, le leader mondiale de la piscine \u00e0 fond mobile\",\"breadcrumb\":{\"@id\":\"https:\\\/\\\/www.fond-mobile-aqualift.com\\\/fr\\\/partenariats\\\/#breadcrumb\"},\"inLanguage\":\"fr-FR\",\"potentialAction\":[{\"@type\":\"ReadAction\",\"target\":[\"https:\\\/\\\/www.fond-mobile-aqualift.com\\\/fr\\\/partenariats\\\/\"]}]},{\"@type\":\"BreadcrumbList\",\"@id\":\"https:\\\/\\\/www.fond-mobile-aqualift.com\\\/fr\\\/partenariats\\\/#breadcrumb\",\"itemListElement\":[{\"@type\":\"ListItem\",\"position\":1,\"name\":\"Accueil\",\"item\":\"https:\\\/\\\/www.fond-mobile-aqualift.com\\\/fr\\\/\"},{\"@type\":\"ListItem\",\"position\":2,\"name\":\"Partenariats\"}]},{\"@type\":\"WebSite\",\"@id\":\"https:\\\/\\\/www.fond-mobile-aqualift.com\\\/fr\\\/#website\",\"url\":\"https:\\\/\\\/www.fond-mobile-aqualift.com\\\/fr\\\/\",\"name\":\"Aqualift Industrie\",\"description\":\"Leader mondial du fond mobile pour piscine\",\"potentialAction\":[{\"@type\":\"SearchAction\",\"target\":{\"@type\":\"EntryPoint\",\"urlTemplate\":\"https:\\\/\\\/www.fond-mobile-aqualift.com\\\/fr\\\/?s={search_term_string}\"},\"query-input\":{\"@type\":\"PropertyValueSpecification\",\"valueRequired\":true,\"valueName\":\"search_term_string\"}}],\"inLanguage\":\"fr-FR\"}]}<\/script>\n<!-- \/ Yoast SEO plugin. -->","yoast_head_json":{"title":"AQUALIFT | Installation ou distribution, devenez partenaire Aqualift","description":"Professionnels de l'architecture, du b\u00e2timent ou piscinistes, devenez partenaire d'Aqualift, le leader mondiale de la piscine \u00e0 fond mobile","robots":{"index":"index","follow":"follow","max-snippet":"max-snippet:-1","max-image-preview":"max-image-preview:large","max-video-preview":"max-video-preview:-1"},"canonical":"https:\/\/www.fond-mobile-aqualift.com\/fr\/partenariats\/","og_locale":"fr_FR","og_type":"article","og_title":"AQUALIFT | Installation ou distribution, devenez partenaire Aqualift","og_description":"Professionnels de l'architecture, du b\u00e2timent ou piscinistes, devenez partenaire d'Aqualift, le leader mondiale de la piscine \u00e0 fond mobile","og_url":"https:\/\/www.fond-mobile-aqualift.com\/fr\/partenariats\/","og_site_name":"Aqualift Industrie","article_modified_time":"2024-07-18T14:21:15+00:00","twitter_card":"summary_large_image","twitter_misc":{"Dur\u00e9e de lecture estim\u00e9e":"3 minutes"},"schema":{"@context":"https:\/\/schema.org","@graph":[{"@type":"WebPage","@id":"https:\/\/www.fond-mobile-aqualift.com\/fr\/partenariats\/","url":"https:\/\/www.fond-mobile-aqualift.com\/fr\/partenariats\/","name":"AQUALIFT | Installation ou distribution, devenez partenaire Aqualift","isPartOf":{"@id":"https:\/\/www.fond-mobile-aqualift.com\/fr\/#website"},"datePublished":"2020-10-20T13:06:39+00:00","dateModified":"2024-07-18T14:21:15+00:00","description":"Professionnels de l'architecture, du b\u00e2timent ou piscinistes, devenez partenaire d'Aqualift, le leader mondiale de la piscine \u00e0 fond mobile","breadcrumb":{"@id":"https:\/\/www.fond-mobile-aqualift.com\/fr\/partenariats\/#breadcrumb"},"inLanguage":"fr-FR","potentialAction":[{"@type":"ReadAction","target":["https:\/\/www.fond-mobile-aqualift.com\/fr\/partenariats\/"]}]},{"@type":"BreadcrumbList","@id":"https:\/\/www.fond-mobile-aqualift.com\/fr\/partenariats\/#breadcrumb","itemListElement":[{"@type":"ListItem","position":1,"name":"Accueil","item":"https:\/\/www.fond-mobile-aqualift.com\/fr\/"},{"@type":"ListItem","position":2,"name":"Partenariats"}]},{"@type":"WebSite","@id":"https:\/\/www.fond-mobile-aqualift.com\/fr\/#website","url":"https:\/\/www.fond-mobile-aqualift.com\/fr\/","name":"Aqualift Industrie","description":"Leader mondial du fond mobile pour piscine","potentialAction":[{"@type":"SearchAction","target":{"@type":"EntryPoint","urlTemplate":"https:\/\/www.fond-mobile-aqualift.com\/fr\/?s={search_term_string}"},"query-input":{"@type":"PropertyValueSpecification","valueRequired":true,"valueName":"search_term_string"}}],"inLanguage":"fr-FR"}]}},"_links":{"self":[{"href":"https:\/\/www.fond-mobile-aqualift.com\/fr\/wp-json\/wp\/v2\/pages\/1923","targetHints":{"allow":["GET"]}}],"collection":[{"href":"https:\/\/www.fond-mobile-aqualift.com\/fr\/wp-json\/wp\/v2\/pages"}],"about":[{"href":"https:\/\/www.fond-mobile-aqualift.com\/fr\/wp-json\/wp\/v2\/types\/page"}],"author":[{"embeddable":true,"href":"https:\/\/www.fond-mobile-aqualift.com\/fr\/wp-json\/wp\/v2\/users\/1"}],"replies":[{"embeddable":true,"href":"https:\/\/www.fond-mobile-aqualift.com\/fr\/wp-json\/wp\/v2\/comments?post=1923"}],"version-history":[{"count":2,"href":"https:\/\/www.fond-mobile-aqualift.com\/fr\/wp-json\/wp\/v2\/pages\/1923\/revisions"}],"predecessor-version":[{"id":17406,"href":"https:\/\/www.fond-mobile-aqualift.com\/fr\/wp-json\/wp\/v2\/pages\/1923\/revisions\/17406"}],"wp:attachment":[{"href":"https:\/\/www.fond-mobile-aqualift.com\/fr\/wp-json\/wp\/v2\/media?parent=1923"}],"curies":[{"name":"wp","href":"https:\/\/api.w.org\/{rel}","templated":true}]}}