{"id":3590,"date":"2020-11-06T10:11:56","date_gmt":"2020-11-06T09:11:56","guid":{"rendered":"https:\/\/www.fond-mobile-aqualift.com\/realisez-votre-projet\/"},"modified":"2025-05-09T12:10:45","modified_gmt":"2025-05-09T10:10:45","slug":"realice-su-proyecto","status":"publish","type":"page","link":"https:\/\/www.fond-mobile-aqualift.com\/es\/realice-su-proyecto\/","title":{"rendered":"Realice su proyecto"},"content":{"rendered":"<div class=\"wpb-content-wrapper\"><p>[vc_row type=\u00bbvc_default\u00bb][vc_column css=\u00bb.vc_custom_1604312636957{margin-bottom: 0px !important;padding-bottom: 0px !important;}\u00bb]<div id=\"ultimate-heading-344969f3a256500e1\" class=\"uvc-heading ult-adjust-bottom-margin ultimate-heading-344969f3a256500e1 uvc-836  uvc-heading-default-font-sizes\" data-hspacer=\"no_spacer\"  data-halign=\"left\" style=\"text-align:left\"><div class=\"uvc-heading-spacer no_spacer\" style=\"top\"><\/div><div class=\"uvc-main-heading ult-responsive\"  data-ultimate-target='.uvc-heading.ultimate-heading-344969f3a256500e1 h2'  data-responsive-json-new='{\"font-size\":\"\",\"line-height\":\"\"}' ><h2 style=\"--font-weight:theme;margin-bottom:20px;\">\u00bfQuieres realizar tu proyecto de piscina Aqualift?<\/h2><\/div><\/div>[vc_column_text]Juntos, definamos las l\u00edneas generales. Seleccione con nosotros las caracter\u00edsticas de su piscina.[\/vc_column_text]<div id=\"ultimate-heading-179269f3a256501ae\" class=\"uvc-heading ult-adjust-bottom-margin ultimate-heading-179269f3a256501ae uvc-4277  uvc-heading-default-font-sizes\" data-hspacer=\"no_spacer\"  data-halign=\"left\" style=\"text-align:left\"><div class=\"uvc-heading-spacer no_spacer\" style=\"top\"><\/div><div class=\"uvc-main-heading ult-responsive\"  data-ultimate-target='.uvc-heading.ultimate-heading-179269f3a256501ae h3'  data-responsive-json-new='{\"font-size\":\"\",\"line-height\":\"\"}' ><h3 style=\"--font-weight:theme;color:#2d2d2d;margin-bottom:0px;\">Te interesa:<\/h3><\/div><\/div>[\/vc_column][\/vc_row][vc_row gap=\u00bb35&#8243; type=\u00bbvc_default\u00bb][vc_column]<div id=\"highlight-box-wrap-9298\"  data-ultimate-target='#highlight-box-wrap-9298'  data-responsive-json-new='{\"font-size\":\"desktop:18px;\",\"line-height\":\"desktop:24px;\"}'  class=\"ultimate-call-to-action ult-adjust-bottom-margin  ctaction-text-center ult-responsive\" style=\"font-family:Roboto;font-weight:300;color:#2d2d2d;background:rgba(38,38,38,0.05);padding-top:25px;padding-bottom:25px;padding-left:0px;padding-right:0px;margin-top:0px;margin-right:0px;margin-bottom:20px;margin-left:0px;\"  data-background=\"rgba(38,38,38,0.05)\"  data-background-hover=\"#00a4de\"  data-override=\"0\" ><div class=\"ultimate-ctaction-icon ctaction-icon-right-push\"><div class=\"ult-just-icon-wrapper  \"><div class=\"align-icon\" style=\"text-align:center;\">\n<div class=\"aio-icon none \"  style=\"color:#ffffff;font-size:22px;display:inline-block;\">\n\t<i class=\"icomoon-the7-font-the7-arrow-13\"><\/i>\n<\/div><\/div><\/div><\/div><div class=\"uvc-ctaction-data uvc-ctaction-data-right-push ult-responsive\">Un fondo m\u00f3vil<\/div><a class=\"ulimate-call-to-action-link\" href=\"https:\/\/www.fond-mobile-aqualift.com\/es\/realice-su-proyecto\/realice-su-proyecto-de-fondo-movil\/\" ><\/a><\/div><div id=\"highlight-box-wrap-5738\"  data-ultimate-target='#highlight-box-wrap-5738'  data-responsive-json-new='{\"font-size\":\"desktop:18px;\",\"line-height\":\"desktop:24px;\"}'  class=\"ultimate-call-to-action ult-adjust-bottom-margin  ctaction-text-center ult-responsive\" style=\"font-family:Roboto;font-weight:300;color:#2d2d2d;background:rgba(38,38,38,0.05);padding-top:25px;padding-bottom:25px;padding-left:0px;padding-right:0px;margin-top:0px;margin-right:0px;margin-bottom:20px;margin-left:0px;\"  data-background=\"rgba(38,38,38,0.05)\"  data-background-hover=\"#00a4de\"  data-override=\"0\" ><div class=\"ultimate-ctaction-icon ctaction-icon-right-push\"><div class=\"ult-just-icon-wrapper  \"><div class=\"align-icon\" style=\"text-align:center;\">\n<div class=\"aio-icon none \"  style=\"color:#ffffff;font-size:22px;display:inline-block;\">\n\t<i class=\"icomoon-the7-font-the7-arrow-13\"><\/i>\n<\/div><\/div><\/div><\/div><div class=\"uvc-ctaction-data uvc-ctaction-data-right-push ult-responsive\">Una piscina con fondo m\u00f3vil<\/div><a class=\"ulimate-call-to-action-link\" href=\"https:\/\/www.fond-mobile-aqualift.com\/es\/realice-su-proyecto\/realice-su-proyecto-de-piscina-con-fondo-movil\/\" ><\/a><\/div><div id=\"highlight-box-wrap-3457\"  data-ultimate-target='#highlight-box-wrap-3457'  data-responsive-json-new='{\"font-size\":\"desktop:18px;\",\"line-height\":\"desktop:24px;\"}'  class=\"ultimate-call-to-action ult-adjust-bottom-margin  ctaction-text-center ult-responsive\" style=\"font-family:Roboto;font-weight:300;color:#2d2d2d;background:rgba(38,38,38,0.05);padding-top:25px;padding-bottom:25px;padding-left:0px;padding-right:0px;margin-top:0px;margin-right:0px;margin-bottom:0px;margin-left:0px;\"  data-background=\"rgba(38,38,38,0.05)\"  data-background-hover=\"#00a4de\"  data-override=\"0\" ><div class=\"ultimate-ctaction-icon ctaction-icon-right-push\"><div class=\"ult-just-icon-wrapper  \"><div class=\"align-icon\" style=\"text-align:center;\">\n<div class=\"aio-icon none \"  style=\"color:#ffffff;font-size:22px;display:inline-block;\">\n\t<i class=\"icomoon-the7-font-the7-arrow-13\"><\/i>\n<\/div><\/div><\/div><\/div><div class=\"uvc-ctaction-data uvc-ctaction-data-right-push ult-responsive\">Un pool house de lujo<\/div><a class=\"ulimate-call-to-action-link\" href=\"https:\/\/www.fond-mobile-aqualift.com\/es\/realice-su-proyecto\/realice-su-proyecto-de-pool-house-de-lujo\/\" ><\/a><\/div>[\/vc_column][\/vc_row]<\/p>\n<\/div>","protected":false},"excerpt":{"rendered":"<p>[vc_row type=\u00bbvc_default\u00bb][vc_column css=\u00bb.vc_custom_1604312636957{margin-bottom: 0px !important;padding-bottom: 0px !important;}\u00bb][vc_column_text]Juntos, definamos las l\u00edneas generales. Seleccione con nosotros las caracter\u00edsticas de su piscina.[\/vc_column_text][\/vc_column][\/vc_row][vc_row gap=\u00bb35&#8243; type=\u00bbvc_default\u00bb][vc_column][\/vc_column][\/vc_row]<\/p>\n","protected":false},"author":1,"featured_media":0,"parent":0,"menu_order":0,"comment_status":"closed","ping_status":"closed","template":"","meta":{"footnotes":""},"class_list":["post-3590","page","type-page","status-publish","hentry","description-off"],"yoast_head":"<!-- This site is optimized with the Yoast SEO plugin v27.3 - https:\/\/yoast.com\/product\/yoast-seo-wordpress\/ -->\n<title>Piscina con fondo m\u00f3vil precio y solicitud de presupuesto<\/title>\n<meta name=\"description\" content=\"\u00bfNecesitas informaci\u00f3n? Solicita un presupuesto para tu piscina con fondo m\u00f3vil: precio, tama\u00f1o...\" \/>\n<meta name=\"robots\" content=\"index, follow, max-snippet:-1, max-image-preview:large, max-video-preview:-1\" \/>\n<link rel=\"canonical\" href=\"https:\/\/www.fond-mobile-aqualift.com\/es\/realice-su-proyecto\/\" \/>\n<meta property=\"og:locale\" content=\"es_ES\" \/>\n<meta property=\"og:type\" content=\"article\" \/>\n<meta property=\"og:title\" content=\"Piscina con fondo m\u00f3vil precio y solicitud de presupuesto\" \/>\n<meta property=\"og:description\" content=\"\u00bfNecesitas informaci\u00f3n? Solicita un presupuesto para tu piscina con fondo m\u00f3vil: precio, tama\u00f1o...\" \/>\n<meta property=\"og:url\" content=\"https:\/\/www.fond-mobile-aqualift.com\/es\/realice-su-proyecto\/\" \/>\n<meta property=\"og:site_name\" content=\"Aqualift Industrie\" \/>\n<meta property=\"article:modified_time\" content=\"2025-05-09T10:10:45+00:00\" \/>\n<meta name=\"twitter:card\" content=\"summary_large_image\" \/>\n<meta name=\"twitter:label1\" content=\"Tiempo de lectura\" \/>\n\t<meta name=\"twitter:data1\" content=\"1 minuto\" \/>\n<script type=\"application\/ld+json\" class=\"yoast-schema-graph\">{\"@context\":\"https:\\\/\\\/schema.org\",\"@graph\":[{\"@type\":\"WebPage\",\"@id\":\"https:\\\/\\\/www.fond-mobile-aqualift.com\\\/es\\\/realice-su-proyecto\\\/\",\"url\":\"https:\\\/\\\/www.fond-mobile-aqualift.com\\\/es\\\/realice-su-proyecto\\\/\",\"name\":\"Piscina con fondo m\u00f3vil precio y solicitud de presupuesto\",\"isPartOf\":{\"@id\":\"https:\\\/\\\/www.fond-mobile-aqualift.com\\\/es\\\/#website\"},\"datePublished\":\"2020-11-06T09:11:56+00:00\",\"dateModified\":\"2025-05-09T10:10:45+00:00\",\"description\":\"\u00bfNecesitas informaci\u00f3n? Solicita un presupuesto para tu piscina con fondo m\u00f3vil: precio, tama\u00f1o...\",\"breadcrumb\":{\"@id\":\"https:\\\/\\\/www.fond-mobile-aqualift.com\\\/es\\\/realice-su-proyecto\\\/#breadcrumb\"},\"inLanguage\":\"es\",\"potentialAction\":[{\"@type\":\"ReadAction\",\"target\":[\"https:\\\/\\\/www.fond-mobile-aqualift.com\\\/es\\\/realice-su-proyecto\\\/\"]}]},{\"@type\":\"BreadcrumbList\",\"@id\":\"https:\\\/\\\/www.fond-mobile-aqualift.com\\\/es\\\/realice-su-proyecto\\\/#breadcrumb\",\"itemListElement\":[{\"@type\":\"ListItem\",\"position\":1,\"name\":\"Accueil\",\"item\":\"https:\\\/\\\/www.fond-mobile-aqualift.com\\\/es\\\/\"},{\"@type\":\"ListItem\",\"position\":2,\"name\":\"Realice su proyecto\"}]},{\"@type\":\"WebSite\",\"@id\":\"https:\\\/\\\/www.fond-mobile-aqualift.com\\\/es\\\/#website\",\"url\":\"https:\\\/\\\/www.fond-mobile-aqualift.com\\\/es\\\/\",\"name\":\"Aqualift Industrie\",\"description\":\"L\u00edder mundial de fondos m\u00f3viles para piscinas\",\"potentialAction\":[{\"@type\":\"SearchAction\",\"target\":{\"@type\":\"EntryPoint\",\"urlTemplate\":\"https:\\\/\\\/www.fond-mobile-aqualift.com\\\/es\\\/?s={search_term_string}\"},\"query-input\":{\"@type\":\"PropertyValueSpecification\",\"valueRequired\":true,\"valueName\":\"search_term_string\"}}],\"inLanguage\":\"es\"}]}<\/script>\n<!-- \/ Yoast SEO plugin. -->","yoast_head_json":{"title":"Piscina con fondo m\u00f3vil precio y solicitud de presupuesto","description":"\u00bfNecesitas informaci\u00f3n? Solicita un presupuesto para tu piscina con fondo m\u00f3vil: precio, tama\u00f1o...","robots":{"index":"index","follow":"follow","max-snippet":"max-snippet:-1","max-image-preview":"max-image-preview:large","max-video-preview":"max-video-preview:-1"},"canonical":"https:\/\/www.fond-mobile-aqualift.com\/es\/realice-su-proyecto\/","og_locale":"es_ES","og_type":"article","og_title":"Piscina con fondo m\u00f3vil precio y solicitud de presupuesto","og_description":"\u00bfNecesitas informaci\u00f3n? Solicita un presupuesto para tu piscina con fondo m\u00f3vil: precio, tama\u00f1o...","og_url":"https:\/\/www.fond-mobile-aqualift.com\/es\/realice-su-proyecto\/","og_site_name":"Aqualift Industrie","article_modified_time":"2025-05-09T10:10:45+00:00","twitter_card":"summary_large_image","twitter_misc":{"Tiempo de lectura":"1 minuto"},"schema":{"@context":"https:\/\/schema.org","@graph":[{"@type":"WebPage","@id":"https:\/\/www.fond-mobile-aqualift.com\/es\/realice-su-proyecto\/","url":"https:\/\/www.fond-mobile-aqualift.com\/es\/realice-su-proyecto\/","name":"Piscina con fondo m\u00f3vil precio y solicitud de presupuesto","isPartOf":{"@id":"https:\/\/www.fond-mobile-aqualift.com\/es\/#website"},"datePublished":"2020-11-06T09:11:56+00:00","dateModified":"2025-05-09T10:10:45+00:00","description":"\u00bfNecesitas informaci\u00f3n? Solicita un presupuesto para tu piscina con fondo m\u00f3vil: precio, tama\u00f1o...","breadcrumb":{"@id":"https:\/\/www.fond-mobile-aqualift.com\/es\/realice-su-proyecto\/#breadcrumb"},"inLanguage":"es","potentialAction":[{"@type":"ReadAction","target":["https:\/\/www.fond-mobile-aqualift.com\/es\/realice-su-proyecto\/"]}]},{"@type":"BreadcrumbList","@id":"https:\/\/www.fond-mobile-aqualift.com\/es\/realice-su-proyecto\/#breadcrumb","itemListElement":[{"@type":"ListItem","position":1,"name":"Accueil","item":"https:\/\/www.fond-mobile-aqualift.com\/es\/"},{"@type":"ListItem","position":2,"name":"Realice su proyecto"}]},{"@type":"WebSite","@id":"https:\/\/www.fond-mobile-aqualift.com\/es\/#website","url":"https:\/\/www.fond-mobile-aqualift.com\/es\/","name":"Aqualift Industrie","description":"L\u00edder mundial de fondos m\u00f3viles para piscinas","potentialAction":[{"@type":"SearchAction","target":{"@type":"EntryPoint","urlTemplate":"https:\/\/www.fond-mobile-aqualift.com\/es\/?s={search_term_string}"},"query-input":{"@type":"PropertyValueSpecification","valueRequired":true,"valueName":"search_term_string"}}],"inLanguage":"es"}]}},"_links":{"self":[{"href":"https:\/\/www.fond-mobile-aqualift.com\/es\/wp-json\/wp\/v2\/pages\/3590","targetHints":{"allow":["GET"]}}],"collection":[{"href":"https:\/\/www.fond-mobile-aqualift.com\/es\/wp-json\/wp\/v2\/pages"}],"about":[{"href":"https:\/\/www.fond-mobile-aqualift.com\/es\/wp-json\/wp\/v2\/types\/page"}],"author":[{"embeddable":true,"href":"https:\/\/www.fond-mobile-aqualift.com\/es\/wp-json\/wp\/v2\/users\/1"}],"replies":[{"embeddable":true,"href":"https:\/\/www.fond-mobile-aqualift.com\/es\/wp-json\/wp\/v2\/comments?post=3590"}],"version-history":[{"count":1,"href":"https:\/\/www.fond-mobile-aqualift.com\/es\/wp-json\/wp\/v2\/pages\/3590\/revisions"}],"predecessor-version":[{"id":21545,"href":"https:\/\/www.fond-mobile-aqualift.com\/es\/wp-json\/wp\/v2\/pages\/3590\/revisions\/21545"}],"wp:attachment":[{"href":"https:\/\/www.fond-mobile-aqualift.com\/es\/wp-json\/wp\/v2\/media?parent=3590"}],"curies":[{"name":"wp","href":"https:\/\/api.w.org\/{rel}","templated":true}]}}