{"id":3554,"date":"2020-10-20T15:06:39","date_gmt":"2020-10-20T13:06:39","guid":{"rendered":"https:\/\/www.fond-mobile-aqualift.com\/partenariats\/"},"modified":"2022-04-15T11:19:43","modified_gmt":"2022-04-15T09:19:43","slug":"asociaciones","status":"publish","type":"page","link":"https:\/\/www.fond-mobile-aqualift.com\/es\/asociaciones\/","title":{"rendered":"Asociaciones"},"content":{"rendered":"<div class=\"wpb-content-wrapper\"><p>[vc_row type=\u00bbvc_default\u00bb][vc_column]<div id=\"ultimate-heading-371169f2d424300aa\" class=\"uvc-heading ult-adjust-bottom-margin ultimate-heading-371169f2d424300aa uvc-3097  uvc-heading-default-font-sizes\" data-hspacer=\"no_spacer\"  data-halign=\"left\" style=\"text-align:left\"><div class=\"uvc-heading-spacer no_spacer\" style=\"top\"><\/div><div class=\"uvc-main-heading ult-responsive\"  data-ultimate-target='.uvc-heading.ultimate-heading-371169f2d424300aa h2'  data-responsive-json-new='{\"font-size\":\"\",\"line-height\":\"\"}' ><h2 style=\"--font-weight:theme;margin-bottom:20px;\">Arquitectos, decoradores, profesionales de la construcci\u00f3n o de la piscina<\/h2><\/div><div class=\"uvc-sub-heading ult-responsive\"  data-ultimate-target='.uvc-heading.ultimate-heading-371169f2d424300aa .uvc-sub-heading '  data-responsive-json-new='{\"font-size\":\"desktop:18px;\",\"line-height\":\"desktop:24px;\"}'  style=\"font-family:&#039;Roboto&#039;;font-weight:300;color:#00a4de;margin-bottom:35px;\">Aqualift, l\u00edder mundial del dise\u00f1o en la creaci\u00f3n de piscinas con fondo m\u00f3vil, le propone convertirse en socio o distribuidor de sus soluciones.<\/div><\/div>[vc_column_text]\u00bfBusca un socio que le ofrezca soluciones innovadoras y fiables en el dominio de la piscina?<br \/>\nAqualift, l\u00edder mundial del dise\u00f1o en la creaci\u00f3n de piscinas con fondo m\u00f3vil, le propone convertirse en socio o distribuidor de sus soluciones.[\/vc_column_text]<div id=\"ultimate-heading-563869f2d42430192\" class=\"uvc-heading ult-adjust-bottom-margin ultimate-heading-563869f2d42430192 uvc-2198 \" data-hspacer=\"no_spacer\"  data-halign=\"center\" style=\"text-align:center\"><div class=\"uvc-heading-spacer no_spacer\" style=\"top\"><\/div><div class=\"uvc-main-heading ult-responsive\"  data-ultimate-target='.uvc-heading.ultimate-heading-563869f2d42430192 h3'  data-responsive-json-new='{\"font-size\":\"desktop:36px;\",\"line-height\":\"desktop:40px;\"}' ><h3 style=\"font-family:&#039;Encode Sans&#039;;font-weight:300;color:#00a4de;margin-bottom:20px;\">Convi\u00e9rtase en socio de Aqualift<\/h3><\/div><\/div>[\/vc_column][\/vc_row][vc_row bg_type=\u00bbbg_color\u00bb bg_override=\u00bbex-full\u00bb seperator_enable=\u00bbseperator_enable_value\u00bb seperator_type=\u00bbtilt_left_seperator\u00bb seperator_svg_height=\u00bb50&#8243; seperator_shape_background=\u00bb#ffffff\u00bb icon_type=\u00bbselector\u00bb icon=\u00bbicomoon-the7-font-the7-arrow-29-1&#8243; icon_size=\u00bb28&#8243; icon_color=\u00bb#666666&#8243; icon_style=\u00bbcircle\u00bb icon_color_bg=\u00bbrgba(255,255,255,0.9)\u00bb type=\u00bbvc_default\u00bb css=\u00bb.vc_custom_1586423837284{padding-top: 70px !important;}\u00bb bg_color_value=\u00bb#494949&#8243;][vc_column css=\u00bb.vc_custom_1582641028632{padding-bottom: 35px !important;}\u00bb][vc_row_inner content_placement=\u00bbmiddle\u00bb gap=\u00bb35&#8243;][vc_column_inner width=\u00bb1\/3&#8243; css=\u00bb.vc_custom_1586425781069{margin-top: 0px !important;margin-right: 0px !important;margin-bottom: 0px !important;margin-left: 0px !important;}\u00bb]<div id=\"ultimate-heading-283869f2d42430229\" class=\"uvc-heading ult-adjust-bottom-margin ultimate-heading-283869f2d42430229 uvc-5711 \" data-hspacer=\"no_spacer\"  data-halign=\"left\" style=\"text-align:left\"><div class=\"uvc-heading-spacer no_spacer\" style=\"top\"><\/div><div class=\"uvc-main-heading ult-responsive\"  data-ultimate-target='.uvc-heading.ultimate-heading-283869f2d42430229 h2'  data-responsive-json-new='{\"font-size\":\"desktop:34px;\",\"line-height\":\"desktop:40px;\"}' ><h2 style=\"--font-weight:theme;margin-bottom:20px;\">Arquitectos<\/h2><\/div><div class=\"uvc-sub-heading ult-responsive\"  data-ultimate-target='.uvc-heading.ultimate-heading-283869f2d42430229 .uvc-sub-heading '  data-responsive-json-new='{\"font-size\":\"desktop:20px;\",\"line-height\":\"desktop:24px;\"}'  style=\"font-family:&#039;Roboto&#039;;font-weight:normal;font-style:normal;color:#ffffff;margin-bottom:10px;\">P\u00eddanos lo imposible, lo realizaremos<\/div><\/div>[vc_column_text css=\u00bb.vc_custom_1608654565980{margin-bottom: 20px !important;}\u00bb]<\/p>\n<p style=\"text-align: left; color: #ffffff;\">Usted es arquitecto que busca soluciones innovadoras para un acondicionamiento interior o exterior con una piscina original. Descubra todo lo que podemos hacer con usted.<\/p>\n<p>[\/vc_column_text]<div class=\" vc_custom_1608654609048 ubtn-ctn-left \"><a class=\"ubtn-link ult-adjust-bottom-margin ubtn-left ubtn-small \" href=\"https:\/\/www.fond-mobile-aqualift.com\/es\/asociaciones\/arquitectos\/\" title=\"Arquitectos\" ><button type=\"button\" id=\"ubtn-4005\"  class=\"ubtn ult-adjust-bottom-margin ult-responsive ubtn-small ubtn-fade-bg  ulta-grow  ubtn-sep-icon ubtn-sep-icon-at-left  ubtn-left  ubtn-only-icon   tooltip-69f2d424302b0 ubtn-tooltip right\" data-toggle=\"tooltip\" data-placement=\"right\" title=\"M\u00e1s informaci\u00f3n\" data-hover=\"\" data-border-color=\"#ffffff\" data-bg=\"\" data-hover-bg=\"rgba(255,255,255,0.3)\" data-border-hover=\"#007abc\" data-shadow-hover=\"\" data-shadow-click=\"none\" data-shadow=\"\" data-shd-shadow=\"\"  data-ultimate-target='#ubtn-4005'  data-responsive-json-new='{\"font-size\":\"\",\"line-height\":\"\"}'  style=\"font-family:&#039;Roboto&#039;;font-weight:normal;border-radius:300px;border-width:1px;border-color:#ffffff;border-style:solid;\"><span class=\"ubtn-data ubtn-icon\"><i class=\"icomoon-the7-font-the7-plus-04\" style=\"font-size:20px;color:#ffffff;\"><\/i><\/span><span class=\"ubtn-hover\" style=\"background-color:rgba(255,255,255,0.3)\"><\/span><span class=\"ubtn-data ubtn-text \" ><\/span><\/button><\/a><\/div>[\/vc_column_inner][vc_column_inner width=\u00bb2\/3&#8243;][vc_single_image image=\u00bb2867&#8243; img_size=\u00bbfull\u00bb alignment=\u00bbcenter\u00bb onclick=\u00bbcustom_link\u00bb css=\u00bb.vc_custom_1608654600655{margin-top: 0px !important;margin-right: 0px !important;margin-bottom: 0px !important;margin-left: 0px !important;border-top-width: 20px !important;border-right-width: 20px !important;border-bottom-width: 20px !important;border-left-width: 20px !important;padding-top: 0px !important;padding-right: 0px !important;padding-bottom: 0px !important;padding-left: 0px !important;border-left-color: rgba(0,0,0,0.15) !important;border-left-style: solid !important;border-right-color: rgba(0,0,0,0.15) !important;border-right-style: solid !important;border-top-color: rgba(0,0,0,0.15) !important;border-top-style: solid !important;border-bottom-color: rgba(0,0,0,0.15) !important;border-bottom-style: solid !important;}\u00bb link=\u00bbhttps:\/\/www.fond-mobile-aqualift.com\/es\/asociaciones\/arquitectos\/\u00bb][\/vc_column_inner][\/vc_row_inner][\/vc_column][\/vc_row][vc_row full_width=\u00bbstretch_row\u00bb content_placement=\u00bbmiddle\u00bb bg_type=\u00bbbg_color\u00bb bg_override=\u00bbex-full\u00bb type=\u00bbvc_default\u00bb bg_color_value=\u00bb#434343&#8243;][vc_column css=\u00bb.vc_custom_1586425972081{padding-bottom: 35px !important;}\u00bb][vc_row_inner content_placement=\u00bbmiddle\u00bb gap=\u00bb35&#8243;][vc_column_inner width=\u00bb1\/3&#8243; css=\u00bb.vc_custom_1586425781069{margin-top: 0px !important;margin-right: 0px !important;margin-bottom: 0px !important;margin-left: 0px !important;}\u00bb]<div id=\"ultimate-heading-897669f2d424303c9\" class=\"uvc-heading ult-adjust-bottom-margin ultimate-heading-897669f2d424303c9 uvc-3989 \" data-hspacer=\"no_spacer\"  data-halign=\"left\" style=\"text-align:left\"><div class=\"uvc-heading-spacer no_spacer\" style=\"top\"><\/div><div class=\"uvc-main-heading ult-responsive\"  data-ultimate-target='.uvc-heading.ultimate-heading-897669f2d424303c9 h2'  data-responsive-json-new='{\"font-size\":\"desktop:34px;\",\"line-height\":\"desktop:40px;\"}' ><h2 style=\"--font-weight:theme;margin-bottom:20px;\">Profesionales de la construcci\u00f3n de piscinas \/ Especialistas de piscinas<\/h2><\/div><div class=\"uvc-sub-heading ult-responsive\"  data-ultimate-target='.uvc-heading.ultimate-heading-897669f2d424303c9 .uvc-sub-heading '  data-responsive-json-new='{\"font-size\":\"desktop:20px;\",\"line-height\":\"desktop:24px;\"}'  style=\"font-family:&#039;Roboto&#039;;font-weight:normal;font-style:normal;color:#ffffff;margin-bottom:10px;\">Convi\u00e9rtase en nuestro socio y difer\u00e9nciese de sus competidores<\/div><\/div>[vc_column_text css=\u00bb.vc_custom_1608654667357{margin-bottom: 20px !important;}\u00bb]<\/p>\n<p style=\"text-align: left; color: #ffffff;\">Usted es un especialista de piscinas que dise\u00f1a y realiza piscinas de gama superior, en busca de soluciones innovadoras para crear vasos designs y pr\u00e1cticos. Descubra lo que podemos hacer juntos.<\/p>\n<p>[\/vc_column_text]<div class=\" vc_custom_1608654860292 ubtn-ctn-left \"><a class=\"ubtn-link ult-adjust-bottom-margin ubtn-left ubtn-small \" href=\"https:\/\/www.fond-mobile-aqualift.com\/es\/asociaciones\/especialistas-de-piscinas\/\" title=\"Especialistas de piscinas\" ><button type=\"button\" id=\"ubtn-4312\"  class=\"ubtn ult-adjust-bottom-margin ult-responsive ubtn-small ubtn-fade-bg  ulta-grow  ubtn-sep-icon ubtn-sep-icon-at-left  ubtn-left  ubtn-only-icon   tooltip-69f2d4243044f ubtn-tooltip right\" data-toggle=\"tooltip\" data-placement=\"right\" title=\"M\u00e1s informaci\u00f3n\" data-hover=\"\" data-border-color=\"#ffffff\" data-bg=\"\" data-hover-bg=\"rgba(255,255,255,0.3)\" data-border-hover=\"#007abc\" data-shadow-hover=\"\" data-shadow-click=\"none\" data-shadow=\"\" data-shd-shadow=\"\"  data-ultimate-target='#ubtn-4312'  data-responsive-json-new='{\"font-size\":\"\",\"line-height\":\"\"}'  style=\"font-family:&#039;Roboto&#039;;font-weight:normal;border-radius:300px;border-width:1px;border-color:#ffffff;border-style:solid;\"><span class=\"ubtn-data ubtn-icon\"><i class=\"icomoon-the7-font-the7-plus-04\" style=\"font-size:20px;color:#ffffff;\"><\/i><\/span><span class=\"ubtn-hover\" style=\"background-color:rgba(255,255,255,0.3)\"><\/span><span class=\"ubtn-data ubtn-text \" ><\/span><\/button><\/a><\/div>[\/vc_column_inner][vc_column_inner width=\u00bb2\/3&#8243;][vc_single_image image=\u00bb2947&#8243; img_size=\u00bbfull\u00bb alignment=\u00bbcenter\u00bb onclick=\u00bbcustom_link\u00bb css=\u00bb.vc_custom_1608654878711{margin-top: 0px !important;margin-right: 0px !important;margin-bottom: 0px !important;margin-left: 0px !important;border-top-width: 20px !important;border-right-width: 20px !important;border-bottom-width: 20px !important;border-left-width: 20px !important;padding-top: 0px !important;padding-right: 0px !important;padding-bottom: 0px !important;padding-left: 0px !important;border-left-color: rgba(0,0,0,0.15) !important;border-left-style: solid !important;border-right-color: rgba(0,0,0,0.15) !important;border-right-style: solid !important;border-top-color: rgba(0,0,0,0.15) !important;border-top-style: solid !important;border-bottom-color: rgba(0,0,0,0.15) !important;border-bottom-style: solid !important;}\u00bb link=\u00bbhttps:\/\/www.fond-mobile-aqualift.com\/es\/asociaciones\/especialistas-de-piscinas\/\u00bb][\/vc_column_inner][\/vc_row_inner][\/vc_column][\/vc_row][vc_row full_width=\u00bbstretch_row\u00bb content_placement=\u00bbmiddle\u00bb bg_type=\u00bbimage\u00bb parallax_style=\u00bbvcpb-default\u00bb bg_image_new=\u00bbid^99|url^https:\/\/www.fond-mobile-aqualift.com\/wp-content\/uploads\/2020\/02\/savoir_faire_2500x600.jpg|caption^null|alt^Savoir-faire Aqualift|title^Savoir-faire Aqualift|description^null\u00bb bg_image_repeat=\u00bbno-repeat\u00bb bg_override=\u00bbex-full\u00bb enable_overlay=\u00bbenable_overlay_value\u00bb overlay_color=\u00bbrgba(0,0,0,0.45)\u00bb type=\u00bbvc_default\u00bb][vc_column css=\u00bb.vc_custom_1582622533597{padding: 35px !important;}\u00bb][vc_row_inner equal_height=\u00bbyes\u00bb content_placement=\u00bbmiddle\u00bb gap=\u00bb35&#8243;][vc_column_inner width=\u00bb1\/2&#8243; css=\u00bb.vc_custom_1582624263173{margin-top: 0px !important;margin-right: 0px !important;margin-bottom: 0px !important;margin-left: 0px !important;padding-top: 0px !important;padding-right: 0px !important;padding-bottom: 0px !important;padding-left: 0px !important;}\u00bb]<div id=\"ultimate-heading-104669f2d424304f6\" class=\"uvc-heading ult-adjust-bottom-margin ultimate-heading-104669f2d424304f6 uvc-7982 \" data-hspacer=\"no_spacer\"  data-halign=\"center\" style=\"text-align:center\"><div class=\"uvc-heading-spacer no_spacer\" style=\"top\"><\/div><div class=\"uvc-main-heading ult-responsive\"  data-ultimate-target='.uvc-heading.ultimate-heading-104669f2d424304f6 h2'  data-responsive-json-new='{\"font-size\":\"desktop:32px;\",\"line-height\":\"desktop:38px;\"}' ><h2 style=\"font-family:&#039;Roboto&#039;;--font-weight:theme;color:#ffffff;\">Usted tiene un proyecto, preguntas...<\/h2><\/div><\/div>[\/vc_column_inner][vc_column_inner width=\u00bb1\/2&#8243;]<div class=\" vc_custom_1608654740859 ubtn-ctn-center \"><a class=\"ubtn-link ult-adjust-bottom-margin ubtn-center ubtn-normal \" href=\"https:\/\/www.fond-mobile-aqualift.com\/es\/solicitud-de-informacion-de-asociacion\/\" ><button type=\"button\" id=\"ubtn-6026\"  class=\"ubtn ult-adjust-bottom-margin ult-responsive ubtn-normal ubtn-fade-bg  none  ubtn-sep-icon ubtn-sep-icon-right-push  ubtn-center   tooltip-69f2d4243059d\"  data-hover=\"#ffffff\" data-border-color=\"\" data-bg=\"#00a4de\" data-hover-bg=\"rgba(0,122,188,0.7)\" data-border-hover=\"\" data-shadow-hover=\"\" data-shadow-click=\"none\" data-shadow=\"\" data-shd-shadow=\"\"  data-ultimate-target='#ubtn-6026'  data-responsive-json-new='{\"font-size\":\"desktop:18px;\",\"line-height\":\"desktop:24px;\"}'  style=\"font-family:&#039;Roboto&#039;;font-weight:normal;border-radius:300px;border-width:0px;border-color:;border-style:solid;background: #00a4de;color: #ffffff;\"><span class=\"ubtn-data ubtn-icon\"><i class=\"icomoon-the7-font-the7-comment-01\" style=\"font-size:20px;color:#ffffff;\"><\/i><\/span><span class=\"ubtn-hover\" style=\"background-color:rgba(0,122,188,0.7)\"><\/span><span class=\"ubtn-data ubtn-text \" >CONT\u00c1CTENOS<\/span><\/button><\/a><\/div>[\/vc_column_inner][\/vc_row_inner][\/vc_column][\/vc_row]<\/p>\n<\/div>","protected":false},"excerpt":{"rendered":"<p>[vc_row type=\u00bbvc_default\u00bb][vc_column][vc_column_text]\u00bfBusca un socio que le ofrezca soluciones innovadoras y fiables en el dominio de la piscina? Aqualift, l\u00edder mundial del dise\u00f1o en la creaci\u00f3n de piscinas con fondo m\u00f3vil, le propone convertirse en socio o distribuidor de sus soluciones.[\/vc_column_text][\/vc_column][\/vc_row][vc_row bg_type=\u00bbbg_color\u00bb bg_override=\u00bbex-full\u00bb seperator_enable=\u00bbseperator_enable_value\u00bb seperator_type=\u00bbtilt_left_seperator\u00bb seperator_svg_height=\u00bb50&#8243; seperator_shape_background=\u00bb#ffffff\u00bb icon_type=\u00bbselector\u00bb icon=\u00bbicomoon-the7-font-the7-arrow-29-1&#8243; icon_size=\u00bb28&#8243; icon_color=\u00bb#666666&#8243; icon_style=\u00bbcircle\u00bb icon_color_bg=\u00bbrgba(255,255,255,0.9)\u00bb type=\u00bbvc_default\u00bb css=\u00bb.vc_custom_1586423837284{padding-top: 70px&hellip;<\/p>\n","protected":false},"author":1,"featured_media":0,"parent":0,"menu_order":5,"comment_status":"closed","ping_status":"closed","template":"","meta":{"footnotes":""},"class_list":["post-3554","page","type-page","status-publish","hentry","description-off"],"yoast_head":"<!-- This site is optimized with the Yoast SEO plugin v27.3 - https:\/\/yoast.com\/product\/yoast-seo-wordpress\/ -->\n<title>AQUALIFT | Instalaci\u00f3n o distribuci\u00f3n, h\u00e1gase socio de Aqualift<\/title>\n<meta name=\"description\" content=\"Profesionales de la arquitectura, la construcci\u00f3n o especialistas en piscinas, convi\u00e9rtanse en socios de Aqualift, l\u00edder en piscinas de fondo m\u00f3vil\" \/>\n<meta name=\"robots\" content=\"index, follow, max-snippet:-1, max-image-preview:large, max-video-preview:-1\" \/>\n<link rel=\"canonical\" href=\"https:\/\/www.fond-mobile-aqualift.com\/es\/asociaciones\/\" \/>\n<meta property=\"og:locale\" content=\"es_ES\" \/>\n<meta property=\"og:type\" content=\"article\" \/>\n<meta property=\"og:title\" content=\"AQUALIFT | Instalaci\u00f3n o distribuci\u00f3n, h\u00e1gase socio de Aqualift\" \/>\n<meta property=\"og:description\" content=\"Profesionales de la arquitectura, la construcci\u00f3n o especialistas en piscinas, convi\u00e9rtanse en socios de Aqualift, l\u00edder en piscinas de fondo m\u00f3vil\" \/>\n<meta property=\"og:url\" content=\"https:\/\/www.fond-mobile-aqualift.com\/es\/asociaciones\/\" \/>\n<meta property=\"og:site_name\" content=\"Aqualift Industrie\" \/>\n<meta property=\"article:modified_time\" content=\"2022-04-15T09:19:43+00:00\" \/>\n<meta name=\"twitter:card\" content=\"summary_large_image\" \/>\n<meta name=\"twitter:label1\" content=\"Tiempo de lectura\" \/>\n\t<meta name=\"twitter:data1\" content=\"6 minutos\" \/>\n<script type=\"application\/ld+json\" class=\"yoast-schema-graph\">{\"@context\":\"https:\\\/\\\/schema.org\",\"@graph\":[{\"@type\":\"WebPage\",\"@id\":\"https:\\\/\\\/www.fond-mobile-aqualift.com\\\/es\\\/asociaciones\\\/\",\"url\":\"https:\\\/\\\/www.fond-mobile-aqualift.com\\\/es\\\/asociaciones\\\/\",\"name\":\"AQUALIFT | Instalaci\u00f3n o distribuci\u00f3n, h\u00e1gase socio de Aqualift\",\"isPartOf\":{\"@id\":\"https:\\\/\\\/www.fond-mobile-aqualift.com\\\/es\\\/#website\"},\"datePublished\":\"2020-10-20T13:06:39+00:00\",\"dateModified\":\"2022-04-15T09:19:43+00:00\",\"description\":\"Profesionales de la arquitectura, la construcci\u00f3n o especialistas en piscinas, convi\u00e9rtanse en socios de Aqualift, l\u00edder en piscinas de fondo m\u00f3vil\",\"breadcrumb\":{\"@id\":\"https:\\\/\\\/www.fond-mobile-aqualift.com\\\/es\\\/asociaciones\\\/#breadcrumb\"},\"inLanguage\":\"es\",\"potentialAction\":[{\"@type\":\"ReadAction\",\"target\":[\"https:\\\/\\\/www.fond-mobile-aqualift.com\\\/es\\\/asociaciones\\\/\"]}]},{\"@type\":\"BreadcrumbList\",\"@id\":\"https:\\\/\\\/www.fond-mobile-aqualift.com\\\/es\\\/asociaciones\\\/#breadcrumb\",\"itemListElement\":[{\"@type\":\"ListItem\",\"position\":1,\"name\":\"Accueil\",\"item\":\"https:\\\/\\\/www.fond-mobile-aqualift.com\\\/es\\\/\"},{\"@type\":\"ListItem\",\"position\":2,\"name\":\"Asociaciones\"}]},{\"@type\":\"WebSite\",\"@id\":\"https:\\\/\\\/www.fond-mobile-aqualift.com\\\/es\\\/#website\",\"url\":\"https:\\\/\\\/www.fond-mobile-aqualift.com\\\/es\\\/\",\"name\":\"Aqualift Industrie\",\"description\":\"L\u00edder mundial de fondos m\u00f3viles para piscinas\",\"potentialAction\":[{\"@type\":\"SearchAction\",\"target\":{\"@type\":\"EntryPoint\",\"urlTemplate\":\"https:\\\/\\\/www.fond-mobile-aqualift.com\\\/es\\\/?s={search_term_string}\"},\"query-input\":{\"@type\":\"PropertyValueSpecification\",\"valueRequired\":true,\"valueName\":\"search_term_string\"}}],\"inLanguage\":\"es\"}]}<\/script>\n<!-- \/ Yoast SEO plugin. -->","yoast_head_json":{"title":"AQUALIFT | Instalaci\u00f3n o distribuci\u00f3n, h\u00e1gase socio de Aqualift","description":"Profesionales de la arquitectura, la construcci\u00f3n o especialistas en piscinas, convi\u00e9rtanse en socios de Aqualift, l\u00edder en piscinas de fondo m\u00f3vil","robots":{"index":"index","follow":"follow","max-snippet":"max-snippet:-1","max-image-preview":"max-image-preview:large","max-video-preview":"max-video-preview:-1"},"canonical":"https:\/\/www.fond-mobile-aqualift.com\/es\/asociaciones\/","og_locale":"es_ES","og_type":"article","og_title":"AQUALIFT | Instalaci\u00f3n o distribuci\u00f3n, h\u00e1gase socio de Aqualift","og_description":"Profesionales de la arquitectura, la construcci\u00f3n o especialistas en piscinas, convi\u00e9rtanse en socios de Aqualift, l\u00edder en piscinas de fondo m\u00f3vil","og_url":"https:\/\/www.fond-mobile-aqualift.com\/es\/asociaciones\/","og_site_name":"Aqualift Industrie","article_modified_time":"2022-04-15T09:19:43+00:00","twitter_card":"summary_large_image","twitter_misc":{"Tiempo de lectura":"6 minutos"},"schema":{"@context":"https:\/\/schema.org","@graph":[{"@type":"WebPage","@id":"https:\/\/www.fond-mobile-aqualift.com\/es\/asociaciones\/","url":"https:\/\/www.fond-mobile-aqualift.com\/es\/asociaciones\/","name":"AQUALIFT | Instalaci\u00f3n o distribuci\u00f3n, h\u00e1gase socio de Aqualift","isPartOf":{"@id":"https:\/\/www.fond-mobile-aqualift.com\/es\/#website"},"datePublished":"2020-10-20T13:06:39+00:00","dateModified":"2022-04-15T09:19:43+00:00","description":"Profesionales de la arquitectura, la construcci\u00f3n o especialistas en piscinas, convi\u00e9rtanse en socios de Aqualift, l\u00edder en piscinas de fondo m\u00f3vil","breadcrumb":{"@id":"https:\/\/www.fond-mobile-aqualift.com\/es\/asociaciones\/#breadcrumb"},"inLanguage":"es","potentialAction":[{"@type":"ReadAction","target":["https:\/\/www.fond-mobile-aqualift.com\/es\/asociaciones\/"]}]},{"@type":"BreadcrumbList","@id":"https:\/\/www.fond-mobile-aqualift.com\/es\/asociaciones\/#breadcrumb","itemListElement":[{"@type":"ListItem","position":1,"name":"Accueil","item":"https:\/\/www.fond-mobile-aqualift.com\/es\/"},{"@type":"ListItem","position":2,"name":"Asociaciones"}]},{"@type":"WebSite","@id":"https:\/\/www.fond-mobile-aqualift.com\/es\/#website","url":"https:\/\/www.fond-mobile-aqualift.com\/es\/","name":"Aqualift Industrie","description":"L\u00edder mundial de fondos m\u00f3viles para piscinas","potentialAction":[{"@type":"SearchAction","target":{"@type":"EntryPoint","urlTemplate":"https:\/\/www.fond-mobile-aqualift.com\/es\/?s={search_term_string}"},"query-input":{"@type":"PropertyValueSpecification","valueRequired":true,"valueName":"search_term_string"}}],"inLanguage":"es"}]}},"_links":{"self":[{"href":"https:\/\/www.fond-mobile-aqualift.com\/es\/wp-json\/wp\/v2\/pages\/3554","targetHints":{"allow":["GET"]}}],"collection":[{"href":"https:\/\/www.fond-mobile-aqualift.com\/es\/wp-json\/wp\/v2\/pages"}],"about":[{"href":"https:\/\/www.fond-mobile-aqualift.com\/es\/wp-json\/wp\/v2\/types\/page"}],"author":[{"embeddable":true,"href":"https:\/\/www.fond-mobile-aqualift.com\/es\/wp-json\/wp\/v2\/users\/1"}],"replies":[{"embeddable":true,"href":"https:\/\/www.fond-mobile-aqualift.com\/es\/wp-json\/wp\/v2\/comments?post=3554"}],"version-history":[{"count":0,"href":"https:\/\/www.fond-mobile-aqualift.com\/es\/wp-json\/wp\/v2\/pages\/3554\/revisions"}],"wp:attachment":[{"href":"https:\/\/www.fond-mobile-aqualift.com\/es\/wp-json\/wp\/v2\/media?parent=3554"}],"curies":[{"name":"wp","href":"https:\/\/api.w.org\/{rel}","templated":true}]}}