{"id":3550,"date":"2020-03-09T14:03:20","date_gmt":"2020-03-09T13:03:20","guid":{"rendered":"https:\/\/www.fond-mobile-aqualift.com\/fondos-moviles-profesionales\/fond-mobile-pro-scubalift\/"},"modified":"2022-04-15T11:16:38","modified_gmt":"2022-04-15T09:16:38","slug":"fondo-movil-pro-scubalift","status":"publish","type":"page","link":"https:\/\/www.fond-mobile-aqualift.com\/es\/fondos-moviles-profesionales\/fondo-movil-pro-scubalift\/","title":{"rendered":"Fondos m\u00f3viles para el buceo"},"content":{"rendered":"<div class=\"wpb-content-wrapper\"><p>[vc_row type=\u00bbvc_default\u00bb][vc_column]<div id=\"ultimate-heading-70469f3979c806c2\" class=\"uvc-heading ult-adjust-bottom-margin ultimate-heading-70469f3979c806c2 uvc-1698  uvc-heading-default-font-sizes\" data-hspacer=\"no_spacer\"  data-halign=\"left\" style=\"text-align:left\"><div class=\"uvc-heading-spacer no_spacer\" style=\"top\"><\/div><div class=\"uvc-main-heading ult-responsive\"  data-ultimate-target='.uvc-heading.ultimate-heading-70469f3979c806c2 h2'  data-responsive-json-new='{\"font-size\":\"\",\"line-height\":\"\"}' ><h2 style=\"--font-weight:theme;margin-bottom:20px;\">Para el aprendizaje del buceo en profundidad<\/h2><\/div><div class=\"uvc-sub-heading ult-responsive\"  data-ultimate-target='.uvc-heading.ultimate-heading-70469f3979c806c2 .uvc-sub-heading '  data-responsive-json-new='{\"font-size\":\"desktop:18px;\",\"line-height\":\"desktop:24px;\"}'  style=\"font-family:&#039;Roboto&#039;;font-weight:300;color:#00a4de;margin-bottom:35px;\">En el aprendizaje del buceo, las profundidades a las que nada el alumno var\u00edan en funci\u00f3n de su nivel de pr\u00e1ctica.<\/div><\/div>[vc_column_text]Es a esta problem\u00e1tica que responden los fondos m\u00f3viles de Aqualift. Con su gama Scubalift, el fondo de piscina m\u00f3vil est\u00e1 dise\u00f1ado para poder bajar <strong>hasta 20 m de profundidad<\/strong>.<\/p>\n<p>Respondiendo a la <strong>norma CE<\/strong>, este fondo est\u00e1 completamente adaptado a los grandes vasos y a las piscinas municipales. Esta gama se dirige exclusivamente a vasos de forma geom\u00e9trica (redonda, cuadrada y rectangular).[\/vc_column_text]<div id=\"ultimate-heading-59269f3979c80800\" class=\"uvc-heading ult-adjust-bottom-margin ultimate-heading-59269f3979c80800 uvc-3872 \" data-hspacer=\"no_spacer\"  data-halign=\"center\" style=\"text-align:center\"><div class=\"uvc-heading-spacer no_spacer\" style=\"top\"><\/div><div class=\"uvc-main-heading ult-responsive\"  data-ultimate-target='.uvc-heading.ultimate-heading-59269f3979c80800 h3'  data-responsive-json-new='{\"font-size\":\"desktop:36px;\",\"line-height\":\"desktop:40px;\"}' ><h3 style=\"font-family:&#039;Encode Sans&#039;;font-weight:300;color:#00a4de;margin-bottom:20px;\">Aporte alegr\u00eda a todos los aprendices buzos<\/h3><\/div><\/div>[\/vc_column][\/vc_row][vc_row bg_type=\u00bbimage\u00bb parallax_style=\u00bbvcpb-default\u00bb bg_image_new=\u00bbid^548|url^https:\/\/www.fond-mobile-aqualift.com\/wp-content\/uploads\/2020\/04\/Scubalift_caract_2500x600.jpg|caption^null|alt^Scubalift|title^Scubalift|description^null\u00bb bg_image_repeat=\u00bbno-repeat\u00bb bg_override=\u00bbex-full\u00bb enable_overlay=\u00bbenable_overlay_value\u00bb overlay_color=\u00bbrgba(10,10,10,0.7)\u00bb seperator_enable=\u00bbseperator_enable_value\u00bb seperator_type=\u00bbtilt_left_seperator\u00bb seperator_svg_height=\u00bb50&#8243; seperator_shape_background=\u00bb#ffffff\u00bb icon_type=\u00bbselector\u00bb icon=\u00bbicomoon-the7-font-the7-arrow-29-1&#8243; icon_size=\u00bb28&#8243; icon_color=\u00bb#666666&#8243; icon_style=\u00bbcircle\u00bb icon_color_bg=\u00bbrgba(255,255,255,0.9)\u00bb type=\u00bbvc_default\u00bb css=\u00bb.vc_custom_1586350397321{padding-top: 70px !important;}\u00bb][vc_column css=\u00bb.vc_custom_1582641028632{padding-bottom: 35px !important;}\u00bb]<div id=\"ultimate-heading-884769f3979c80899\" class=\"uvc-heading ult-adjust-bottom-margin ultimate-heading-884769f3979c80899 uvc-6771 \" data-hspacer=\"no_spacer\"  data-halign=\"center\" style=\"text-align:center\"><div class=\"uvc-heading-spacer no_spacer\" style=\"top\"><\/div><div class=\"uvc-main-heading ult-responsive\"  data-ultimate-target='.uvc-heading.ultimate-heading-884769f3979c80899 h2'  data-responsive-json-new='{\"font-size\":\"desktop:30px;\",\"line-height\":\"desktop:34px;\"}' ><h2 style=\"font-family:&#039;Roboto&#039;;font-weight:100;color:#ffffff;margin-bottom:20px;\">Caracter\u00edsticas y opciones del fondo m\u00f3vil Pro Scubalift<\/h2><\/div><div class=\"uvc-sub-heading ult-responsive\"  data-ultimate-target='.uvc-heading.ultimate-heading-884769f3979c80899 .uvc-sub-heading '  data-responsive-json-new='{\"font-size\":\"desktop:16px;\",\"line-height\":\"desktop:22px;\"}'  style=\"font-family:&#039;Roboto&#039;;font-weight:300;color:#ffffff;margin-bottom:30px;\">Esta gama se dirige exclusivamente a vasos de forma geom\u00e9trica (redonda, cuadrada y rectangular).<\/div><\/div>[vc_row_inner equal_height=\u00bbyes\u00bb][vc_column_inner width=\u00bb1\/6&#8243; offset=\u00bbvc_col-xs-6&#8243;][vc_single_image image=\u00bb107&#8243; img_size=\u00bbfull\u00bb alignment=\u00bbcenter\u00bb css_animation=\u00bbfadeInUp\u00bb image_hovers=\u00bbfalse\u00bb css=\u00bb.vc_custom_1582627061579{margin-bottom: 0px !important;}\u00bb]<div id=\"ultimate-heading-282969f3979c8092a\" class=\"uvc-heading ult-adjust-bottom-margin ultimate-heading-282969f3979c8092a uvc-2342 \" data-hspacer=\"no_spacer\"  data-halign=\"center\" style=\"text-align:center\"><div class=\"uvc-heading-spacer no_spacer\" style=\"top\"><\/div><div class=\"uvc-main-heading ult-responsive\"  data-ultimate-target='.uvc-heading.ultimate-heading-282969f3979c8092a h4'  data-responsive-json-new='{\"font-size\":\"desktop:18px;\",\"line-height\":\"desktop:22px;\"}' ><h4 style=\"font-family:&#039;Roboto&#039;;font-weight:300;margin-bottom:15px;\">Dimensiones<\/h4><\/div><div class=\"uvc-sub-heading ult-responsive\"  data-ultimate-target='.uvc-heading.ultimate-heading-282969f3979c8092a .uvc-sub-heading '  data-responsive-json-new='{\"font-size\":\"desktop:16px;\",\"line-height\":\"desktop:20px;\"}'  style=\"font-family:&#039;Roboto&#039;;font-weight:100;color:#ffffff;margin-bottom:20px;\">Hasta 20 metros de profundidad<\/div><\/div>[\/vc_column_inner][vc_column_inner width=\u00bb1\/6&#8243; offset=\u00bbvc_col-xs-6&#8243;][vc_single_image image=\u00bb118&#8243; img_size=\u00bbfull\u00bb alignment=\u00bbcenter\u00bb css_animation=\u00bbfadeInUp\u00bb image_hovers=\u00bbfalse\u00bb css=\u00bb.vc_custom_1582627431483{margin-bottom: 0px !important;}\u00bb]<div id=\"ultimate-heading-52569f3979c809d7\" class=\"uvc-heading ult-adjust-bottom-margin ultimate-heading-52569f3979c809d7 uvc-4778 \" data-hspacer=\"no_spacer\"  data-halign=\"center\" style=\"text-align:center\"><div class=\"uvc-heading-spacer no_spacer\" style=\"top\"><\/div><div class=\"uvc-main-heading ult-responsive\"  data-ultimate-target='.uvc-heading.ultimate-heading-52569f3979c809d7 h4'  data-responsive-json-new='{\"font-size\":\"desktop:18px;\",\"line-height\":\"desktop:22px;\"}' ><h4 style=\"font-family:&#039;Roboto&#039;;font-weight:300;margin-bottom:15px;\">Formas<\/h4><\/div><div class=\"uvc-sub-heading ult-responsive\"  data-ultimate-target='.uvc-heading.ultimate-heading-52569f3979c809d7 .uvc-sub-heading '  data-responsive-json-new='{\"font-size\":\"desktop:16px;\",\"line-height\":\"desktop:20px;\"}'  style=\"font-family:&#039;Roboto&#039;;font-weight:100;color:#ffffff;margin-bottom:20px;\">Vasos de forma geom\u00e9trica (redonda, cuadrada, rectangular\u2026)<\/div><\/div>[\/vc_column_inner][vc_column_inner width=\u00bb1\/6&#8243; offset=\u00bbvc_col-xs-6&#8243;][vc_single_image image=\u00bb119&#8243; img_size=\u00bbfull\u00bb alignment=\u00bbcenter\u00bb css_animation=\u00bbfadeInUp\u00bb image_hovers=\u00bbfalse\u00bb css=\u00bb.vc_custom_1582627486450{margin-bottom: 0px !important;}\u00bb]<div id=\"ultimate-heading-499169f3979c80aa6\" class=\"uvc-heading ult-adjust-bottom-margin ultimate-heading-499169f3979c80aa6 uvc-5409 \" data-hspacer=\"no_spacer\"  data-halign=\"center\" style=\"text-align:center\"><div class=\"uvc-heading-spacer no_spacer\" style=\"top\"><\/div><div class=\"uvc-main-heading ult-responsive\"  data-ultimate-target='.uvc-heading.ultimate-heading-499169f3979c80aa6 h4'  data-responsive-json-new='{\"font-size\":\"desktop:18px;\",\"line-height\":\"desktop:22px;\"}' ><h4 style=\"font-family:&#039;Roboto&#039;;font-weight:300;margin-bottom:15px;\">Interior<\/h4><\/div><div class=\"uvc-sub-heading ult-responsive\"  data-ultimate-target='.uvc-heading.ultimate-heading-499169f3979c80aa6 .uvc-sub-heading '  data-responsive-json-new='{\"font-size\":\"desktop:16px;\",\"line-height\":\"desktop:20px;\"}'  style=\"font-family:&#039;Roboto&#039;;font-weight:100;color:#ffffff;margin-bottom:20px;\">Todas las opciones posibles<\/div><\/div>[\/vc_column_inner][vc_column_inner width=\u00bb1\/6&#8243; offset=\u00bbvc_col-xs-6&#8243;][vc_single_image image=\u00bb120&#8243; img_size=\u00bbfull\u00bb alignment=\u00bbcenter\u00bb css_animation=\u00bbfadeInUp\u00bb image_hovers=\u00bbfalse\u00bb css=\u00bb.vc_custom_1582627525680{margin-bottom: 0px !important;}\u00bb]<div id=\"ultimate-heading-957869f3979c80b33\" class=\"uvc-heading ult-adjust-bottom-margin ultimate-heading-957869f3979c80b33 uvc-2503 \" data-hspacer=\"no_spacer\"  data-halign=\"center\" style=\"text-align:center\"><div class=\"uvc-heading-spacer no_spacer\" style=\"top\"><\/div><div class=\"uvc-main-heading ult-responsive\"  data-ultimate-target='.uvc-heading.ultimate-heading-957869f3979c80b33 h4'  data-responsive-json-new='{\"font-size\":\"desktop:18px;\",\"line-height\":\"desktop:22px;\"}' ><h4 style=\"font-family:&#039;Roboto&#039;;font-weight:300;margin-bottom:15px;\">Exterior<\/h4><\/div><div class=\"uvc-sub-heading ult-responsive\"  data-ultimate-target='.uvc-heading.ultimate-heading-957869f3979c80b33 .uvc-sub-heading '  data-responsive-json-new='{\"font-size\":\"desktop:16px;\",\"line-height\":\"desktop:20px;\"}'  style=\"font-family:&#039;Roboto&#039;;font-weight:100;color:#ffffff;margin-bottom:20px;\">Todas las opciones posibles<\/div><\/div>[\/vc_column_inner][vc_column_inner width=\u00bb1\/6&#8243; offset=\u00bbvc_col-xs-6&#8243;][vc_single_image image=\u00bb121&#8243; img_size=\u00bbfull\u00bb alignment=\u00bbcenter\u00bb css_animation=\u00bbfadeInUp\u00bb image_hovers=\u00bbfalse\u00bb css=\u00bb.vc_custom_1582627575832{margin-bottom: 0px !important;}\u00bb]<div id=\"ultimate-heading-692669f3979c80bb7\" class=\"uvc-heading ult-adjust-bottom-margin ultimate-heading-692669f3979c80bb7 uvc-7408 \" data-hspacer=\"no_spacer\"  data-halign=\"center\" style=\"text-align:center\"><div class=\"uvc-heading-spacer no_spacer\" style=\"top\"><\/div><div class=\"uvc-main-heading ult-responsive\"  data-ultimate-target='.uvc-heading.ultimate-heading-692669f3979c80bb7 h4'  data-responsive-json-new='{\"font-size\":\"desktop:18px;\",\"line-height\":\"desktop:22px;\"}' ><h4 style=\"font-family:&#039;Roboto&#039;;font-weight:300;margin-bottom:15px;\">Revestimiento<\/h4><\/div><div class=\"uvc-sub-heading ult-responsive\"  data-ultimate-target='.uvc-heading.ultimate-heading-692669f3979c80bb7 .uvc-sub-heading '  data-responsive-json-new='{\"font-size\":\"desktop:16px;\",\"line-height\":\"desktop:20px;\"}'  style=\"font-family:&#039;Roboto&#039;;font-weight:100;color:#ffffff;margin-bottom:20px;\">Fondo m\u00f3vil de PVC espec\u00edfico<\/div><\/div>[\/vc_column_inner][vc_column_inner width=\u00bb1\/6&#8243; offset=\u00bbvc_col-xs-6&#8243;][vc_single_image image=\u00bb122&#8243; img_size=\u00bbfull\u00bb alignment=\u00bbcenter\u00bb css_animation=\u00bbfadeInUp\u00bb image_hovers=\u00bbfalse\u00bb css=\u00bb.vc_custom_1582627622667{margin-bottom: 0px !important;}\u00bb]<div id=\"ultimate-heading-126169f3979c80c37\" class=\"uvc-heading ult-adjust-bottom-margin ultimate-heading-126169f3979c80c37 uvc-259 \" data-hspacer=\"no_spacer\"  data-halign=\"center\" style=\"text-align:center\"><div class=\"uvc-heading-spacer no_spacer\" style=\"top\"><\/div><div class=\"uvc-main-heading ult-responsive\"  data-ultimate-target='.uvc-heading.ultimate-heading-126169f3979c80c37 h4'  data-responsive-json-new='{\"font-size\":\"desktop:18px;\",\"line-height\":\"desktop:22px;\"}' ><h4 style=\"font-family:&#039;Roboto&#039;;font-weight:300;margin-bottom:15px;\">Opciones<\/h4><\/div><div class=\"uvc-sub-heading ult-responsive\"  data-ultimate-target='.uvc-heading.ultimate-heading-126169f3979c80c37 .uvc-sub-heading '  data-responsive-json-new='{\"font-size\":\"desktop:16px;\",\"line-height\":\"desktop:20px;\"}'  style=\"font-family:&#039;Roboto&#039;;font-weight:100;color:#ffffff;margin-bottom:20px;\">Visualizador de profundidad<\/div><\/div>[\/vc_column_inner][\/vc_row_inner][\/vc_column][\/vc_row][vc_row full_width=\u00bbstretch_row\u00bb content_placement=\u00bbmiddle\u00bb bg_type=\u00bbimage\u00bb parallax_style=\u00bbvcpb-default\u00bb bg_image_new=\u00bbid^99|url^https:\/\/www.fond-mobile-aqualift.com\/wp-content\/uploads\/2020\/02\/savoir_faire_2500x600.jpg|caption^null|alt^Savoir-faire Aqualift|title^Savoir-faire Aqualift|description^null\u00bb bg_image_repeat=\u00bbno-repeat\u00bb bg_override=\u00bbex-full\u00bb enable_overlay=\u00bbenable_overlay_value\u00bb overlay_color=\u00bbrgba(0,0,0,0.45)\u00bb type=\u00bbvc_default\u00bb][vc_column css=\u00bb.vc_custom_1582622533597{padding: 35px !important;}\u00bb][vc_row_inner equal_height=\u00bbyes\u00bb content_placement=\u00bbmiddle\u00bb gap=\u00bb35&#8243;][vc_column_inner width=\u00bb1\/2&#8243; css=\u00bb.vc_custom_1582624263173{margin-top: 0px !important;margin-right: 0px !important;margin-bottom: 0px !important;margin-left: 0px !important;padding-top: 0px !important;padding-right: 0px !important;padding-bottom: 0px !important;padding-left: 0px !important;}\u00bb]<div id=\"ultimate-heading-181769f3979c80cb7\" class=\"uvc-heading ult-adjust-bottom-margin ultimate-heading-181769f3979c80cb7 uvc-3384 \" data-hspacer=\"no_spacer\"  data-halign=\"center\" style=\"text-align:center\"><div class=\"uvc-heading-spacer no_spacer\" style=\"top\"><\/div><div class=\"uvc-main-heading ult-responsive\"  data-ultimate-target='.uvc-heading.ultimate-heading-181769f3979c80cb7 h2'  data-responsive-json-new='{\"font-size\":\"desktop:32px;\",\"line-height\":\"desktop:38px;\"}' ><h2 style=\"font-family:&#039;Roboto&#039;;--font-weight:theme;color:#ffffff;\">\u00bfNecesita informaciones o un estudio?<\/h2><\/div><\/div>[\/vc_column_inner][vc_column_inner width=\u00bb1\/2&#8243;]<div class=\" vc_custom_1608653955458 ubtn-ctn-center \"><a class=\"ubtn-link ult-adjust-bottom-margin ubtn-center ubtn-normal \" href=\"https:\/\/www.fond-mobile-aqualift.com\/es\/realice-su-proyecto\/realice-su-proyecto-de-fondo-movil\/\" ><button type=\"button\" id=\"ubtn-6295\"  class=\"ubtn ult-adjust-bottom-margin ult-responsive ubtn-normal ubtn-fade-bg  none  ubtn-sep-icon ubtn-sep-icon-right-push  ubtn-center   tooltip-69f3979c80d32\"  data-hover=\"#ffffff\" data-border-color=\"\" data-bg=\"#00a4de\" data-hover-bg=\"rgba(0,122,188,0.7)\" data-border-hover=\"\" data-shadow-hover=\"\" data-shadow-click=\"none\" data-shadow=\"\" data-shd-shadow=\"\"  data-ultimate-target='#ubtn-6295'  data-responsive-json-new='{\"font-size\":\"desktop:18px;\",\"line-height\":\"desktop:24px;\"}'  style=\"font-family:&#039;Roboto&#039;;font-weight:normal;border-radius:300px;border-width:0px;border-color:;border-style:solid;background: #00a4de;color: #ffffff;\"><span class=\"ubtn-data ubtn-icon\"><i class=\"icomoon-the7-font-the7-comment-01\" style=\"font-size:20px;color:#ffffff;\"><\/i><\/span><span class=\"ubtn-hover\" style=\"background-color:rgba(0,122,188,0.7)\"><\/span><span class=\"ubtn-data ubtn-text \" >CONT\u00c1CTENOS<\/span><\/button><\/a><\/div>[\/vc_column_inner][\/vc_row_inner][\/vc_column][\/vc_row]<\/p>\n<\/div>","protected":false},"excerpt":{"rendered":"<p>[vc_row type=\u00bbvc_default\u00bb][vc_column][vc_column_text]Es a esta problem\u00e1tica que responden los fondos m\u00f3viles de Aqualift. Con su gama Scubalift, el fondo de piscina m\u00f3vil est\u00e1 dise\u00f1ado para poder bajar hasta 20 m de profundidad. Respondiendo a la norma CE, este fondo est\u00e1 completamente adaptado a los grandes vasos y a las piscinas municipales. Esta gama se dirige exclusivamente&hellip;<\/p>\n","protected":false},"author":1,"featured_media":0,"parent":3534,"menu_order":0,"comment_status":"closed","ping_status":"closed","template":"","meta":{"footnotes":""},"class_list":["post-3550","page","type-page","status-publish","hentry","description-off"],"yoast_head":"<!-- This site is optimized with the Yoast SEO plugin v27.3 - https:\/\/yoast.com\/product\/yoast-seo-wordpress\/ -->\n<title>Suelo m\u00f3vil de piscinia para el entrenamiento de buceo<\/title>\n<meta name=\"description\" content=\"Un suelo de piscina m\u00f3vil especialmente dise\u00f1ado para el buceo: variaciones de profundidad, ideal para un aprendizaje suave.\" \/>\n<meta name=\"robots\" content=\"index, follow, max-snippet:-1, max-image-preview:large, max-video-preview:-1\" \/>\n<link rel=\"canonical\" href=\"https:\/\/www.fond-mobile-aqualift.com\/es\/fondos-moviles-profesionales\/fondo-movil-pro-scubalift\/\" \/>\n<meta property=\"og:locale\" content=\"es_ES\" \/>\n<meta property=\"og:type\" content=\"article\" \/>\n<meta property=\"og:title\" content=\"Suelo m\u00f3vil de piscinia para el entrenamiento de buceo\" \/>\n<meta property=\"og:description\" content=\"Un suelo de piscina m\u00f3vil especialmente dise\u00f1ado para el buceo: variaciones de profundidad, ideal para un aprendizaje suave.\" \/>\n<meta property=\"og:url\" content=\"https:\/\/www.fond-mobile-aqualift.com\/es\/fondos-moviles-profesionales\/fondo-movil-pro-scubalift\/\" \/>\n<meta property=\"og:site_name\" content=\"Aqualift Industrie\" \/>\n<meta property=\"article:modified_time\" content=\"2022-04-15T09:16:38+00:00\" \/>\n<meta name=\"twitter:card\" content=\"summary_large_image\" \/>\n<meta name=\"twitter:label1\" content=\"Tiempo de lectura\" \/>\n\t<meta name=\"twitter:data1\" content=\"7 minutos\" \/>\n<script type=\"application\/ld+json\" class=\"yoast-schema-graph\">{\"@context\":\"https:\\\/\\\/schema.org\",\"@graph\":[{\"@type\":\"WebPage\",\"@id\":\"https:\\\/\\\/www.fond-mobile-aqualift.com\\\/es\\\/fondos-moviles-profesionales\\\/fondo-movil-pro-scubalift\\\/\",\"url\":\"https:\\\/\\\/www.fond-mobile-aqualift.com\\\/es\\\/fondos-moviles-profesionales\\\/fondo-movil-pro-scubalift\\\/\",\"name\":\"Suelo m\u00f3vil de piscinia para el entrenamiento de buceo\",\"isPartOf\":{\"@id\":\"https:\\\/\\\/www.fond-mobile-aqualift.com\\\/es\\\/#website\"},\"datePublished\":\"2020-03-09T13:03:20+00:00\",\"dateModified\":\"2022-04-15T09:16:38+00:00\",\"description\":\"Un suelo de piscina m\u00f3vil especialmente dise\u00f1ado para el buceo: variaciones de profundidad, ideal para un aprendizaje suave.\",\"breadcrumb\":{\"@id\":\"https:\\\/\\\/www.fond-mobile-aqualift.com\\\/es\\\/fondos-moviles-profesionales\\\/fondo-movil-pro-scubalift\\\/#breadcrumb\"},\"inLanguage\":\"es\",\"potentialAction\":[{\"@type\":\"ReadAction\",\"target\":[\"https:\\\/\\\/www.fond-mobile-aqualift.com\\\/es\\\/fondos-moviles-profesionales\\\/fondo-movil-pro-scubalift\\\/\"]}]},{\"@type\":\"BreadcrumbList\",\"@id\":\"https:\\\/\\\/www.fond-mobile-aqualift.com\\\/es\\\/fondos-moviles-profesionales\\\/fondo-movil-pro-scubalift\\\/#breadcrumb\",\"itemListElement\":[{\"@type\":\"ListItem\",\"position\":1,\"name\":\"Accueil\",\"item\":\"https:\\\/\\\/www.fond-mobile-aqualift.com\\\/es\\\/\"},{\"@type\":\"ListItem\",\"position\":2,\"name\":\"Fondos m\u00f3viles profesionales\",\"item\":\"https:\\\/\\\/www.fond-mobile-aqualift.com\\\/es\\\/fondos-moviles-profesionales\\\/\"},{\"@type\":\"ListItem\",\"position\":3,\"name\":\"Fondos m\u00f3viles para el buceo\"}]},{\"@type\":\"WebSite\",\"@id\":\"https:\\\/\\\/www.fond-mobile-aqualift.com\\\/es\\\/#website\",\"url\":\"https:\\\/\\\/www.fond-mobile-aqualift.com\\\/es\\\/\",\"name\":\"Aqualift Industrie\",\"description\":\"L\u00edder mundial de fondos m\u00f3viles para piscinas\",\"potentialAction\":[{\"@type\":\"SearchAction\",\"target\":{\"@type\":\"EntryPoint\",\"urlTemplate\":\"https:\\\/\\\/www.fond-mobile-aqualift.com\\\/es\\\/?s={search_term_string}\"},\"query-input\":{\"@type\":\"PropertyValueSpecification\",\"valueRequired\":true,\"valueName\":\"search_term_string\"}}],\"inLanguage\":\"es\"}]}<\/script>\n<!-- \/ Yoast SEO plugin. -->","yoast_head_json":{"title":"Suelo m\u00f3vil de piscinia para el entrenamiento de buceo","description":"Un suelo de piscina m\u00f3vil especialmente dise\u00f1ado para el buceo: variaciones de profundidad, ideal para un aprendizaje suave.","robots":{"index":"index","follow":"follow","max-snippet":"max-snippet:-1","max-image-preview":"max-image-preview:large","max-video-preview":"max-video-preview:-1"},"canonical":"https:\/\/www.fond-mobile-aqualift.com\/es\/fondos-moviles-profesionales\/fondo-movil-pro-scubalift\/","og_locale":"es_ES","og_type":"article","og_title":"Suelo m\u00f3vil de piscinia para el entrenamiento de buceo","og_description":"Un suelo de piscina m\u00f3vil especialmente dise\u00f1ado para el buceo: variaciones de profundidad, ideal para un aprendizaje suave.","og_url":"https:\/\/www.fond-mobile-aqualift.com\/es\/fondos-moviles-profesionales\/fondo-movil-pro-scubalift\/","og_site_name":"Aqualift Industrie","article_modified_time":"2022-04-15T09:16:38+00:00","twitter_card":"summary_large_image","twitter_misc":{"Tiempo de lectura":"7 minutos"},"schema":{"@context":"https:\/\/schema.org","@graph":[{"@type":"WebPage","@id":"https:\/\/www.fond-mobile-aqualift.com\/es\/fondos-moviles-profesionales\/fondo-movil-pro-scubalift\/","url":"https:\/\/www.fond-mobile-aqualift.com\/es\/fondos-moviles-profesionales\/fondo-movil-pro-scubalift\/","name":"Suelo m\u00f3vil de piscinia para el entrenamiento de buceo","isPartOf":{"@id":"https:\/\/www.fond-mobile-aqualift.com\/es\/#website"},"datePublished":"2020-03-09T13:03:20+00:00","dateModified":"2022-04-15T09:16:38+00:00","description":"Un suelo de piscina m\u00f3vil especialmente dise\u00f1ado para el buceo: variaciones de profundidad, ideal para un aprendizaje suave.","breadcrumb":{"@id":"https:\/\/www.fond-mobile-aqualift.com\/es\/fondos-moviles-profesionales\/fondo-movil-pro-scubalift\/#breadcrumb"},"inLanguage":"es","potentialAction":[{"@type":"ReadAction","target":["https:\/\/www.fond-mobile-aqualift.com\/es\/fondos-moviles-profesionales\/fondo-movil-pro-scubalift\/"]}]},{"@type":"BreadcrumbList","@id":"https:\/\/www.fond-mobile-aqualift.com\/es\/fondos-moviles-profesionales\/fondo-movil-pro-scubalift\/#breadcrumb","itemListElement":[{"@type":"ListItem","position":1,"name":"Accueil","item":"https:\/\/www.fond-mobile-aqualift.com\/es\/"},{"@type":"ListItem","position":2,"name":"Fondos m\u00f3viles profesionales","item":"https:\/\/www.fond-mobile-aqualift.com\/es\/fondos-moviles-profesionales\/"},{"@type":"ListItem","position":3,"name":"Fondos m\u00f3viles para el buceo"}]},{"@type":"WebSite","@id":"https:\/\/www.fond-mobile-aqualift.com\/es\/#website","url":"https:\/\/www.fond-mobile-aqualift.com\/es\/","name":"Aqualift Industrie","description":"L\u00edder mundial de fondos m\u00f3viles para piscinas","potentialAction":[{"@type":"SearchAction","target":{"@type":"EntryPoint","urlTemplate":"https:\/\/www.fond-mobile-aqualift.com\/es\/?s={search_term_string}"},"query-input":{"@type":"PropertyValueSpecification","valueRequired":true,"valueName":"search_term_string"}}],"inLanguage":"es"}]}},"_links":{"self":[{"href":"https:\/\/www.fond-mobile-aqualift.com\/es\/wp-json\/wp\/v2\/pages\/3550","targetHints":{"allow":["GET"]}}],"collection":[{"href":"https:\/\/www.fond-mobile-aqualift.com\/es\/wp-json\/wp\/v2\/pages"}],"about":[{"href":"https:\/\/www.fond-mobile-aqualift.com\/es\/wp-json\/wp\/v2\/types\/page"}],"author":[{"embeddable":true,"href":"https:\/\/www.fond-mobile-aqualift.com\/es\/wp-json\/wp\/v2\/users\/1"}],"replies":[{"embeddable":true,"href":"https:\/\/www.fond-mobile-aqualift.com\/es\/wp-json\/wp\/v2\/comments?post=3550"}],"version-history":[{"count":0,"href":"https:\/\/www.fond-mobile-aqualift.com\/es\/wp-json\/wp\/v2\/pages\/3550\/revisions"}],"up":[{"embeddable":true,"href":"https:\/\/www.fond-mobile-aqualift.com\/es\/wp-json\/wp\/v2\/pages\/3534"}],"wp:attachment":[{"href":"https:\/\/www.fond-mobile-aqualift.com\/es\/wp-json\/wp\/v2\/media?parent=3550"}],"curies":[{"name":"wp","href":"https:\/\/api.w.org\/{rel}","templated":true}]}}