{"id":3494,"date":"2020-02-24T17:51:22","date_gmt":"2020-02-24T16:51:22","guid":{"rendered":"https:\/\/www.fond-mobile-aqualift.com\/piscine-a-fond-mobile-prix-et-contact\/"},"modified":"2020-12-22T10:16:49","modified_gmt":"2020-12-22T09:16:49","slug":"contacto","status":"publish","type":"page","link":"https:\/\/www.fond-mobile-aqualift.com\/es\/contacto\/","title":{"rendered":"Contacto"},"content":{"rendered":"<div class=\"wpb-content-wrapper\"><p>[vc_row type=\u00bbvc_default\u00bb][vc_column]<div id=\"ultimate-heading-2906a00bf7657420\" class=\"uvc-heading ult-adjust-bottom-margin ultimate-heading-2906a00bf7657420 uvc-9756  uvc-heading-default-font-sizes\" data-hspacer=\"no_spacer\"  data-halign=\"left\" style=\"text-align:left\"><div class=\"uvc-heading-spacer no_spacer\" style=\"top\"><\/div><div class=\"uvc-main-heading ult-responsive\"  data-ultimate-target='.uvc-heading.ultimate-heading-2906a00bf7657420 h2'  data-responsive-json-new='{\"font-size\":\"\",\"line-height\":\"\"}' ><h2 style=\"--font-weight:theme;margin-bottom:20px;\">\u00bfDesea obtener m\u00e1s informaciones sobre nuestros productos?<\/h2><\/div><div class=\"uvc-sub-heading ult-responsive\"  data-ultimate-target='.uvc-heading.ultimate-heading-2906a00bf7657420 .uvc-sub-heading '  data-responsive-json-new='{\"font-size\":\"desktop:18px;\",\"line-height\":\"desktop:24px;\"}'  style=\"font-family:&#039;Roboto&#039;;font-weight:300;margin-bottom:35px;\">Para toda solicitud de informaci\u00f3n <strong>fuera de presupuesto<\/strong>, completar el siguiente formulario.<br \/>\nSi tiene un proyecto, utilice el formulario dedicado: <a href=\"https:\/\/www.fond-mobile-aqualift.com\/es\/realice-su-proyecto\/\">Realice su proyecto<\/a><\/div><\/div>\n<div class=\"wpcf7 no-js\" id=\"wpcf7-f3767-o1\" lang=\"es-ES\" dir=\"ltr\" data-wpcf7-id=\"3767\">\n<div class=\"screen-reader-response\"><p role=\"status\" aria-live=\"polite\" aria-atomic=\"true\"><\/p> <ul><\/ul><\/div>\n<form action=\"\/es\/wp-json\/wp\/v2\/pages\/3494#wpcf7-f3767-o1\" method=\"post\" class=\"wpcf7-form init\" aria-label=\"Formulario de contacto\" novalidate=\"novalidate\" data-status=\"init\">\n<fieldset class=\"hidden-fields-container\"><input type=\"hidden\" name=\"_wpcf7\" value=\"3767\" \/><input type=\"hidden\" name=\"_wpcf7_version\" value=\"6.1.5\" \/><input type=\"hidden\" name=\"_wpcf7_locale\" value=\"es_ES\" \/><input type=\"hidden\" name=\"_wpcf7_unit_tag\" value=\"wpcf7-f3767-o1\" \/><input type=\"hidden\" name=\"_wpcf7_container_post\" value=\"0\" \/><input type=\"hidden\" name=\"_wpcf7_posted_data_hash\" value=\"\" \/><input type=\"hidden\" name=\"_wpcf7cf_hidden_group_fields\" value=\"[]\" \/><input type=\"hidden\" name=\"_wpcf7cf_hidden_groups\" value=\"[]\" \/><input type=\"hidden\" name=\"_wpcf7cf_visible_groups\" value=\"[]\" \/><input type=\"hidden\" name=\"_wpcf7cf_repeaters\" value=\"[]\" \/><input type=\"hidden\" name=\"_wpcf7cf_steps\" value=\"{}\" \/><input type=\"hidden\" name=\"_wpcf7cf_options\" value=\"{&quot;form_id&quot;:3767,&quot;conditions&quot;:[],&quot;settings&quot;:{&quot;animation&quot;:&quot;yes&quot;,&quot;animation_intime&quot;:200,&quot;animation_outtime&quot;:200,&quot;conditions_ui&quot;:&quot;normal&quot;,&quot;notice_dismissed&quot;:false,&quot;notice_dismissed_rollback-cf7-5.8.7&quot;:true}}\" \/><input type=\"hidden\" name=\"_wpcf7_recaptcha_response\" value=\"\" \/>\n<\/fieldset>\n<input class=\"wpcf7-form-control wpcf7-hidden\" value=\"Demande de devis\/information ES\" type=\"hidden\" name=\"your-subject\" \/>\n<div class=\"vc_row-has-fill\">\n\t<div class=\"vc_column_container vc_col-sm-6\">\n\t\t<div class=\"vc_column-inner\" style=\"padding-top: 10px;\">\n\t\t\t<p><span class=\"wpcf7-form-control-wrap\" data-name=\"nom\"><input size=\"40\" maxlength=\"400\" class=\"wpcf7-form-control wpcf7-text wpcf7-validates-as-required\" aria-required=\"true\" aria-invalid=\"false\" placeholder=\"Apellido*\" value=\"\" type=\"text\" name=\"nom\" \/><\/span>\n\t\t\t<\/p>\n\t\t<\/div>\n\t<\/div>\n\t<div class=\"vc_column_container vc_col-sm-6\">\n\t\t<div class=\"vc_column-inner\" style=\"padding-top: 10px;\">\n\t\t\t<p><span class=\"wpcf7-form-control-wrap\" data-name=\"prenom\"><input size=\"40\" maxlength=\"400\" class=\"wpcf7-form-control wpcf7-text wpcf7-validates-as-required\" aria-required=\"true\" aria-invalid=\"false\" placeholder=\"Nombre*\" value=\"\" type=\"text\" name=\"prenom\" \/><\/span>\n\t\t\t<\/p>\n\t\t<\/div>\n\t<\/div>\n\t<div class=\"vc_column_container vc_col-sm-6\">\n\t\t<div class=\"vc_column-inner\" style=\"padding-top: 10px;\">\n\t\t\t<p><span class=\"wpcf7-form-control-wrap\" data-name=\"tel\"><input size=\"40\" maxlength=\"400\" class=\"wpcf7-form-control wpcf7-tel wpcf7-text wpcf7-validates-as-tel\" aria-invalid=\"false\" placeholder=\"Tel\u00e9fono\" value=\"\" type=\"tel\" name=\"tel\" \/><\/span>\n\t\t\t<\/p>\n\t\t<\/div>\n\t<\/div>\n\t<div class=\"vc_column_container vc_col-sm-6\">\n\t\t<div class=\"vc_column-inner\" style=\"padding-top: 10px;\">\n\t\t\t<p><span class=\"wpcf7-form-control-wrap\" data-name=\"email\"><input size=\"40\" maxlength=\"400\" class=\"wpcf7-form-control wpcf7-email wpcf7-validates-as-required wpcf7-text wpcf7-validates-as-email\" aria-required=\"true\" aria-invalid=\"false\" placeholder=\"Email*\" value=\"\" type=\"email\" name=\"email\" \/><\/span>\n\t\t\t<\/p>\n\t\t<\/div>\n\t<\/div>\n\t<div class=\"vc_column_container vc_col-sm-12\">\n\t\t<div class=\"vc_column-inner\" style=\"padding-top: 10px;\">\n\t\t\t<p><span class=\"wpcf7-form-control-wrap\" data-name=\"adresse\"><input size=\"40\" maxlength=\"400\" class=\"wpcf7-form-control wpcf7-text\" aria-invalid=\"false\" placeholder=\"Direcci\u00f3n\" value=\"\" type=\"text\" name=\"adresse\" \/><\/span>\n\t\t\t<\/p>\n\t\t<\/div>\n\t<\/div>\n\t<div class=\"vc_column_container vc_col-sm-6\">\n\t\t<div class=\"vc_column-inner\" style=\"padding-top: 10px;\">\n\t\t\t<p><span class=\"wpcf7-form-control-wrap\" data-name=\"cp\"><input size=\"40\" maxlength=\"400\" class=\"wpcf7-form-control wpcf7-text wpcf7-validates-as-required\" aria-required=\"true\" aria-invalid=\"false\" placeholder=\"C\u00f3digo postal*\" value=\"\" type=\"text\" name=\"cp\" \/><\/span>\n\t\t\t<\/p>\n\t\t<\/div>\n\t<\/div>\n\t<div class=\"vc_column_container vc_col-sm-6\">\n\t\t<div class=\"vc_column-inner\" style=\"padding-top: 10px;\">\n\t\t\t<p><span class=\"wpcf7-form-control-wrap\" data-name=\"ville\"><input size=\"40\" maxlength=\"400\" class=\"wpcf7-form-control wpcf7-text\" aria-invalid=\"false\" placeholder=\"Ciudad\" value=\"\" type=\"text\" name=\"ville\" \/><\/span>\n\t\t\t<\/p>\n\t\t<\/div>\n\t<\/div>\n\t<div class=\"vc_column_container vc_col-sm-12\">\n\t\t<div class=\"vc_column-inner\" style=\"padding-top: 10px;\">\n\t\t\t<p><label style=\"font-size:14px;\">Pa\u00eds*<br \/>\n<span class=\"wpcf7-form-control-wrap\" data-name=\"pays\"><select class=\"wpcf7-form-control wpcf7-select wpcf7-validates-as-required\" aria-required=\"true\" aria-invalid=\"false\" name=\"pays\"><option value=\"\">&#8212;Por favor, elige una opci\u00f3n&#8212;<\/option><option value=\"Albania\">Albania<\/option><option value=\"Alemania\">Alemania<\/option><option value=\"Argelia\">Argelia<\/option><option value=\"Andorra\">Andorra<\/option><option value=\"Angola\">Angola<\/option><option value=\"Anguila\">Anguila<\/option><option value=\"Antigua y Barbuda\">Antigua y Barbuda<\/option><option value=\"Antillas Holandesas\">Antillas Holandesas<\/option><option value=\"Arabia Saudita\">Arabia Saudita<\/option><option value=\"Argentina\">Argentina<\/option><option value=\"Armenia\">Armenia<\/option><option value=\"Armenia\">Armenia<\/option><option value=\"Aruba\">Aruba<\/option><option value=\"Australia\">Australia<\/option><option value=\"Austria\">Austria<\/option><option value=\"Azerbaiy\u00e1n\">Azerbaiy\u00e1n<\/option><option value=\"Azerbaiy\u00e1n\">Azerbaiy\u00e1n<\/option><option value=\"Bahamas\">Bahamas<\/option><option value=\"Bahrein\">Bahrein<\/option><option value=\"Bangladesh\">Bangladesh<\/option><option value=\"Barbados\">Barbados<\/option><option value=\"Bielorrusia\">Bielorrusia<\/option><option value=\"Belice\">Belice<\/option><option value=\"Benelux (B\u00e9lgica, Luxemburgo, Netherlands)\">Benelux (B\u00e9lgica, Luxemburgo, Netherlands)<\/option><option value=\"Benin\">Benin<\/option><option value=\"Bermudas\">Bermudas<\/option><option value=\"But\u00e1n\">But\u00e1n<\/option><option value=\"Bolivia\">Bolivia<\/option><option value=\"Bonaire\">Bonaire<\/option><option value=\"Bosnia y Herzegovina\">Bosnia y Herzegovina<\/option><option value=\"Botswana\">Botswana<\/option><option value=\"Brasil\">Brasil<\/option><option value=\"Brunei Darussalam\">Brunei Darussalam<\/option><option value=\"Bulgaria\">Bulgaria<\/option><option value=\"Burkina Faso\">Burkina Faso<\/option><option value=\"Burundi\">Burundi<\/option><option value=\"Camboya\">Camboya<\/option><option value=\"Camer\u00fan\">Camer\u00fan<\/option><option value=\"Canad\u00e1\">Canad\u00e1<\/option><option value=\"Cabo Verde\">Cabo Verde<\/option><option value=\"Chad\">Chad<\/option><option value=\"Chile\">Chile<\/option><option value=\"China\">China<\/option><option value=\"Colombia\">Colombia<\/option><option value=\"Comoras\">Comoras<\/option><option value=\"Congo\">Congo<\/option><option value=\"Corea\">Corea<\/option><option value=\"Costa Rica\">Costa Rica<\/option><option value=\"Cote d&#039;Ivoire\">Cote d&#039;Ivoire<\/option><option value=\"Croacia\">Croacia<\/option><option value=\"Cuba\">Cuba<\/option><option value=\"Curazao\">Curazao<\/option><option value=\"Chipre\">Chipre<\/option><option value=\"Dinamarca\">Dinamarca<\/option><option value=\"Ecuador\">Ecuador<\/option><option value=\"Egipto\">Egipto<\/option><option value=\"El Salvador\">El Salvador<\/option><option value=\"Emiratos \u00c1rabes Unidos\">Emiratos \u00c1rabes Unidos<\/option><option value=\"Eritrea\">Eritrea<\/option><option value=\"Eslovaquia (Rep\u00fablica Eslovaca)\">Eslovaquia (Rep\u00fablica Eslovaca)<\/option><option value=\"Eslovenia\">Eslovenia<\/option><option value=\"Espa\u00f1a\">Espa\u00f1a<\/option><option value=\"Estados Unidos\">Estados Unidos<\/option><option value=\"Estonia\">Estonia<\/option><option value=\"Etiop\u00eda\">Etiop\u00eda<\/option><option value=\"Federaci\u00f3n Rusa\">Federaci\u00f3n Rusa<\/option><option value=\"F Islas aroe\">F Islas aroe<\/option><option value=\"Fiji\">Fiji<\/option><option value=\"Filipinas\">Filipinas<\/option><option value=\"Finlandia\">Finlandia<\/option><option value=\"Francia\">Francia<\/option><option value=\"Guayana Francesa\">Guayana Francesa<\/option><option value=\"Guinea Ecuatorial\">Guinea Ecuatorial<\/option><option value=\"Gab\u00f3n\">Gab\u00f3n<\/option><option value=\"Gambia\">Gambia<\/option><option value=\"Georgia\">Georgia<\/option><option value=\"Ghana\">Ghana<\/option><option value=\"Gibraltar\">Gibraltar<\/option><option value=\"Grecia\">Grecia<\/option><option value=\"Groenlandia\">Groenlandia<\/option><option value=\"Granada\">Granada<\/option><option value=\"Guadalupe\">Guadalupe<\/option><option value=\"Guam\">Guam<\/option><option value=\"Guatemala\">Guatemala<\/option><option value=\"Guernsey\">Guernsey<\/option><option value=\"Guinea\">Guinea<\/option><option value=\"Guinea-Bissau\">Guinea-Bissau<\/option><option value=\"Guyana\">Guyana<\/option><option value=\"Hait\u00ed\">Hait\u00ed<\/option><option value=\"Honduras\">Honduras<\/option><option value=\"Hong Kong\">Hong Kong<\/option><option value=\"Hungr\u00eda\">Hungr\u00eda<\/option><option value=\"Islandia\">Islandia<\/option><option value=\"India\">India<\/option><option value=\"Indonesia\">Indonesia<\/option><option value=\"Ir\u00e1n\">Ir\u00e1n<\/option><option value=\"Iraq\">Iraq<\/option><option value=\"Irlanda\">Irlanda<\/option><option value=\"Islas Caim\u00e1n\">Islas Caim\u00e1n<\/option><option value=\"Isla de Man\">Isla de Man<\/option><option value=\"Islas Salom\u00f3n\">Islas Salom\u00f3n<\/option><option value=\"Islas V\u00edrgenes\">Islas V\u00edrgenes<\/option><option value=\"Israel\">Israel<\/option><option value=\"Italia\">Italia<\/option><option value=\"Jamaica\">Jamaica<\/option><option value=\"Jap\u00f3n\">Jap\u00f3n<\/option><option value=\"Jersey\">Jersey<\/option><option value=\"Jordania\">Jordania<\/option><option value=\"Kazajst\u00e1n\">Kazajst\u00e1n<\/option><option value=\"Kenia\">Kenia<\/option><option value=\"Kiribati\">Kiribati<\/option><option value=\"Kuwait\">Kuwait<\/option><option value=\"Letonia\">Letonia<\/option><option value=\"L\u00edbano\">L\u00edbano<\/option><option value=\"Lesotho\">Lesotho<\/option><option value=\"Liberia\">Liberia<\/option><option value=\"Liechtenstein\">Liechtenstein<\/option><option value=\"Lituania\">Lituania<\/option><option value=\"Macao\">Macao<\/option><option value=\"Macedonia\">Macedonia<\/option><option value=\"Madagascar\">Madagascar<\/option><option value=\"Malawi\">Malawi<\/option><option value=\"Malasia\">Malasia<\/option><option value=\"Maldivas\">Maldivas<\/option><option value=\"Mal\u00ed\">Mal\u00ed<\/option><option value=\"Malta\">Malta<\/option><option value=\"Martinica\">Martinica<\/option><option value=\"Mauritania\">Mauritania<\/option><option value=\"Mauricio\">Mauricio<\/option><option value=\"Mayotte\">Mayotte<\/option><option value=\"M\u00e9xico\">M\u00e9xico<\/option><option value=\"Micronesia\">Micronesia<\/option><option value=\"Moldavia\">Moldavia<\/option><option value=\"M\u00f3naco\">M\u00f3naco<\/option><option value=\"Mongolia\">Mongolia<\/option><option value=\"Montenegro\">Montenegro<\/option><option value=\"Montserrat\">Montserrat<\/option><option value=\"Marruecos\">Marruecos<\/option><option value=\"Mozambique\">Mozambique<\/option><option value=\"Myanmar\">Myanmar<\/option><option value=\"Namibia\">Namibia<\/option><option value=\"Naur u\">Naur u<\/option><option value=\"Nepal\">Nepal<\/option><option value=\"Nueva Caledonia\">Nueva Caledonia<\/option><option value=\"Nueva Zelanda\">Nueva Zelanda<\/option><option value=\"Nicaragua\">Nicaragua<\/option><option value=\"N\u00edger\">N\u00edger<\/option><option value=\"Nigeria\">Nigeria<\/option><option value=\"Niue\">Niue<\/option><option value=\"Noruega\">Noruega<\/option><option value=\"Om\u00e1n\">Om\u00e1n<\/option><option value=\"Pakist\u00e1n\">Pakist\u00e1n<\/option><option value=\"Palau\">Palau<\/option><option value=\"Panam\u00e1\">Panam\u00e1<\/option><option value=\"Pap\u00faa Nueva Guinea\">Pap\u00faa Nueva Guinea<\/option><option value=\"Paraguay\">Paraguay<\/option><option value=\"Per\u00fa\">Per\u00fa<\/option><option value=\"Polinesia Francesa\">Polinesia Francesa<\/option><option value=\"Polonia\">Polonia<\/option><option value=\"Portugal\">Portugal<\/option><option value=\"Puerto Rico\">Puerto Rico<\/option><option value=\"Qatar\">Qatar<\/option><option value=\"Reino Unido\">Reino Unido<\/option><option value=\"Rep\u00fablica Centroafricana\">Rep\u00fablica Centroafricana<\/option><option value=\"Rep\u00fablica Checa\">Rep\u00fablica Checa<\/option><option value=\"Rep\u00fablica Dominicana\">Rep\u00fablica Dominicana<\/option><option value=\"Rep\u00fablica Democr\u00e1tica Popular Lao\">Rep\u00fablica Democr\u00e1tica Popular Lao<\/option><option value=\"Rep\u00fablica Kirguisa\">Rep\u00fablica Kirguisa<\/option><option value=\"Reuni\u00f3n\">Reuni\u00f3n<\/option><option value=\"Rumania\">Rumania<\/option><option value=\"Ruanda\">Ruanda<\/option><option value=\"S\u00e1hara Occidental\">S\u00e1hara Occidental<\/option><option value=\"San Bartolom\u00e9\">San Bartolom\u00e9<\/option><option value=\"Santa Elena\">Santa Elena<\/option><option value=\"San Crist\u00f3bal y Nieves\">San Crist\u00f3bal y Nieves<\/option><option value=\"Santa Luc\u00eda\">Santa Luc\u00eda<\/option><option value=\"San Mart\u00edn\">San Mart\u00edn<\/option><option value=\"San Pedro y Miquel\u00f3n\">San Pedro y Miquel\u00f3n<\/option><option value=\"San Vicente y las Granadinas\">San Vicente y las Granadinas<\/option><option value=\"Samoa\">Samoa<\/option><option value=\"Samoa Americana\">Samoa Americana<\/option><option value=\"San Marino\">San Marino<\/option><option value=\"Sao Tom\u00e9 y Principe\">Sao Tom\u00e9 y Principe<\/option><option value=\"Senegal\">Senegal<\/option><option value=\"Serbia\">Serbia<\/option><option value=\"Seychelles\">Seychelles<\/option><option value=\"Sierra Leona\">Sierra Leona<\/option><option value=\"Singapur\">Singapur<\/option><option value=\"Sint Maarten (Pa\u00edses Bajos)\">Sint Maarten (Pa\u00edses Bajos)<\/option><option value=\"Somalia\">Somalia<\/option><option value=\"Sud\u00e1frica\">Sud\u00e1frica<\/option><option value=\"Sri Lanka\">Sri Lanka<\/option><option value=\"Sud\u00e1n\">Sud\u00e1n<\/option><option value=\"Surinam\">Surinam<\/option><option value=\"Suazilandia\">Suazilandia<\/option><option value=\"Suecia\">Suecia<\/option><option value=\"Suiza\">Suiza<\/option><option value=\"Taiw\u00e1n\">Taiw\u00e1n<\/option><option value=\"Tayikist\u00e1n\">Tayikist\u00e1n<\/option><option value=\"Tanzania\">Tanzania<\/option><option value=\"Tailandia\">Tailandia<\/option><option value=\"Territorios Australes Franceses\">Territorios Australes Franceses<\/option><option value=\"Territorio Palestino\">Territorio Palestino<\/option><option value=\"Timor-Leste\">Timor-Leste<\/option><option value=\"Togo\">Togo<\/option><option value=\"Tokelau\">Tokelau<\/option><option value=\"Tonga\">Tonga<\/option><option value=\"Trinidad y Tobago\">Trinidad y Tobago<\/option><option value=\"T\u00fanez\">T\u00fanez<\/option><option value=\"Turqu\u00eda\">Turqu\u00eda<\/option><option value=\"Turkmenist\u00e1n\">Turkmenist\u00e1n<\/option><option value=\"Tuvalu\">Tuvalu<\/option><option value=\"Uganda\">Uganda<\/option><option value=\"Ucrania\">Ucrania<\/option><option value=\"Uruguay\">Uruguay<\/option><option value=\"Uzbekist\u00e1n\">Uzbekist\u00e1n<\/option><option value=\"Vanuatu\">Vanuatu<\/option><option value=\"Venezuela\">Venezuela<\/option><option value=\"Vietnam\">Vietnam<\/option><option value=\"Wallis y Futuna\">Wallis y Futuna<\/option><option value=\"Yemen\">Yemen<\/option><option value=\"Yibuti\">Yibuti<\/option><option value=\"Zambia\">Zambia<\/option><option value=\"Zimbabue\">Zimbabue<\/option><\/select><\/span><br \/>\n<\/label>\n\t\t\t<\/p>\n\t\t<\/div>\n\t<\/div>\n\t<div class=\"vc_column_container vc_col-sm-12\">\n\t\t<div class=\"vc_column-inner\" style=\"padding-top: 20px;\">\n\t\t\t<p><span class=\"wpcf7-form-control-wrap\" data-name=\"message\"><textarea cols=\"40\" rows=\"10\" maxlength=\"2000\" class=\"wpcf7-form-control wpcf7-textarea\" aria-invalid=\"false\" placeholder=\"Mensaje\" name=\"message\"><\/textarea><\/span>\n\t\t\t<\/p>\n\t\t\t<p style=\"font-size: 14px;\"><span class=\"wpcf7-form-control-wrap\" data-name=\"rgpd\"><span class=\"wpcf7-form-control wpcf7-checkbox wpcf7-validates-as-required\"><span class=\"wpcf7-list-item first last\"><label><input type=\"checkbox\" name=\"rgpd[]\" value=\"Para responder a mi solicitud de informaci\u00f3n, autorizo a Aqualift a almacenar mis datos informados en este formulario.\" \/><span class=\"wpcf7-list-item-label\">Para responder a mi solicitud de informaci\u00f3n, autorizo a Aqualift a almacenar mis datos informados en este formulario.<\/span><\/label><\/span><\/span><\/span>\n\t\t\t<\/p>\n\t\t\t<p style=\"font-size: 14px;\"><span class=\"wpcf7-form-control-wrap\" data-name=\"optin\"><span class=\"wpcf7-form-control wpcf7-checkbox\"><span class=\"wpcf7-list-item first last\"><label><input type=\"checkbox\" name=\"optin[]\" value=\"Deseo recibir las actualidades y ofertas de Aqualift\" \/><span class=\"wpcf7-list-item-label\">Deseo recibir las actualidades y ofertas de Aqualift<\/span><\/label><\/span><\/span><\/span>\n\t\t\t<\/p>\n\t\t\t<p style=\"margin-top: 20px;\"><input class=\"wpcf7-form-control wpcf7-submit has-spinner\" type=\"submit\" value=\"ENVIAR\" \/>\n\t\t\t<\/p>\n\t\t\t<p style=\"font-size:12px;\">Los campos indicados por un asterisco (*) son obligatorios.\n\t\t\t<\/p>\n\t\t<\/div>\n\t<\/div>\n<\/div><div class=\"wpcf7-response-output\" aria-hidden=\"true\"><\/div>\n<\/form>\n<\/div>\n[\/vc_column][\/vc_row]<\/p>\n<\/div>","protected":false},"excerpt":{"rendered":"<p>[vc_row type=\u00bbvc_default\u00bb][vc_column][\/vc_column][\/vc_row]<\/p>\n","protected":false},"author":1,"featured_media":0,"parent":0,"menu_order":8,"comment_status":"closed","ping_status":"closed","template":"","meta":{"footnotes":""},"class_list":["post-3494","page","type-page","status-publish","hentry","description-off"],"yoast_head":"<!-- This site is optimized with the Yoast SEO plugin v27.5 - https:\/\/yoast.com\/product\/yoast-seo-wordpress\/ -->\n<title>AQUALIFT | Piscine \u00e0 fond mobile prix et demande de devis<\/title>\n<meta name=\"description\" content=\"Besoin d&#039;informations ? Demandez un devis pour votre piscine \u00e0 fond mobile prix, taille... R\u00e9ponse en moins de 24 heures avec Aqualift !\" \/>\n<meta name=\"robots\" content=\"index, follow, max-snippet:-1, max-image-preview:large, max-video-preview:-1\" \/>\n<link rel=\"canonical\" href=\"https:\/\/www.fond-mobile-aqualift.com\/es\/contacto\/\" \/>\n<meta property=\"og:locale\" content=\"es_ES\" \/>\n<meta property=\"og:type\" content=\"article\" \/>\n<meta property=\"og:title\" content=\"AQUALIFT | Piscine \u00e0 fond mobile prix et demande de devis\" \/>\n<meta property=\"og:description\" content=\"Besoin d&#039;informations ? Demandez un devis pour votre piscine \u00e0 fond mobile prix, taille... R\u00e9ponse en moins de 24 heures avec Aqualift !\" \/>\n<meta property=\"og:url\" content=\"https:\/\/www.fond-mobile-aqualift.com\/es\/contacto\/\" \/>\n<meta property=\"og:site_name\" content=\"Aqualift Industrie\" \/>\n<meta property=\"article:modified_time\" content=\"2020-12-22T09:16:49+00:00\" \/>\n<meta name=\"twitter:card\" content=\"summary_large_image\" \/>\n<script type=\"application\/ld+json\" class=\"yoast-schema-graph\">{\"@context\":\"https:\\\/\\\/schema.org\",\"@graph\":[{\"@type\":\"WebPage\",\"@id\":\"https:\\\/\\\/www.fond-mobile-aqualift.com\\\/es\\\/contacto\\\/\",\"url\":\"https:\\\/\\\/www.fond-mobile-aqualift.com\\\/es\\\/contacto\\\/\",\"name\":\"AQUALIFT | Piscine \u00e0 fond mobile prix et demande de devis\",\"isPartOf\":{\"@id\":\"https:\\\/\\\/www.fond-mobile-aqualift.com\\\/es\\\/#website\"},\"datePublished\":\"2020-02-24T16:51:22+00:00\",\"dateModified\":\"2020-12-22T09:16:49+00:00\",\"description\":\"Besoin d'informations ? Demandez un devis pour votre piscine \u00e0 fond mobile prix, taille... R\u00e9ponse en moins de 24 heures avec Aqualift !\",\"breadcrumb\":{\"@id\":\"https:\\\/\\\/www.fond-mobile-aqualift.com\\\/es\\\/contacto\\\/#breadcrumb\"},\"inLanguage\":\"es\",\"potentialAction\":[{\"@type\":\"ReadAction\",\"target\":[\"https:\\\/\\\/www.fond-mobile-aqualift.com\\\/es\\\/contacto\\\/\"]}]},{\"@type\":\"BreadcrumbList\",\"@id\":\"https:\\\/\\\/www.fond-mobile-aqualift.com\\\/es\\\/contacto\\\/#breadcrumb\",\"itemListElement\":[{\"@type\":\"ListItem\",\"position\":1,\"name\":\"Accueil\",\"item\":\"https:\\\/\\\/www.fond-mobile-aqualift.com\\\/es\\\/\"},{\"@type\":\"ListItem\",\"position\":2,\"name\":\"Contacto\"}]},{\"@type\":\"WebSite\",\"@id\":\"https:\\\/\\\/www.fond-mobile-aqualift.com\\\/es\\\/#website\",\"url\":\"https:\\\/\\\/www.fond-mobile-aqualift.com\\\/es\\\/\",\"name\":\"Aqualift Industrie\",\"description\":\"L\u00edder mundial de fondos m\u00f3viles para piscinas\",\"potentialAction\":[{\"@type\":\"SearchAction\",\"target\":{\"@type\":\"EntryPoint\",\"urlTemplate\":\"https:\\\/\\\/www.fond-mobile-aqualift.com\\\/es\\\/?s={search_term_string}\"},\"query-input\":{\"@type\":\"PropertyValueSpecification\",\"valueRequired\":true,\"valueName\":\"search_term_string\"}}],\"inLanguage\":\"es\"}]}<\/script>\n<!-- \/ Yoast SEO plugin. -->","yoast_head_json":{"title":"AQUALIFT | Piscine \u00e0 fond mobile prix et demande de devis","description":"Besoin d'informations ? Demandez un devis pour votre piscine \u00e0 fond mobile prix, taille... R\u00e9ponse en moins de 24 heures avec Aqualift !","robots":{"index":"index","follow":"follow","max-snippet":"max-snippet:-1","max-image-preview":"max-image-preview:large","max-video-preview":"max-video-preview:-1"},"canonical":"https:\/\/www.fond-mobile-aqualift.com\/es\/contacto\/","og_locale":"es_ES","og_type":"article","og_title":"AQUALIFT | Piscine \u00e0 fond mobile prix et demande de devis","og_description":"Besoin d'informations ? Demandez un devis pour votre piscine \u00e0 fond mobile prix, taille... R\u00e9ponse en moins de 24 heures avec Aqualift !","og_url":"https:\/\/www.fond-mobile-aqualift.com\/es\/contacto\/","og_site_name":"Aqualift Industrie","article_modified_time":"2020-12-22T09:16:49+00:00","twitter_card":"summary_large_image","schema":{"@context":"https:\/\/schema.org","@graph":[{"@type":"WebPage","@id":"https:\/\/www.fond-mobile-aqualift.com\/es\/contacto\/","url":"https:\/\/www.fond-mobile-aqualift.com\/es\/contacto\/","name":"AQUALIFT | Piscine \u00e0 fond mobile prix et demande de devis","isPartOf":{"@id":"https:\/\/www.fond-mobile-aqualift.com\/es\/#website"},"datePublished":"2020-02-24T16:51:22+00:00","dateModified":"2020-12-22T09:16:49+00:00","description":"Besoin d'informations ? Demandez un devis pour votre piscine \u00e0 fond mobile prix, taille... R\u00e9ponse en moins de 24 heures avec Aqualift !","breadcrumb":{"@id":"https:\/\/www.fond-mobile-aqualift.com\/es\/contacto\/#breadcrumb"},"inLanguage":"es","potentialAction":[{"@type":"ReadAction","target":["https:\/\/www.fond-mobile-aqualift.com\/es\/contacto\/"]}]},{"@type":"BreadcrumbList","@id":"https:\/\/www.fond-mobile-aqualift.com\/es\/contacto\/#breadcrumb","itemListElement":[{"@type":"ListItem","position":1,"name":"Accueil","item":"https:\/\/www.fond-mobile-aqualift.com\/es\/"},{"@type":"ListItem","position":2,"name":"Contacto"}]},{"@type":"WebSite","@id":"https:\/\/www.fond-mobile-aqualift.com\/es\/#website","url":"https:\/\/www.fond-mobile-aqualift.com\/es\/","name":"Aqualift Industrie","description":"L\u00edder mundial de fondos m\u00f3viles para piscinas","potentialAction":[{"@type":"SearchAction","target":{"@type":"EntryPoint","urlTemplate":"https:\/\/www.fond-mobile-aqualift.com\/es\/?s={search_term_string}"},"query-input":{"@type":"PropertyValueSpecification","valueRequired":true,"valueName":"search_term_string"}}],"inLanguage":"es"}]}},"_links":{"self":[{"href":"https:\/\/www.fond-mobile-aqualift.com\/es\/wp-json\/wp\/v2\/pages\/3494","targetHints":{"allow":["GET"]}}],"collection":[{"href":"https:\/\/www.fond-mobile-aqualift.com\/es\/wp-json\/wp\/v2\/pages"}],"about":[{"href":"https:\/\/www.fond-mobile-aqualift.com\/es\/wp-json\/wp\/v2\/types\/page"}],"author":[{"embeddable":true,"href":"https:\/\/www.fond-mobile-aqualift.com\/es\/wp-json\/wp\/v2\/users\/1"}],"replies":[{"embeddable":true,"href":"https:\/\/www.fond-mobile-aqualift.com\/es\/wp-json\/wp\/v2\/comments?post=3494"}],"version-history":[{"count":0,"href":"https:\/\/www.fond-mobile-aqualift.com\/es\/wp-json\/wp\/v2\/pages\/3494\/revisions"}],"wp:attachment":[{"href":"https:\/\/www.fond-mobile-aqualift.com\/es\/wp-json\/wp\/v2\/media?parent=3494"}],"curies":[{"name":"wp","href":"https:\/\/api.w.org\/{rel}","templated":true}]}}