{"id":22273,"date":"2025-06-17T10:05:34","date_gmt":"2025-06-17T08:05:34","guid":{"rendered":"https:\/\/www.fond-mobile-aqualift.com\/servicio-posventa\/demande-sav-et-maintenance\/"},"modified":"2025-06-24T09:26:19","modified_gmt":"2025-06-24T07:26:19","slug":"servicio-postventa-y-solicitud-de-mantenimiento","status":"publish","type":"page","link":"https:\/\/www.fond-mobile-aqualift.com\/es\/servicio-posventa\/servicio-postventa-y-solicitud-de-mantenimiento\/","title":{"rendered":"Servicio postventa y solicitud de mantenimiento"},"content":{"rendered":"<div class=\"wpb-content-wrapper\"><p>[vc_row type=\u00bbvc_default\u00bb css=\u00bb.vc_custom_1604932633538{margin-bottom: 0px !important;}\u00bb][vc_column css=\u00bb.vc_custom_1604312636957{margin-bottom: 0px !important;padding-bottom: 0px !important;}\u00bb]<div id=\"ultimate-heading-89569d60ee8eabcd\" class=\"uvc-heading ult-adjust-bottom-margin ultimate-heading-89569d60ee8eabcd uvc-8725  uvc-heading-default-font-sizes\" data-hspacer=\"no_spacer\"  data-halign=\"left\" style=\"text-align:left\"><div class=\"uvc-heading-spacer no_spacer\" style=\"top\"><\/div><div class=\"uvc-main-heading ult-responsive\"  data-ultimate-target='.uvc-heading.ultimate-heading-89569d60ee8eabcd h2'  data-responsive-json-new='{\"font-size\":\"\",\"line-height\":\"\"}' ><h2 style=\"--font-weight:theme;margin-bottom:20px;\">Este formulario es exclusivamente para los clientes de Aqualift que poseen un fondo m\u00f3vil o una piscina con fondo m\u00f3vil.<\/h2><\/div><\/div>[\/vc_column][\/vc_row][vc_row gap=\u00bb35&#8243; type=\u00bbvc_default\u00bb css=\u00bb.vc_custom_1604932689073{margin-top: 0px !important;}\u00bb][vc_column css=\u00bb.vc_custom_1604932683119{margin-top: 0px !important;}\u00bb]\n<div class=\"wpcf7 no-js\" id=\"wpcf7-f22294-o1\" lang=\"es-ES\" dir=\"ltr\" data-wpcf7-id=\"22294\">\n<div class=\"screen-reader-response\"><p role=\"status\" aria-live=\"polite\" aria-atomic=\"true\"><\/p> <ul><\/ul><\/div>\n<form action=\"\/es\/wp-json\/wp\/v2\/pages\/22273#wpcf7-f22294-o1\" method=\"post\" class=\"wpcf7-form init\" aria-label=\"Formulario de contacto\" enctype=\"multipart\/form-data\" novalidate=\"novalidate\" data-status=\"init\">\n<fieldset class=\"hidden-fields-container\"><input type=\"hidden\" name=\"_wpcf7\" value=\"22294\" \/><input type=\"hidden\" name=\"_wpcf7_version\" value=\"6.1.5\" \/><input type=\"hidden\" name=\"_wpcf7_locale\" value=\"es_ES\" \/><input type=\"hidden\" name=\"_wpcf7_unit_tag\" value=\"wpcf7-f22294-o1\" \/><input type=\"hidden\" name=\"_wpcf7_container_post\" value=\"0\" \/><input type=\"hidden\" name=\"_wpcf7_posted_data_hash\" value=\"\" \/><input type=\"hidden\" name=\"_wpcf7cf_hidden_group_fields\" value=\"[]\" \/><input type=\"hidden\" name=\"_wpcf7cf_hidden_groups\" value=\"[]\" \/><input type=\"hidden\" name=\"_wpcf7cf_visible_groups\" value=\"[]\" \/><input type=\"hidden\" name=\"_wpcf7cf_repeaters\" value=\"[]\" \/><input type=\"hidden\" name=\"_wpcf7cf_steps\" value=\"{}\" \/><input type=\"hidden\" name=\"_wpcf7cf_options\" value=\"{&quot;form_id&quot;:22294,&quot;conditions&quot;:[{&quot;then_field&quot;:&quot;-1&quot;,&quot;and_rules&quot;:[{&quot;if_field&quot;:&quot;-1&quot;,&quot;operator&quot;:&quot;not equals&quot;,&quot;if_value&quot;:&quot;Longueur&quot;},{&quot;if_field&quot;:&quot;-1&quot;,&quot;operator&quot;:&quot;not equals&quot;,&quot;if_value&quot;:&quot;Largeur&quot;},{&quot;if_field&quot;:&quot;-1&quot;,&quot;operator&quot;:&quot;not equals&quot;,&quot;if_value&quot;:&quot;Profondeur&quot;}]},{&quot;then_field&quot;:&quot;-1&quot;,&quot;and_rules&quot;:[{&quot;if_field&quot;:&quot;-1&quot;,&quot;operator&quot;:&quot;not equals&quot;,&quot;if_value&quot;:&quot;Rectangle&quot;}]},{&quot;then_field&quot;:&quot;-1&quot;,&quot;and_rules&quot;:[{&quot;if_field&quot;:&quot;-1&quot;,&quot;operator&quot;:&quot;not equals&quot;,&quot;if_value&quot;:&quot;Profondeur&quot;}]},{&quot;then_field&quot;:&quot;-1&quot;,&quot;and_rules&quot;:[{&quot;if_field&quot;:&quot;-1&quot;,&quot;operator&quot;:&quot;equals&quot;,&quot;if_value&quot;:&quot;Bois&quot;}]},{&quot;then_field&quot;:&quot;-1&quot;,&quot;and_rules&quot;:[{&quot;if_field&quot;:&quot;-1&quot;,&quot;operator&quot;:&quot;equals&quot;,&quot;if_value&quot;:&quot;Composite&quot;}]},{&quot;then_field&quot;:&quot;-1&quot;,&quot;and_rules&quot;:[{&quot;if_field&quot;:&quot;-1&quot;,&quot;operator&quot;:&quot;equals&quot;,&quot;if_value&quot;:&quot;Min\\u00e9ral (carrelage)&quot;}]},{&quot;then_field&quot;:&quot;-1&quot;,&quot;and_rules&quot;:[{&quot;if_field&quot;:&quot;-1&quot;,&quot;operator&quot;:&quot;not equals&quot;,&quot;if_value&quot;:&quot;&quot;}]},{&quot;then_field&quot;:&quot;-1&quot;,&quot;and_rules&quot;:[{&quot;if_field&quot;:&quot;-1&quot;,&quot;operator&quot;:&quot;equals&quot;,&quot;if_value&quot;:&quot;Escaliers escamotables&quot;}]},{&quot;then_field&quot;:&quot;-1&quot;,&quot;and_rules&quot;:[{&quot;if_field&quot;:&quot;-1&quot;,&quot;operator&quot;:&quot;equals&quot;,&quot;if_value&quot;:&quot;\\u00c9chelle int\\u00e9gr\\u00e9e&quot;}]},{&quot;then_field&quot;:&quot;-1&quot;,&quot;and_rules&quot;:[{&quot;if_field&quot;:&quot;-1&quot;,&quot;operator&quot;:&quot;not equals&quot;,&quot;if_value&quot;:&quot;&quot;}]}],&quot;settings&quot;:{&quot;animation&quot;:&quot;yes&quot;,&quot;animation_intime&quot;:200,&quot;animation_outtime&quot;:200,&quot;conditions_ui&quot;:&quot;normal&quot;,&quot;notice_dismissed&quot;:false,&quot;notice_dismissed_rollback-cf7-5.8.7&quot;:true}}\" \/><input type=\"hidden\" name=\"_wpcf7_recaptcha_response\" value=\"\" \/>\n<\/fieldset>\n<input class=\"wpcf7-form-control wpcf7-hidden\" value=\"Demande de SAV ES\" type=\"hidden\" name=\"your-subject\" \/>\n<div class=\"vc_row-has-fill\">\n<!--info perso-->\n\t<div class=\"vc_column_container vc_col-sm-12\">\n\t\t<div class=\"vc_column-inner\" style=\"padding-top: 0px; font-size: 16px;\">\n\t\t\t<p><strong>SUS DATOS<\/strong>\n\t\t\t<\/p>\n\t\t<\/div>\n\t<\/div>\n\t<div class=\"vc_column_container vc_col-sm-6\">\n\t\t<div class=\"vc_column-inner\" style=\"padding-top: 10px;\">\n\t\t\t<p><span class=\"wpcf7-form-control-wrap\" data-name=\"nom\"><input size=\"40\" maxlength=\"400\" class=\"wpcf7-form-control wpcf7-text wpcf7-validates-as-required\" aria-required=\"true\" aria-invalid=\"false\" placeholder=\"Apellido*\" value=\"\" type=\"text\" name=\"nom\" \/><\/span>\n\t\t\t<\/p>\n\t\t<\/div>\n\t<\/div>\n\t<div class=\"vc_column_container vc_col-sm-6\">\n\t\t<div class=\"vc_column-inner\" style=\"padding-top: 10px;\">\n\t\t\t<p><span class=\"wpcf7-form-control-wrap\" data-name=\"prenom\"><input size=\"40\" maxlength=\"400\" class=\"wpcf7-form-control wpcf7-text wpcf7-validates-as-required\" aria-required=\"true\" aria-invalid=\"false\" placeholder=\"Nombre*\" value=\"\" type=\"text\" name=\"prenom\" \/><\/span>\n\t\t\t<\/p>\n\t\t<\/div>\n\t<\/div>\n\t<div class=\"vc_column_container vc_col-sm-6\">\n\t\t<div class=\"vc_column-inner\" style=\"padding-top: 10px;\">\n\t\t\t<p><span class=\"wpcf7-form-control-wrap\" data-name=\"tel\"><input size=\"40\" maxlength=\"400\" class=\"wpcf7-form-control wpcf7-tel wpcf7-validates-as-required wpcf7-text wpcf7-validates-as-tel\" aria-required=\"true\" aria-invalid=\"false\" placeholder=\"N\u00famero de tel\u00e9fono* (con c\u00f3digo de pa\u00eds)\" value=\"\" type=\"tel\" name=\"tel\" \/><\/span>\n\t\t\t<\/p>\n\t\t<\/div>\n\t<\/div>\n\t<div class=\"vc_column_container vc_col-sm-6\">\n\t\t<div class=\"vc_column-inner\" style=\"padding-top: 10px;\">\n\t\t\t<p><span class=\"wpcf7-form-control-wrap\" data-name=\"email\"><input size=\"40\" maxlength=\"400\" class=\"wpcf7-form-control wpcf7-email wpcf7-validates-as-required wpcf7-text wpcf7-validates-as-email\" aria-required=\"true\" aria-invalid=\"false\" placeholder=\"Correo electr\u00f3nico*\" value=\"\" type=\"email\" name=\"email\" \/><\/span>\n\t\t\t<\/p>\n\t\t<\/div>\n\t<\/div>\n\t<div class=\"vc_column_container vc_col-sm-12\">\n\t\t<div class=\"vc_column-inner\" style=\"padding-top: 10px;\">\n\t\t\t<p><span class=\"wpcf7-form-control-wrap\" data-name=\"societe\"><input size=\"40\" maxlength=\"400\" class=\"wpcf7-form-control wpcf7-text\" aria-invalid=\"false\" placeholder=\"Empresa (opcional)\" value=\"\" type=\"text\" name=\"societe\" \/><\/span>\n\t\t\t<\/p>\n\t\t<\/div>\n\t<\/div>\n\n<!--type de mat\u00e9riel-->\n\t<div class=\"vc_column_container vc_col-sm-12\">\n\t\t<div class=\"vc_column-inner\" style=\"padding-top: 0px; font-size: 16px;\">\n\t\t\t<p><strong>TIPO DE EQUIPO INSTALADO*<\/strong>\n\t\t\t<\/p>\n\t\t<\/div>\n\t<\/div>\n\t<div class=\"vc_column_container vc_col-sm-12\">\n\t\t<div class=\"vc_column-inner\" style=\"padding-top: 10px;\">\n\t\t\t<p><span class=\"wpcf7-form-control-wrap\" data-name=\"materiel\"><select class=\"wpcf7-form-control wpcf7-select wpcf7-validates-as-required\" aria-required=\"true\" aria-invalid=\"false\" name=\"materiel\"><option value=\"\">Seleccionar...<\/option><option value=\"Fondos m\u00f3viles\">Fondos m\u00f3viles<\/option><option value=\"Piscinas con fondo m\u00f3vil\">Piscinas con fondo m\u00f3vil<\/option><\/select><\/span>\n\t\t\t<\/p>\n\t\t<\/div>\n\t<\/div>\n\n<!--entreprise-->\n\t<div class=\"vc_column_container vc_col-sm-12\">\n\t\t<div class=\"vc_column-inner\" style=\"padding-top: 0px; font-size: 16px;\">\n\t\t\t<p><strong>\u00bfQUI\u00c9N INSTAL\u00d3 EL FONDO M\u00d3VIL O LA PISCINA ?*<\/strong>\n\t\t\t<\/p>\n\t\t<\/div>\n\t<\/div>\n\t<div class=\"vc_column_container vc_col-sm-12\">\n\t\t<div class=\"vc_column-inner\" style=\"padding-top: 10px;\">\n\t\t\t<p><span class=\"wpcf7-form-control-wrap\" data-name=\"entreprise-instal\"><input size=\"40\" maxlength=\"400\" class=\"wpcf7-form-control wpcf7-text wpcf7-validates-as-required\" aria-required=\"true\" aria-invalid=\"false\" placeholder=\"Indique el nombre de la empresa\" value=\"\" type=\"text\" name=\"entreprise-instal\" \/><\/span>\n\t\t\t<\/p>\n\t\t<\/div>\n\t<\/div>\n\n<!--materiel-->\n\t<div class=\"vc_column_container vc_col-sm-12\">\n\t\t<div class=\"vc_column-inner\" style=\"padding-top: 0px; font-size: 16px;\">\n\t\t\t<p><strong>DATOS DEL EQUIPO<\/strong>\n\t\t\t<\/p>\n\t\t<\/div>\n\t<\/div>\n\t<div class=\"vc_column_container vc_col-sm-12\">\n\t\t<div class=\"vc_column-inner\" style=\"padding-top: 5px;\">\n\t\t\t<p><span class=\"wpcf7-form-control-wrap\" data-name=\"adresse-instal\"><input size=\"40\" maxlength=\"400\" class=\"wpcf7-form-control wpcf7-text wpcf7-validates-as-required\" aria-required=\"true\" aria-invalid=\"false\" placeholder=\"Direcci\u00f3n de instalaci\u00f3n*\" value=\"\" type=\"text\" name=\"adresse-instal\" \/><\/span>\n\t\t\t<\/p>\n\t\t<\/div>\n\t<\/div>\n\t<div class=\"vc_column_container vc_col-sm-6\">\n\t\t<div class=\"vc_column-inner\" style=\"padding-top: 5px;\">\n\t\t\t<p><label>Fecha de instalaci\u00f3n*<\/label><span class=\"wpcf7-form-control-wrap\" data-name=\"date-instal\"><input class=\"wpcf7-form-control wpcf7-date wpcf7-validates-as-required wpcf7-validates-as-date\" max=\"2035-12-31\" aria-required=\"true\" aria-invalid=\"false\" placeholder=\"Fecha de instalaci\u00f3n*\" value=\"\" type=\"date\" name=\"date-instal\" \/><\/span>\n\t\t\t<\/p>\n\t\t<\/div>\n\t<\/div>\n\t<div class=\"vc_column_container vc_col-sm-6\">\n\t\t<div class=\"vc_column-inner\" style=\"padding-top: 5px;\">\n\t\t\t<p><label>Referencia del producto o n\u00famero de pedido*<\/label><span class=\"wpcf7-form-control-wrap\" data-name=\"ref-produit\"><input size=\"40\" maxlength=\"400\" class=\"wpcf7-form-control wpcf7-text wpcf7-validates-as-required\" aria-required=\"true\" aria-invalid=\"false\" value=\"\" type=\"text\" name=\"ref-produit\" \/><\/span>\n\t\t\t<\/p>\n\t\t<\/div>\n\t<\/div>\n\t<div class=\"vc_column_container vc_col-sm-12\">\n\t\t<div class=\"vc_column-inner\" style=\"padding-top: 10px;\">\n\t\t\t<p><span class=\"wpcf7-form-control-wrap\" data-name=\"probleme\"><textarea cols=\"40\" rows=\"10\" maxlength=\"2000\" class=\"wpcf7-form-control wpcf7-textarea wpcf7-validates-as-required\" aria-required=\"true\" aria-invalid=\"false\" placeholder=\"Descripci\u00f3n del problema encontrado*\" name=\"probleme\"><\/textarea><\/span>\n\t\t\t<\/p>\n\t\t<\/div>\n\t<\/div>\n\n<!--photos-->\n\t<div class=\"vc_column-inner vc_col-sm-12\" style=\"margin-top: 10px; margin-bottom: 15px; padding: 20px 20px; background-color: #eaebee;\">\n\t\t<p><label style=\"font-size:16px; padding-bottom: 20px;\">Agregar fotos (opcional) <span style=\"font-size:12px;\">(solo formato jpeg, m\u00e1x. 3MB)<\/span><\/label>\n\t\t<\/p>\n\t\t<p><span class=\"wpcf7-form-control-wrap\" data-name=\"fichier\"><input size=\"40\" class=\"wpcf7-form-control wpcf7-file\" accept=\".jpeg,.jpg\" aria-invalid=\"false\" type=\"file\" name=\"fichier\" \/><\/span>\n\t\t<\/p>\n\t<\/div>\n\n\n<!--disponibilite-->\n\t<div class=\"vc_column_container vc_col-sm-12\">\n\t\t<div class=\"vc_column-inner\" style=\"padding-top: 15px; font-size: 16px;\">\n\t\t\t<p><strong>SU DISPONIBILIDAD PARA LA VISITA DE SERVICIO T\u00c9CNICO*<\/strong> (Por favor, proporcione varias fechas posibles)\n\t\t\t<\/p>\n\t\t<\/div>\n\t<\/div>\n\t<div class=\"vc_column_container vc_col-sm-6\">\n\t\t<div class=\"vc_column-inner\" style=\"padding-top:5px;\">\n\t\t\t<p><span class=\"wpcf7-form-control-wrap\" data-name=\"date-intervention1\"><input class=\"wpcf7-form-control wpcf7-date wpcf7-validates-as-required wpcf7-validates-as-date\" max=\"2035-12-31\" aria-required=\"true\" aria-invalid=\"false\" value=\"\" type=\"date\" name=\"date-intervention1\" \/><\/span>\n\t\t\t<\/p>\n\t\t<\/div>\n\t<\/div>\n\t<div class=\"vc_column_container vc_col-sm-6\">\n\t\t<div class=\"vc_column-inner\" style=\"padding-top:5px;\">\n\t\t\t<p><span class=\"wpcf7-form-control-wrap\" data-name=\"date-intervention2\"><input class=\"wpcf7-form-control wpcf7-date wpcf7-validates-as-required wpcf7-validates-as-date\" max=\"2035-12-31\" aria-required=\"true\" aria-invalid=\"false\" value=\"\" type=\"date\" name=\"date-intervention2\" \/><\/span>\n\t\t\t<\/p>\n\t\t<\/div>\n\t<\/div>\n\n<!--suivi-->\n\t<div class=\"vc_column_container vc_col-sm-12\">\n\t\t<div class=\"vc_column-inner\" style=\"padding-top: 0px; font-size: 16px;\">\n\t\t\t<p><strong>CONTACTO PARA EL SEGUIMIENTO DEL SERVICIO*<\/strong>\n\t\t\t<\/p>\n\t\t<\/div>\n\t<\/div>\n\t<div class=\"vc_column_container vc_col-sm-12\">\n\t\t<div class=\"vc_column-inner\" style=\"padding-top: 5px;\">\n\t\t\t<p><span class=\"wpcf7-form-control-wrap\" data-name=\"contact-suivi\"><input size=\"40\" maxlength=\"400\" class=\"wpcf7-form-control wpcf7-text wpcf7-validates-as-required\" aria-required=\"true\" aria-invalid=\"false\" placeholder=\"Especifique una persona o departamento de contacto.\" value=\"\" type=\"text\" name=\"contact-suivi\" \/><\/span>\n\t\t\t<\/p>\n\t\t<\/div>\n\t<\/div>\n\t<div class=\"vc_column_container vc_col-sm-12\">\n\t\t<div class=\"vc_column-inner\" style=\"padding-top: 15px;\">\n\t\t\t<p style=\"font-size: 14px;\"><span class=\"wpcf7-form-control-wrap\" data-name=\"rgpd\"><span class=\"wpcf7-form-control wpcf7-checkbox wpcf7-validates-as-required\"><span class=\"wpcf7-list-item first last\"><label><input type=\"checkbox\" name=\"rgpd[]\" value=\"Autorizo a Aqualift a almacenar los datos que he proporcionado en este formulario con el fin de responder a mi solicitud.\" \/><span class=\"wpcf7-list-item-label\">Autorizo a Aqualift a almacenar los datos que he proporcionado en este formulario con el fin de responder a mi solicitud.<\/span><\/label><\/span><\/span><\/span>\n\t\t\t<\/p>\n\t\t\t<p style=\"font-size: 14px;\"><span class=\"wpcf7-form-control-wrap\" data-name=\"optin\"><span class=\"wpcf7-form-control wpcf7-checkbox\"><span class=\"wpcf7-list-item first last\"><label><input type=\"checkbox\" name=\"optin[]\" value=\"Deseo recibir noticias y ofertas de Aqualift.\" \/><span class=\"wpcf7-list-item-label\">Deseo recibir noticias y ofertas de Aqualift.<\/span><\/label><\/span><\/span><\/span>\n\t\t\t<\/p>\n\t\t\t<p style=\"margin-top: 20px;\"><input class=\"wpcf7-form-control wpcf7-submit has-spinner\" type=\"submit\" value=\"ENVIAR\" \/>\n\t\t\t<\/p>\n\t\t\t<p style=\"font-size:12px;\">Los campos marcados con un asterisco (*) son obligatorios.\n\t\t\t<\/p>\n\t\t<\/div>\n\t<\/div>\n<\/div><div class=\"wpcf7-response-output\" aria-hidden=\"true\"><\/div>\n<\/form>\n<\/div>\n[\/vc_column][\/vc_row]<\/p>\n<\/div>","protected":false},"excerpt":{"rendered":"<p>[vc_row type=\u00bbvc_default\u00bb css=\u00bb.vc_custom_1604932633538{margin-bottom: 0px !important;}\u00bb][vc_column css=\u00bb.vc_custom_1604312636957{margin-bottom: 0px !important;padding-bottom: 0px !important;}\u00bb][\/vc_column][\/vc_row][vc_row gap=\u00bb35&#8243; type=\u00bbvc_default\u00bb css=\u00bb.vc_custom_1604932689073{margin-top: 0px !important;}\u00bb][vc_column css=\u00bb.vc_custom_1604932683119{margin-top: 0px !important;}\u00bb][\/vc_column][\/vc_row]<\/p>\n","protected":false},"author":1,"featured_media":0,"parent":3582,"menu_order":0,"comment_status":"closed","ping_status":"closed","template":"","meta":{"footnotes":""},"class_list":["post-22273","page","type-page","status-publish","hentry","description-off"],"yoast_head":"<!-- This site is optimized with the Yoast SEO plugin v27.3 - https:\/\/yoast.com\/product\/yoast-seo-wordpress\/ -->\n<title>Servicio postventa y solicitud de mantenimiento - Aqualift Industrie<\/title>\n<meta name=\"robots\" content=\"noindex, nofollow\" \/>\n<meta property=\"og:locale\" content=\"es_ES\" \/>\n<meta property=\"og:type\" content=\"article\" \/>\n<meta property=\"og:title\" content=\"Servicio postventa y solicitud de mantenimiento - Aqualift Industrie\" \/>\n<meta property=\"og:description\" content=\"[vc_row type=\u00bbvc_default\u00bb css=\u00bb.vc_custom_1604932633538{margin-bottom: 0px !important;}\u00bb][vc_column css=\u00bb.vc_custom_1604312636957{margin-bottom: 0px !important;padding-bottom: 0px !important;}\u00bb][\/vc_column][\/vc_row][vc_row gap=\u00bb35&#8243; type=\u00bbvc_default\u00bb css=\u00bb.vc_custom_1604932689073{margin-top: 0px !important;}\u00bb][vc_column css=\u00bb.vc_custom_1604932683119{margin-top: 0px !important;}\u00bb][\/vc_column][\/vc_row]\" \/>\n<meta property=\"og:url\" content=\"https:\/\/www.fond-mobile-aqualift.com\/es\/servicio-posventa\/servicio-postventa-y-solicitud-de-mantenimiento\/\" \/>\n<meta property=\"og:site_name\" content=\"Aqualift Industrie\" \/>\n<meta property=\"article:modified_time\" content=\"2025-06-24T07:26:19+00:00\" \/>\n<meta name=\"twitter:card\" content=\"summary_large_image\" \/>\n<meta name=\"twitter:label1\" content=\"Tiempo de lectura\" \/>\n\t<meta name=\"twitter:data1\" content=\"1 minuto\" \/>\n<script type=\"application\/ld+json\" class=\"yoast-schema-graph\">{\"@context\":\"https:\\\/\\\/schema.org\",\"@graph\":[{\"@type\":\"WebPage\",\"@id\":\"https:\\\/\\\/www.fond-mobile-aqualift.com\\\/es\\\/servicio-posventa\\\/servicio-postventa-y-solicitud-de-mantenimiento\\\/\",\"url\":\"https:\\\/\\\/www.fond-mobile-aqualift.com\\\/es\\\/servicio-posventa\\\/servicio-postventa-y-solicitud-de-mantenimiento\\\/\",\"name\":\"Servicio postventa y solicitud de mantenimiento - Aqualift Industrie\",\"isPartOf\":{\"@id\":\"https:\\\/\\\/www.fond-mobile-aqualift.com\\\/es\\\/#website\"},\"datePublished\":\"2025-06-17T08:05:34+00:00\",\"dateModified\":\"2025-06-24T07:26:19+00:00\",\"breadcrumb\":{\"@id\":\"https:\\\/\\\/www.fond-mobile-aqualift.com\\\/es\\\/servicio-posventa\\\/servicio-postventa-y-solicitud-de-mantenimiento\\\/#breadcrumb\"},\"inLanguage\":\"es\",\"potentialAction\":[{\"@type\":\"ReadAction\",\"target\":[\"https:\\\/\\\/www.fond-mobile-aqualift.com\\\/es\\\/servicio-posventa\\\/servicio-postventa-y-solicitud-de-mantenimiento\\\/\"]}]},{\"@type\":\"BreadcrumbList\",\"@id\":\"https:\\\/\\\/www.fond-mobile-aqualift.com\\\/es\\\/servicio-posventa\\\/servicio-postventa-y-solicitud-de-mantenimiento\\\/#breadcrumb\",\"itemListElement\":[{\"@type\":\"ListItem\",\"position\":1,\"name\":\"Accueil\",\"item\":\"https:\\\/\\\/www.fond-mobile-aqualift.com\\\/es\\\/\"},{\"@type\":\"ListItem\",\"position\":2,\"name\":\"Servicio posventa\",\"item\":\"https:\\\/\\\/www.fond-mobile-aqualift.com\\\/es\\\/servicio-posventa\\\/\"},{\"@type\":\"ListItem\",\"position\":3,\"name\":\"Servicio postventa y solicitud de mantenimiento\"}]},{\"@type\":\"WebSite\",\"@id\":\"https:\\\/\\\/www.fond-mobile-aqualift.com\\\/es\\\/#website\",\"url\":\"https:\\\/\\\/www.fond-mobile-aqualift.com\\\/es\\\/\",\"name\":\"Aqualift Industrie\",\"description\":\"L\u00edder mundial de fondos m\u00f3viles para piscinas\",\"potentialAction\":[{\"@type\":\"SearchAction\",\"target\":{\"@type\":\"EntryPoint\",\"urlTemplate\":\"https:\\\/\\\/www.fond-mobile-aqualift.com\\\/es\\\/?s={search_term_string}\"},\"query-input\":{\"@type\":\"PropertyValueSpecification\",\"valueRequired\":true,\"valueName\":\"search_term_string\"}}],\"inLanguage\":\"es\"}]}<\/script>\n<!-- \/ Yoast SEO plugin. -->","yoast_head_json":{"title":"Servicio postventa y solicitud de mantenimiento - Aqualift Industrie","robots":{"index":"noindex","follow":"nofollow"},"og_locale":"es_ES","og_type":"article","og_title":"Servicio postventa y solicitud de mantenimiento - Aqualift Industrie","og_description":"[vc_row type=\u00bbvc_default\u00bb css=\u00bb.vc_custom_1604932633538{margin-bottom: 0px !important;}\u00bb][vc_column css=\u00bb.vc_custom_1604312636957{margin-bottom: 0px !important;padding-bottom: 0px !important;}\u00bb][\/vc_column][\/vc_row][vc_row gap=\u00bb35&#8243; type=\u00bbvc_default\u00bb css=\u00bb.vc_custom_1604932689073{margin-top: 0px !important;}\u00bb][vc_column css=\u00bb.vc_custom_1604932683119{margin-top: 0px !important;}\u00bb][\/vc_column][\/vc_row]","og_url":"https:\/\/www.fond-mobile-aqualift.com\/es\/servicio-posventa\/servicio-postventa-y-solicitud-de-mantenimiento\/","og_site_name":"Aqualift Industrie","article_modified_time":"2025-06-24T07:26:19+00:00","twitter_card":"summary_large_image","twitter_misc":{"Tiempo de lectura":"1 minuto"},"schema":{"@context":"https:\/\/schema.org","@graph":[{"@type":"WebPage","@id":"https:\/\/www.fond-mobile-aqualift.com\/es\/servicio-posventa\/servicio-postventa-y-solicitud-de-mantenimiento\/","url":"https:\/\/www.fond-mobile-aqualift.com\/es\/servicio-posventa\/servicio-postventa-y-solicitud-de-mantenimiento\/","name":"Servicio postventa y solicitud de mantenimiento - Aqualift Industrie","isPartOf":{"@id":"https:\/\/www.fond-mobile-aqualift.com\/es\/#website"},"datePublished":"2025-06-17T08:05:34+00:00","dateModified":"2025-06-24T07:26:19+00:00","breadcrumb":{"@id":"https:\/\/www.fond-mobile-aqualift.com\/es\/servicio-posventa\/servicio-postventa-y-solicitud-de-mantenimiento\/#breadcrumb"},"inLanguage":"es","potentialAction":[{"@type":"ReadAction","target":["https:\/\/www.fond-mobile-aqualift.com\/es\/servicio-posventa\/servicio-postventa-y-solicitud-de-mantenimiento\/"]}]},{"@type":"BreadcrumbList","@id":"https:\/\/www.fond-mobile-aqualift.com\/es\/servicio-posventa\/servicio-postventa-y-solicitud-de-mantenimiento\/#breadcrumb","itemListElement":[{"@type":"ListItem","position":1,"name":"Accueil","item":"https:\/\/www.fond-mobile-aqualift.com\/es\/"},{"@type":"ListItem","position":2,"name":"Servicio posventa","item":"https:\/\/www.fond-mobile-aqualift.com\/es\/servicio-posventa\/"},{"@type":"ListItem","position":3,"name":"Servicio postventa y solicitud de mantenimiento"}]},{"@type":"WebSite","@id":"https:\/\/www.fond-mobile-aqualift.com\/es\/#website","url":"https:\/\/www.fond-mobile-aqualift.com\/es\/","name":"Aqualift Industrie","description":"L\u00edder mundial de fondos m\u00f3viles para piscinas","potentialAction":[{"@type":"SearchAction","target":{"@type":"EntryPoint","urlTemplate":"https:\/\/www.fond-mobile-aqualift.com\/es\/?s={search_term_string}"},"query-input":{"@type":"PropertyValueSpecification","valueRequired":true,"valueName":"search_term_string"}}],"inLanguage":"es"}]}},"_links":{"self":[{"href":"https:\/\/www.fond-mobile-aqualift.com\/es\/wp-json\/wp\/v2\/pages\/22273","targetHints":{"allow":["GET"]}}],"collection":[{"href":"https:\/\/www.fond-mobile-aqualift.com\/es\/wp-json\/wp\/v2\/pages"}],"about":[{"href":"https:\/\/www.fond-mobile-aqualift.com\/es\/wp-json\/wp\/v2\/types\/page"}],"author":[{"embeddable":true,"href":"https:\/\/www.fond-mobile-aqualift.com\/es\/wp-json\/wp\/v2\/users\/1"}],"replies":[{"embeddable":true,"href":"https:\/\/www.fond-mobile-aqualift.com\/es\/wp-json\/wp\/v2\/comments?post=22273"}],"version-history":[{"count":3,"href":"https:\/\/www.fond-mobile-aqualift.com\/es\/wp-json\/wp\/v2\/pages\/22273\/revisions"}],"predecessor-version":[{"id":22295,"href":"https:\/\/www.fond-mobile-aqualift.com\/es\/wp-json\/wp\/v2\/pages\/22273\/revisions\/22295"}],"up":[{"embeddable":true,"href":"https:\/\/www.fond-mobile-aqualift.com\/es\/wp-json\/wp\/v2\/pages\/3582"}],"wp:attachment":[{"href":"https:\/\/www.fond-mobile-aqualift.com\/es\/wp-json\/wp\/v2\/media?parent=22273"}],"curies":[{"name":"wp","href":"https:\/\/api.w.org\/{rel}","templated":true}]}}